{"id":1935,"date":"2025-05-04T10:32:34","date_gmt":"2025-05-04T10:32:34","guid":{"rendered":"https:\/\/ic-invest.sk\/gewalztes-metall\/warum-wir-unsere-erfahrung-bei-der-lieferung-von-metallprodukten\/"},"modified":"2025-05-04T12:19:28","modified_gmt":"2025-05-04T12:19:28","slug":"warum-wir-unsere-erfahrung-bei-der-lieferung-von-metallprodukten","status":"publish","type":"page","link":"https:\/\/ic-invest.sk\/de\/gewalztes-metall\/warum-wir-unsere-erfahrung-bei-der-lieferung-von-metallprodukten\/","title":{"rendered":"Warum wir? Unsere Erfahrung bei der Lieferung von Metallprodukten"},"content":{"rendered":"\n<figure class=\"wp-block-image size-full\"><img decoding=\"async\" width=\"930\" height=\"521\" data-src=\"https:\/\/ic-invest.sk\/wp-content\/uploads\/2025\/05\/worker-blue-construction-helmet.jpg\" alt=\"\" class=\"wp-image-1886 lazyload\" data-srcset=\"https:\/\/ic-invest.sk\/wp-content\/uploads\/2025\/05\/worker-blue-construction-helmet.jpg 930w, https:\/\/ic-invest.sk\/wp-content\/uploads\/2025\/05\/worker-blue-construction-helmet-450x252.jpg 450w, https:\/\/ic-invest.sk\/wp-content\/uploads\/2025\/05\/worker-blue-construction-helmet-637x357.jpg 637w, https:\/\/ic-invest.sk\/wp-content\/uploads\/2025\/05\/worker-blue-construction-helmet-768x430.jpg 768w\" data-sizes=\"(max-width: 930px) 100vw, 930px\" src=\"data:image\/gif;base64,R0lGODlhAQABAAAAACH5BAEKAAEALAAAAAABAAEAAAICTAEAOw==\" style=\"--smush-placeholder-width: 930px; --smush-placeholder-aspect-ratio: 930\/521;\" \/><\/figure>\n\n<h3 class=\"wp-block-heading has-text-align-center\">Zuverl\u00e4ssiger Lieferant<\/h3>\n\n<p>I.C. Invest ist seit mehreren Jahren erfolgreich auf dem europ\u00e4ischen Markt t\u00e4tig und beliefert Unternehmen mit hochwertigen Metallprodukten f\u00fcr verschiedene Branchen, vom Maschinenbau \u00fcber das Bauwesen bis hin zur Energiewirtschaft. Wir wissen, wie wichtig Fristen, Qualit\u00e4t und Zuverl\u00e4ssigkeit im Gesch\u00e4ftsleben sind. Deshalb basieren wir unsere Arbeit auf den Grunds\u00e4tzen von Transparenz, Verantwortung und einem individuellen Ansatz.<\/p>\n\n<h6 class=\"wp-block-heading\">Was bieten wir an?<\/h6>\n\n<p>Wir arbeiten ausschlie\u00dflich mit vertrauensw\u00fcrdigen Herstellern zusammen und bieten eine breite Palette von Dienstleistungen an &#8211; von der Auswahl der besten Materialien bis zur Organisation von Lieferungen in ganz Europa und dar\u00fcber hinaus. So k\u00f6nnen unsere Kunden Zeit sparen, Risiken minimieren und sich auf ihre Gesch\u00e4ftsziele konzentrieren.<\/p>\n\n<h6 class=\"wp-block-heading\">Individueller Ansatz<\/h6>\n\n<p>Jedes Projekt ist einzigartig, und wir ber\u00fccksichtigen das. Unser Team analysiert die Anfrage, w\u00e4hlt L\u00f6sungen aus, die den technischen Anforderungen entsprechen, und unterst\u00fctzt den Kunden in allen Phasen &#8211; vom ersten Kontakt bis zur Auslieferung des fertigen Produkts.<\/p>\n\n<h6 class=\"wp-block-heading\">Warum Sie uns w\u00e4hlen sollten:<\/h6>\n\n<ul class=\"wp-block-list\">\n<li>Zuverl\u00e4ssige Produktionspartner<\/li>\n\n\n\n<li>Flexibilit\u00e4t bei L\u00f6sungen f\u00fcr spezifische Aufgaben<\/li>\n\n\n\n<li>Effizienz und Qualit\u00e4tskontrolle<\/li>\n\n\n\n<li>Internationale Logistik-Erfahrung<\/li>\n<\/ul>\n\n<p>Wenn Sie einen stabilen Partner f\u00fcr die Lieferung von Metallprodukten suchen, wird I.C. Invest Ihr zuverl\u00e4ssiges Glied in der Produktionskette sein.<\/p>\n\n<figure class=\"wp-block-image size-full\"><img decoding=\"async\" width=\"930\" height=\"240\" data-src=\"https:\/\/ic-invest.sk\/wp-content\/uploads\/2025\/05\/building-armature-are-located-warehouse-metallurgical-products.jpg\" alt=\"\" class=\"wp-image-1891 lazyload\" data-srcset=\"https:\/\/ic-invest.sk\/wp-content\/uploads\/2025\/05\/building-armature-are-located-warehouse-metallurgical-products.jpg 930w, https:\/\/ic-invest.sk\/wp-content\/uploads\/2025\/05\/building-armature-are-located-warehouse-metallurgical-products-450x116.jpg 450w, https:\/\/ic-invest.sk\/wp-content\/uploads\/2025\/05\/building-armature-are-located-warehouse-metallurgical-products-690x178.jpg 690w, https:\/\/ic-invest.sk\/wp-content\/uploads\/2025\/05\/building-armature-are-located-warehouse-metallurgical-products-768x198.jpg 768w\" data-sizes=\"(max-width: 930px) 100vw, 930px\" src=\"data:image\/gif;base64,R0lGODlhAQABAAAAACH5BAEKAAEALAAAAAABAAEAAAICTAEAOw==\" style=\"--smush-placeholder-width: 930px; --smush-placeholder-aspect-ratio: 930\/240;\" \/><\/figure>\n","protected":false},"excerpt":{"rendered":"<p>Zuverl\u00e4ssiger Lieferant I.C. Invest ist seit mehreren Jahren erfolgreich auf dem europ\u00e4ischen Markt t\u00e4tig und beliefert Unternehmen mit hochwertigen Metallprodukten f\u00fcr verschiedene Branchen, vom Maschinenbau \u00fcber das Bauwesen bis hin zur Energiewirtschaft. Wir wissen, wie wichtig Fristen, Qualit\u00e4t und Zuverl\u00e4ssigkeit im Gesch\u00e4ftsleben sind. Deshalb basieren wir unsere Arbeit auf den Grunds\u00e4tzen von Transparenz, Verantwortung und &hellip;<\/p>\n","protected":false},"author":1,"featured_media":0,"parent":1919,"menu_order":0,"comment_status":"closed","ping_status":"closed","template":"page-activities.php","meta":{"_acf_changed":false,"footnotes":""},"class_list":["post-1935","page","type-page","status-publish","hentry"],"acf":[],"yoast_head":"<!-- This site is optimized with the Yoast SEO plugin v25.0 - https:\/\/yoast.com\/wordpress\/plugins\/seo\/ -->\n<title>Warum wir? Unsere Erfahrung bei der Lieferung von Metallprodukten &#8211; I.C. Invest<\/title>\n<meta name=\"robots\" content=\"index, follow, max-snippet:-1, max-image-preview:large, max-video-preview:-1\" \/>\n<link rel=\"canonical\" href=\"https:\/\/ic-invest.sk\/de\/gewalztes-metall\/warum-wir-unsere-erfahrung-bei-der-lieferung-von-metallprodukten\/\" \/>\n<meta property=\"og:locale\" content=\"de_DE\" \/>\n<meta property=\"og:type\" content=\"article\" \/>\n<meta property=\"og:title\" content=\"Warum wir? Unsere Erfahrung bei der Lieferung von Metallprodukten &#8211; I.C. Invest\" \/>\n<meta property=\"og:description\" content=\"Zuverl\u00e4ssiger Lieferant I.C. Invest ist seit mehreren Jahren erfolgreich auf dem europ\u00e4ischen Markt t\u00e4tig und beliefert Unternehmen mit hochwertigen Metallprodukten f\u00fcr verschiedene Branchen, vom Maschinenbau \u00fcber das Bauwesen bis hin zur Energiewirtschaft. Wir wissen, wie wichtig Fristen, Qualit\u00e4t und Zuverl\u00e4ssigkeit im Gesch\u00e4ftsleben sind. Deshalb basieren wir unsere Arbeit auf den Grunds\u00e4tzen von Transparenz, Verantwortung und &hellip;\" \/>\n<meta property=\"og:url\" content=\"https:\/\/ic-invest.sk\/de\/gewalztes-metall\/warum-wir-unsere-erfahrung-bei-der-lieferung-von-metallprodukten\/\" \/>\n<meta property=\"og:site_name\" content=\"I.C. Invest\" \/>\n<meta property=\"article:modified_time\" content=\"2025-05-04T12:19:28+00:00\" \/>\n<meta property=\"og:image\" content=\"https:\/\/ic-invest.sk\/wp-content\/uploads\/2025\/05\/worker-blue-construction-helmet.jpg\" \/>\n\t<meta property=\"og:image:width\" content=\"930\" \/>\n\t<meta property=\"og:image:height\" content=\"521\" \/>\n\t<meta property=\"og:image:type\" content=\"image\/jpeg\" \/>\n<meta name=\"twitter:card\" content=\"summary_large_image\" \/>\n<meta name=\"twitter:label1\" content=\"Gesch\u00e4tzte Lesezeit\" \/>\n\t<meta name=\"twitter:data1\" content=\"1\u00a0Minute\" \/>\n<script type=\"application\/ld+json\" class=\"yoast-schema-graph\">{\"@context\":\"https:\/\/schema.org\",\"@graph\":[{\"@type\":\"WebPage\",\"@id\":\"https:\/\/ic-invest.sk\/de\/gewalztes-metall\/warum-wir-unsere-erfahrung-bei-der-lieferung-von-metallprodukten\/\",\"url\":\"https:\/\/ic-invest.sk\/de\/gewalztes-metall\/warum-wir-unsere-erfahrung-bei-der-lieferung-von-metallprodukten\/\",\"name\":\"Warum wir? Unsere Erfahrung bei der Lieferung von Metallprodukten &#8211; I.C. Invest\",\"isPartOf\":{\"@id\":\"https:\/\/ic-invest.sk\/de\/#website\"},\"primaryImageOfPage\":{\"@id\":\"https:\/\/ic-invest.sk\/de\/gewalztes-metall\/warum-wir-unsere-erfahrung-bei-der-lieferung-von-metallprodukten\/#primaryimage\"},\"image\":{\"@id\":\"https:\/\/ic-invest.sk\/de\/gewalztes-metall\/warum-wir-unsere-erfahrung-bei-der-lieferung-von-metallprodukten\/#primaryimage\"},\"thumbnailUrl\":\"https:\/\/ic-invest.sk\/wp-content\/uploads\/2025\/05\/worker-blue-construction-helmet.jpg\",\"datePublished\":\"2025-05-04T10:32:34+00:00\",\"dateModified\":\"2025-05-04T12:19:28+00:00\",\"breadcrumb\":{\"@id\":\"https:\/\/ic-invest.sk\/de\/gewalztes-metall\/warum-wir-unsere-erfahrung-bei-der-lieferung-von-metallprodukten\/#breadcrumb\"},\"inLanguage\":\"de\",\"potentialAction\":[{\"@type\":\"ReadAction\",\"target\":[\"https:\/\/ic-invest.sk\/de\/gewalztes-metall\/warum-wir-unsere-erfahrung-bei-der-lieferung-von-metallprodukten\/\"]}]},{\"@type\":\"ImageObject\",\"inLanguage\":\"de\",\"@id\":\"https:\/\/ic-invest.sk\/de\/gewalztes-metall\/warum-wir-unsere-erfahrung-bei-der-lieferung-von-metallprodukten\/#primaryimage\",\"url\":\"https:\/\/ic-invest.sk\/wp-content\/uploads\/2025\/05\/worker-blue-construction-helmet.jpg\",\"contentUrl\":\"https:\/\/ic-invest.sk\/wp-content\/uploads\/2025\/05\/worker-blue-construction-helmet.jpg\"},{\"@type\":\"BreadcrumbList\",\"@id\":\"https:\/\/ic-invest.sk\/de\/gewalztes-metall\/warum-wir-unsere-erfahrung-bei-der-lieferung-von-metallprodukten\/#breadcrumb\",\"itemListElement\":[{\"@type\":\"ListItem\",\"position\":1,\"name\":\"Startseite\",\"item\":\"https:\/\/ic-invest.sk\/de\/\"},{\"@type\":\"ListItem\",\"position\":2,\"name\":\"Gewalztes Metall\",\"item\":\"https:\/\/ic-invest.sk\/de\/gewalztes-metall\/\"},{\"@type\":\"ListItem\",\"position\":3,\"name\":\"Warum wir? Unsere Erfahrung bei der Lieferung von Metallprodukten\"}]},{\"@type\":\"WebSite\",\"@id\":\"https:\/\/ic-invest.sk\/de\/#website\",\"url\":\"https:\/\/ic-invest.sk\/de\/\",\"name\":\"I.C. Invest\",\"description\":\"Gemeinsam ein Erfolgsrezept entwickeln\",\"potentialAction\":[{\"@type\":\"SearchAction\",\"target\":{\"@type\":\"EntryPoint\",\"urlTemplate\":\"https:\/\/ic-invest.sk\/de\/?s={search_term_string}\"},\"query-input\":{\"@type\":\"PropertyValueSpecification\",\"valueRequired\":true,\"valueName\":\"search_term_string\"}}],\"inLanguage\":\"de\"}]}<\/script>\n<!-- \/ Yoast SEO plugin. -->","yoast_head_json":{"title":"Warum wir? Unsere Erfahrung bei der Lieferung von Metallprodukten &#8211; I.C. Invest","robots":{"index":"index","follow":"follow","max-snippet":"max-snippet:-1","max-image-preview":"max-image-preview:large","max-video-preview":"max-video-preview:-1"},"canonical":"https:\/\/ic-invest.sk\/de\/gewalztes-metall\/warum-wir-unsere-erfahrung-bei-der-lieferung-von-metallprodukten\/","og_locale":"de_DE","og_type":"article","og_title":"Warum wir? Unsere Erfahrung bei der Lieferung von Metallprodukten &#8211; I.C. Invest","og_description":"Zuverl\u00e4ssiger Lieferant I.C. Invest ist seit mehreren Jahren erfolgreich auf dem europ\u00e4ischen Markt t\u00e4tig und beliefert Unternehmen mit hochwertigen Metallprodukten f\u00fcr verschiedene Branchen, vom Maschinenbau \u00fcber das Bauwesen bis hin zur Energiewirtschaft. Wir wissen, wie wichtig Fristen, Qualit\u00e4t und Zuverl\u00e4ssigkeit im Gesch\u00e4ftsleben sind. Deshalb basieren wir unsere Arbeit auf den Grunds\u00e4tzen von Transparenz, Verantwortung und &hellip;","og_url":"https:\/\/ic-invest.sk\/de\/gewalztes-metall\/warum-wir-unsere-erfahrung-bei-der-lieferung-von-metallprodukten\/","og_site_name":"I.C. Invest","article_modified_time":"2025-05-04T12:19:28+00:00","og_image":[{"width":930,"height":521,"url":"https:\/\/ic-invest.sk\/wp-content\/uploads\/2025\/05\/worker-blue-construction-helmet.jpg","type":"image\/jpeg"}],"twitter_card":"summary_large_image","twitter_misc":{"Gesch\u00e4tzte Lesezeit":"1\u00a0Minute"},"schema":{"@context":"https:\/\/schema.org","@graph":[{"@type":"WebPage","@id":"https:\/\/ic-invest.sk\/de\/gewalztes-metall\/warum-wir-unsere-erfahrung-bei-der-lieferung-von-metallprodukten\/","url":"https:\/\/ic-invest.sk\/de\/gewalztes-metall\/warum-wir-unsere-erfahrung-bei-der-lieferung-von-metallprodukten\/","name":"Warum wir? Unsere Erfahrung bei der Lieferung von Metallprodukten &#8211; I.C. Invest","isPartOf":{"@id":"https:\/\/ic-invest.sk\/de\/#website"},"primaryImageOfPage":{"@id":"https:\/\/ic-invest.sk\/de\/gewalztes-metall\/warum-wir-unsere-erfahrung-bei-der-lieferung-von-metallprodukten\/#primaryimage"},"image":{"@id":"https:\/\/ic-invest.sk\/de\/gewalztes-metall\/warum-wir-unsere-erfahrung-bei-der-lieferung-von-metallprodukten\/#primaryimage"},"thumbnailUrl":"https:\/\/ic-invest.sk\/wp-content\/uploads\/2025\/05\/worker-blue-construction-helmet.jpg","datePublished":"2025-05-04T10:32:34+00:00","dateModified":"2025-05-04T12:19:28+00:00","breadcrumb":{"@id":"https:\/\/ic-invest.sk\/de\/gewalztes-metall\/warum-wir-unsere-erfahrung-bei-der-lieferung-von-metallprodukten\/#breadcrumb"},"inLanguage":"de","potentialAction":[{"@type":"ReadAction","target":["https:\/\/ic-invest.sk\/de\/gewalztes-metall\/warum-wir-unsere-erfahrung-bei-der-lieferung-von-metallprodukten\/"]}]},{"@type":"ImageObject","inLanguage":"de","@id":"https:\/\/ic-invest.sk\/de\/gewalztes-metall\/warum-wir-unsere-erfahrung-bei-der-lieferung-von-metallprodukten\/#primaryimage","url":"https:\/\/ic-invest.sk\/wp-content\/uploads\/2025\/05\/worker-blue-construction-helmet.jpg","contentUrl":"https:\/\/ic-invest.sk\/wp-content\/uploads\/2025\/05\/worker-blue-construction-helmet.jpg"},{"@type":"BreadcrumbList","@id":"https:\/\/ic-invest.sk\/de\/gewalztes-metall\/warum-wir-unsere-erfahrung-bei-der-lieferung-von-metallprodukten\/#breadcrumb","itemListElement":[{"@type":"ListItem","position":1,"name":"Startseite","item":"https:\/\/ic-invest.sk\/de\/"},{"@type":"ListItem","position":2,"name":"Gewalztes Metall","item":"https:\/\/ic-invest.sk\/de\/gewalztes-metall\/"},{"@type":"ListItem","position":3,"name":"Warum wir? Unsere Erfahrung bei der Lieferung von Metallprodukten"}]},{"@type":"WebSite","@id":"https:\/\/ic-invest.sk\/de\/#website","url":"https:\/\/ic-invest.sk\/de\/","name":"I.C. Invest","description":"Gemeinsam ein Erfolgsrezept entwickeln","potentialAction":[{"@type":"SearchAction","target":{"@type":"EntryPoint","urlTemplate":"https:\/\/ic-invest.sk\/de\/?s={search_term_string}"},"query-input":{"@type":"PropertyValueSpecification","valueRequired":true,"valueName":"search_term_string"}}],"inLanguage":"de"}]}},"_links":{"self":[{"href":"https:\/\/ic-invest.sk\/de\/wp-json\/wp\/v2\/pages\/1935","targetHints":{"allow":["GET"]}}],"collection":[{"href":"https:\/\/ic-invest.sk\/de\/wp-json\/wp\/v2\/pages"}],"about":[{"href":"https:\/\/ic-invest.sk\/de\/wp-json\/wp\/v2\/types\/page"}],"author":[{"embeddable":true,"href":"https:\/\/ic-invest.sk\/de\/wp-json\/wp\/v2\/users\/1"}],"replies":[{"embeddable":true,"href":"https:\/\/ic-invest.sk\/de\/wp-json\/wp\/v2\/comments?post=1935"}],"version-history":[{"count":1,"href":"https:\/\/ic-invest.sk\/de\/wp-json\/wp\/v2\/pages\/1935\/revisions"}],"predecessor-version":[{"id":1936,"href":"https:\/\/ic-invest.sk\/de\/wp-json\/wp\/v2\/pages\/1935\/revisions\/1936"}],"up":[{"embeddable":true,"href":"https:\/\/ic-invest.sk\/de\/wp-json\/wp\/v2\/pages\/1919"}],"wp:attachment":[{"href":"https:\/\/ic-invest.sk\/de\/wp-json\/wp\/v2\/media?parent=1935"}],"curies":[{"name":"wp","href":"https:\/\/api.w.org\/{rel}","templated":true}]}}