{"id":305,"date":"2022-07-27T12:32:28","date_gmt":"2022-07-27T12:32:28","guid":{"rendered":"https:\/\/ic-invest.sk\/eigentum\/%ef%bf%bc%ef%bf%bcfuer-mehr-als-10-jahre-haben-wir-in-unterbewertete-immobilien-investiert\/"},"modified":"2022-10-02T11:20:34","modified_gmt":"2022-10-02T11:20:34","slug":"fuer-mehr-als-10-jahre-haben-wir-in-unterbewertete-immobilien-investiert","status":"publish","type":"page","link":"https:\/\/ic-invest.sk\/de\/eigentum\/fuer-mehr-als-10-jahre-haben-wir-in-unterbewertete-immobilien-investiert\/","title":{"rendered":"Seit mehr als 10 Jahren investieren wir in unterbewertete Immobilien"},"content":{"rendered":"\n<figure class=\"wp-block-image size-full\"><img decoding=\"async\" width=\"1920\" height=\"1080\" data-src=\"https:\/\/ic-invest.sk\/wp-content\/uploads\/2022\/09\/top-view.jpeg\" alt=\"\" class=\"wp-image-1296 lazyload\" data-srcset=\"https:\/\/ic-invest.sk\/wp-content\/uploads\/2022\/09\/top-view.jpeg 1920w, https:\/\/ic-invest.sk\/wp-content\/uploads\/2022\/09\/top-view-450x253.jpeg 450w, https:\/\/ic-invest.sk\/wp-content\/uploads\/2022\/09\/top-view-635x357.jpeg 635w, https:\/\/ic-invest.sk\/wp-content\/uploads\/2022\/09\/top-view-768x432.jpeg 768w, https:\/\/ic-invest.sk\/wp-content\/uploads\/2022\/09\/top-view-1536x864.jpeg 1536w\" data-sizes=\"(max-width: 1920px) 100vw, 1920px\" src=\"data:image\/gif;base64,R0lGODlhAQABAAAAACH5BAEKAAEALAAAAAABAAEAAAICTAEAOw==\" style=\"--smush-placeholder-width: 1920px; --smush-placeholder-aspect-ratio: 1920\/1080;\" \/><\/figure>\n\n<h3 class=\"wp-block-heading\">Was Sie zuerst wissen m\u00fcssen<\/h3>\n\n<p>Seit \u00fcber 10 Jahren ist I.C. Invest-Experten helfen Eigent\u00fcmern und Investoren, die Rendite ihrer Immobilieninvestitionen zu maximieren und eine effektive Exit-Strategie zu entwickeln.<\/p>\n\n<p>Durch die Analyse und Recherche des Immobilienmarktes in der Slowakei und anderen EU-L\u00e4ndern haben unsere Experten umfangreiche Erfahrungen mit Investitionsprozessen und Marktbedingungen gesammelt.<\/p>\n\n<p>Unsere Experten analysieren regelm\u00e4\u00dfig den slowakischen Immobilienmarkt. Basierend auf den Daten bestimmen sie die Kosteneffizienz von Projekten, was es uns erm\u00f6glicht, kurz- und langfristig eine Strategie f\u00fcr Investitionen in Immobilien aufzubauen.<\/p>\n\n<p>In den letzten Jahren lag die durchschnittliche Dauer von Investitionsprojekten in Bratislava zwischen 1,5 und 3 Jahren mit Renditen zwischen 28 % und 121 %, je nach H\u00f6he und Art der Investition.<\/p>\n\n<p>Am Beispiel des Wohnkomplexes \u201eSky Park\u201c im Zentrum von Bratislava k\u00f6nnen wir die Statistik der Preissteigerungen in den letzten 3 Jahren analysieren.<\/p>\n\n<p>2019 kostete ein Quadratmeter Immobilie in diesem Komplex rund 4.000 Euro, ab dem dritten Quartal 2022 liegt der Preis bereits bei \u00fcber 6.500 Euro pro Quadratmeter.<\/p>\n\n<figure class=\"wp-block-image size-full\"><img decoding=\"async\" width=\"1300\" height=\"866\" data-src=\"https:\/\/ic-invest.sk\/wp-content\/uploads\/2022\/09\/skypark.jpeg\" alt=\"\" class=\"wp-image-1367 lazyload\" data-srcset=\"https:\/\/ic-invest.sk\/wp-content\/uploads\/2022\/09\/skypark.jpeg 1300w, https:\/\/ic-invest.sk\/wp-content\/uploads\/2022\/09\/skypark-401x267.jpeg 401w, https:\/\/ic-invest.sk\/wp-content\/uploads\/2022\/09\/skypark-536x357.jpeg 536w, https:\/\/ic-invest.sk\/wp-content\/uploads\/2022\/09\/skypark-768x512.jpeg 768w\" data-sizes=\"(max-width: 1300px) 100vw, 1300px\" src=\"data:image\/gif;base64,R0lGODlhAQABAAAAACH5BAEKAAEALAAAAAABAAEAAAICTAEAOw==\" style=\"--smush-placeholder-width: 1300px; --smush-placeholder-aspect-ratio: 1300\/866;\" \/><\/figure>\n\n<p>Unsere Experten helfen Ihnen bei der Auswahl von Optionen f\u00fcr Investitionen in Immobilien, von Projekten in der Phase des abgeschlossenen Verkaufs \u00fcber die Phase der Baugrube bis hin zu bereits in Betrieb genommenen Projekten. Ein wichtiger Punkt bei der Investition in der Slowakei ist, dass der Investor nur 20 % des Immobilienwerts in der Bauphase investiert und den Restbetrag zum Zeitpunkt der Inbetriebnahme des Hauses zahlt.<\/p>\n","protected":false},"excerpt":{"rendered":"<p>Was Sie zuerst wissen m\u00fcssen Seit \u00fcber 10 Jahren ist I.C. Invest-Experten helfen Eigent\u00fcmern und Investoren, die Rendite ihrer Immobilieninvestitionen zu maximieren und eine effektive Exit-Strategie zu entwickeln. Durch die Analyse und Recherche des Immobilienmarktes in der Slowakei und anderen EU-L\u00e4ndern haben unsere Experten umfangreiche Erfahrungen mit Investitionsprozessen und Marktbedingungen gesammelt. Unsere Experten analysieren regelm\u00e4\u00dfig &hellip;<\/p>\n","protected":false},"author":1,"featured_media":0,"parent":83,"menu_order":0,"comment_status":"closed","ping_status":"closed","template":"page-activities.php","meta":{"_acf_changed":false,"footnotes":""},"class_list":["post-305","page","type-page","status-publish","hentry"],"acf":[],"yoast_head":"<!-- This site is optimized with the Yoast SEO plugin v25.0 - https:\/\/yoast.com\/wordpress\/plugins\/seo\/ -->\n<title>Seit mehr als 10 Jahren investieren wir in unterbewertete Immobilien &#8211; I.C. Invest<\/title>\n<meta name=\"robots\" content=\"index, follow, max-snippet:-1, max-image-preview:large, max-video-preview:-1\" \/>\n<link rel=\"canonical\" href=\"https:\/\/ic-invest.sk\/de\/eigentum\/fuer-mehr-als-10-jahre-haben-wir-in-unterbewertete-immobilien-investiert\/\" \/>\n<meta property=\"og:locale\" content=\"de_DE\" \/>\n<meta property=\"og:type\" content=\"article\" \/>\n<meta property=\"og:title\" content=\"Seit mehr als 10 Jahren investieren wir in unterbewertete Immobilien &#8211; I.C. Invest\" \/>\n<meta property=\"og:description\" content=\"Was Sie zuerst wissen m\u00fcssen Seit \u00fcber 10 Jahren ist I.C. Invest-Experten helfen Eigent\u00fcmern und Investoren, die Rendite ihrer Immobilieninvestitionen zu maximieren und eine effektive Exit-Strategie zu entwickeln. Durch die Analyse und Recherche des Immobilienmarktes in der Slowakei und anderen EU-L\u00e4ndern haben unsere Experten umfangreiche Erfahrungen mit Investitionsprozessen und Marktbedingungen gesammelt. Unsere Experten analysieren regelm\u00e4\u00dfig &hellip;\" \/>\n<meta property=\"og:url\" content=\"https:\/\/ic-invest.sk\/de\/eigentum\/fuer-mehr-als-10-jahre-haben-wir-in-unterbewertete-immobilien-investiert\/\" \/>\n<meta property=\"og:site_name\" content=\"I.C. Invest\" \/>\n<meta property=\"article:modified_time\" content=\"2022-10-02T11:20:34+00:00\" \/>\n<meta property=\"og:image\" content=\"https:\/\/ic-invest.sk\/wp-content\/uploads\/2022\/09\/top-view.jpeg\" \/>\n<meta name=\"twitter:card\" content=\"summary_large_image\" \/>\n<meta name=\"twitter:label1\" content=\"Gesch\u00e4tzte Lesezeit\" \/>\n\t<meta name=\"twitter:data1\" content=\"2\u00a0Minuten\" \/>\n<script type=\"application\/ld+json\" class=\"yoast-schema-graph\">{\"@context\":\"https:\/\/schema.org\",\"@graph\":[{\"@type\":\"WebPage\",\"@id\":\"https:\/\/ic-invest.sk\/de\/eigentum\/fuer-mehr-als-10-jahre-haben-wir-in-unterbewertete-immobilien-investiert\/\",\"url\":\"https:\/\/ic-invest.sk\/de\/eigentum\/fuer-mehr-als-10-jahre-haben-wir-in-unterbewertete-immobilien-investiert\/\",\"name\":\"Seit mehr als 10 Jahren investieren wir in unterbewertete Immobilien &#8211; I.C. Invest\",\"isPartOf\":{\"@id\":\"https:\/\/ic-invest.sk\/de\/#website\"},\"primaryImageOfPage\":{\"@id\":\"https:\/\/ic-invest.sk\/de\/eigentum\/fuer-mehr-als-10-jahre-haben-wir-in-unterbewertete-immobilien-investiert\/#primaryimage\"},\"image\":{\"@id\":\"https:\/\/ic-invest.sk\/de\/eigentum\/fuer-mehr-als-10-jahre-haben-wir-in-unterbewertete-immobilien-investiert\/#primaryimage\"},\"thumbnailUrl\":\"https:\/\/ic-invest.sk\/wp-content\/uploads\/2022\/09\/top-view.jpeg\",\"datePublished\":\"2022-07-27T12:32:28+00:00\",\"dateModified\":\"2022-10-02T11:20:34+00:00\",\"breadcrumb\":{\"@id\":\"https:\/\/ic-invest.sk\/de\/eigentum\/fuer-mehr-als-10-jahre-haben-wir-in-unterbewertete-immobilien-investiert\/#breadcrumb\"},\"inLanguage\":\"de\",\"potentialAction\":[{\"@type\":\"ReadAction\",\"target\":[\"https:\/\/ic-invest.sk\/de\/eigentum\/fuer-mehr-als-10-jahre-haben-wir-in-unterbewertete-immobilien-investiert\/\"]}]},{\"@type\":\"ImageObject\",\"inLanguage\":\"de\",\"@id\":\"https:\/\/ic-invest.sk\/de\/eigentum\/fuer-mehr-als-10-jahre-haben-wir-in-unterbewertete-immobilien-investiert\/#primaryimage\",\"url\":\"https:\/\/ic-invest.sk\/wp-content\/uploads\/2022\/09\/top-view.jpeg\",\"contentUrl\":\"https:\/\/ic-invest.sk\/wp-content\/uploads\/2022\/09\/top-view.jpeg\"},{\"@type\":\"BreadcrumbList\",\"@id\":\"https:\/\/ic-invest.sk\/de\/eigentum\/fuer-mehr-als-10-jahre-haben-wir-in-unterbewertete-immobilien-investiert\/#breadcrumb\",\"itemListElement\":[{\"@type\":\"ListItem\",\"position\":1,\"name\":\"Startseite\",\"item\":\"https:\/\/ic-invest.sk\/de\/\"},{\"@type\":\"ListItem\",\"position\":2,\"name\":\"Immobilien-Investitionen\",\"item\":\"https:\/\/ic-invest.sk\/de\/eigentum\/\"},{\"@type\":\"ListItem\",\"position\":3,\"name\":\"Seit mehr als 10 Jahren investieren wir in unterbewertete Immobilien\"}]},{\"@type\":\"WebSite\",\"@id\":\"https:\/\/ic-invest.sk\/de\/#website\",\"url\":\"https:\/\/ic-invest.sk\/de\/\",\"name\":\"I.C. Invest\",\"description\":\"Gemeinsam ein Erfolgsrezept entwickeln\",\"potentialAction\":[{\"@type\":\"SearchAction\",\"target\":{\"@type\":\"EntryPoint\",\"urlTemplate\":\"https:\/\/ic-invest.sk\/de\/?s={search_term_string}\"},\"query-input\":{\"@type\":\"PropertyValueSpecification\",\"valueRequired\":true,\"valueName\":\"search_term_string\"}}],\"inLanguage\":\"de\"}]}<\/script>\n<!-- \/ Yoast SEO plugin. -->","yoast_head_json":{"title":"Seit mehr als 10 Jahren investieren wir in unterbewertete Immobilien &#8211; I.C. Invest","robots":{"index":"index","follow":"follow","max-snippet":"max-snippet:-1","max-image-preview":"max-image-preview:large","max-video-preview":"max-video-preview:-1"},"canonical":"https:\/\/ic-invest.sk\/de\/eigentum\/fuer-mehr-als-10-jahre-haben-wir-in-unterbewertete-immobilien-investiert\/","og_locale":"de_DE","og_type":"article","og_title":"Seit mehr als 10 Jahren investieren wir in unterbewertete Immobilien &#8211; I.C. Invest","og_description":"Was Sie zuerst wissen m\u00fcssen Seit \u00fcber 10 Jahren ist I.C. Invest-Experten helfen Eigent\u00fcmern und Investoren, die Rendite ihrer Immobilieninvestitionen zu maximieren und eine effektive Exit-Strategie zu entwickeln. Durch die Analyse und Recherche des Immobilienmarktes in der Slowakei und anderen EU-L\u00e4ndern haben unsere Experten umfangreiche Erfahrungen mit Investitionsprozessen und Marktbedingungen gesammelt. Unsere Experten analysieren regelm\u00e4\u00dfig &hellip;","og_url":"https:\/\/ic-invest.sk\/de\/eigentum\/fuer-mehr-als-10-jahre-haben-wir-in-unterbewertete-immobilien-investiert\/","og_site_name":"I.C. Invest","article_modified_time":"2022-10-02T11:20:34+00:00","og_image":[{"url":"https:\/\/ic-invest.sk\/wp-content\/uploads\/2022\/09\/top-view.jpeg","type":"","width":"","height":""}],"twitter_card":"summary_large_image","twitter_misc":{"Gesch\u00e4tzte Lesezeit":"2\u00a0Minuten"},"schema":{"@context":"https:\/\/schema.org","@graph":[{"@type":"WebPage","@id":"https:\/\/ic-invest.sk\/de\/eigentum\/fuer-mehr-als-10-jahre-haben-wir-in-unterbewertete-immobilien-investiert\/","url":"https:\/\/ic-invest.sk\/de\/eigentum\/fuer-mehr-als-10-jahre-haben-wir-in-unterbewertete-immobilien-investiert\/","name":"Seit mehr als 10 Jahren investieren wir in unterbewertete Immobilien &#8211; I.C. Invest","isPartOf":{"@id":"https:\/\/ic-invest.sk\/de\/#website"},"primaryImageOfPage":{"@id":"https:\/\/ic-invest.sk\/de\/eigentum\/fuer-mehr-als-10-jahre-haben-wir-in-unterbewertete-immobilien-investiert\/#primaryimage"},"image":{"@id":"https:\/\/ic-invest.sk\/de\/eigentum\/fuer-mehr-als-10-jahre-haben-wir-in-unterbewertete-immobilien-investiert\/#primaryimage"},"thumbnailUrl":"https:\/\/ic-invest.sk\/wp-content\/uploads\/2022\/09\/top-view.jpeg","datePublished":"2022-07-27T12:32:28+00:00","dateModified":"2022-10-02T11:20:34+00:00","breadcrumb":{"@id":"https:\/\/ic-invest.sk\/de\/eigentum\/fuer-mehr-als-10-jahre-haben-wir-in-unterbewertete-immobilien-investiert\/#breadcrumb"},"inLanguage":"de","potentialAction":[{"@type":"ReadAction","target":["https:\/\/ic-invest.sk\/de\/eigentum\/fuer-mehr-als-10-jahre-haben-wir-in-unterbewertete-immobilien-investiert\/"]}]},{"@type":"ImageObject","inLanguage":"de","@id":"https:\/\/ic-invest.sk\/de\/eigentum\/fuer-mehr-als-10-jahre-haben-wir-in-unterbewertete-immobilien-investiert\/#primaryimage","url":"https:\/\/ic-invest.sk\/wp-content\/uploads\/2022\/09\/top-view.jpeg","contentUrl":"https:\/\/ic-invest.sk\/wp-content\/uploads\/2022\/09\/top-view.jpeg"},{"@type":"BreadcrumbList","@id":"https:\/\/ic-invest.sk\/de\/eigentum\/fuer-mehr-als-10-jahre-haben-wir-in-unterbewertete-immobilien-investiert\/#breadcrumb","itemListElement":[{"@type":"ListItem","position":1,"name":"Startseite","item":"https:\/\/ic-invest.sk\/de\/"},{"@type":"ListItem","position":2,"name":"Immobilien-Investitionen","item":"https:\/\/ic-invest.sk\/de\/eigentum\/"},{"@type":"ListItem","position":3,"name":"Seit mehr als 10 Jahren investieren wir in unterbewertete Immobilien"}]},{"@type":"WebSite","@id":"https:\/\/ic-invest.sk\/de\/#website","url":"https:\/\/ic-invest.sk\/de\/","name":"I.C. Invest","description":"Gemeinsam ein Erfolgsrezept entwickeln","potentialAction":[{"@type":"SearchAction","target":{"@type":"EntryPoint","urlTemplate":"https:\/\/ic-invest.sk\/de\/?s={search_term_string}"},"query-input":{"@type":"PropertyValueSpecification","valueRequired":true,"valueName":"search_term_string"}}],"inLanguage":"de"}]}},"_links":{"self":[{"href":"https:\/\/ic-invest.sk\/de\/wp-json\/wp\/v2\/pages\/305","targetHints":{"allow":["GET"]}}],"collection":[{"href":"https:\/\/ic-invest.sk\/de\/wp-json\/wp\/v2\/pages"}],"about":[{"href":"https:\/\/ic-invest.sk\/de\/wp-json\/wp\/v2\/types\/page"}],"author":[{"embeddable":true,"href":"https:\/\/ic-invest.sk\/de\/wp-json\/wp\/v2\/users\/1"}],"replies":[{"embeddable":true,"href":"https:\/\/ic-invest.sk\/de\/wp-json\/wp\/v2\/comments?post=305"}],"version-history":[{"count":17,"href":"https:\/\/ic-invest.sk\/de\/wp-json\/wp\/v2\/pages\/305\/revisions"}],"predecessor-version":[{"id":1680,"href":"https:\/\/ic-invest.sk\/de\/wp-json\/wp\/v2\/pages\/305\/revisions\/1680"}],"up":[{"embeddable":true,"href":"https:\/\/ic-invest.sk\/de\/wp-json\/wp\/v2\/pages\/83"}],"wp:attachment":[{"href":"https:\/\/ic-invest.sk\/de\/wp-json\/wp\/v2\/media?parent=305"}],"curies":[{"name":"wp","href":"https:\/\/api.w.org\/{rel}","templated":true}]}}