{"id":319,"date":"2022-07-27T12:37:57","date_gmt":"2022-07-27T12:37:57","guid":{"rendered":"https:\/\/ic-invest.sk\/eigentum\/mit-unserem-eigenen-kapital-haben-wir-erfolgreich-projekte-mit-renditen-zwischen-38-und-161-abgeschlossen\/"},"modified":"2022-10-02T11:25:32","modified_gmt":"2022-10-02T11:25:32","slug":"mit-unserem-eigenen-kapital-haben-wir-erfolgreich-projekte-mit-renditen-zwischen-38-und-161-abgeschlossen","status":"publish","type":"page","link":"https:\/\/ic-invest.sk\/de\/eigentum\/mit-unserem-eigenen-kapital-haben-wir-erfolgreich-projekte-mit-renditen-zwischen-38-und-161-abgeschlossen\/","title":{"rendered":"Mit unserem Eigenkapital haben wir erfolgreich Projekte mit Renditen von 28 % bis 121 % abgeschlossen."},"content":{"rendered":"\n<figure class=\"wp-block-image size-full\"><img decoding=\"async\" width=\"1412\" height=\"576\" data-src=\"https:\/\/ic-invest.sk\/wp-content\/uploads\/2022\/07\/overhead-shot-person-collecting-donations-church-black-white.jpg\" alt=\"\" class=\"wp-image-660 lazyload\" data-srcset=\"https:\/\/ic-invest.sk\/wp-content\/uploads\/2022\/07\/overhead-shot-person-collecting-donations-church-black-white.jpg 1412w, https:\/\/ic-invest.sk\/wp-content\/uploads\/2022\/07\/overhead-shot-person-collecting-donations-church-black-white-450x184.jpg 450w, https:\/\/ic-invest.sk\/wp-content\/uploads\/2022\/07\/overhead-shot-person-collecting-donations-church-black-white-690x281.jpg 690w, https:\/\/ic-invest.sk\/wp-content\/uploads\/2022\/07\/overhead-shot-person-collecting-donations-church-black-white-768x313.jpg 768w\" data-sizes=\"(max-width: 1412px) 100vw, 1412px\" src=\"data:image\/gif;base64,R0lGODlhAQABAAAAACH5BAEKAAEALAAAAAABAAEAAAICTAEAOw==\" style=\"--smush-placeholder-width: 1412px; --smush-placeholder-aspect-ratio: 1412\/576;\" \/><\/figure>\n\n<h3 class=\"wp-block-heading\">Warum in Immobilien in der Slowakei investieren?<\/h3>\n\n<p>Die Europ\u00e4ische Union ist ein g\u00fcnstiges Investitionsfeld. Die Slowakei &#8211; ein Land mit dynamischer Wirtschaft und gro\u00dfem unentdecktem Potenzial, hat als Mitglied der EU eine hohe Investitionsattraktivit\u00e4t. Heute weist der Immobilienmarkt in Bratislava und der Slowakei im Allgemeinen ein enormes Wachstum und eine Nachfrage nach Wohn- und Gewerbeimmobilien auf, die das Angebot bei weitem \u00fcbersteigt, was dieses Land zur rentabelsten Investition macht, und seine geografische Lage im Zentrum Europas bietet eine hohe Liquidit\u00e4t und Zuverl\u00e4ssigkeit von Investitionen.<\/p>\n\n<p>Alle Transaktionen werden im Rechtsgebiet der Europ\u00e4ischen Union durchgef\u00fchrt, wodurch Anleger am besten vor Betrug und Betrug gesch\u00fctzt sind.<\/p>\n\n<p>Nach der Aufnahme der Slowakei in die EU hat jeder Ausl\u00e4nder das Recht, Immobilien in diesem Land direkt ohne Registrierung einer juristischen Person zu erwerben. Der Kauf einer Immobilie ist jedoch keine ausreichende Grundlage f\u00fcr die Erlangung einer Aufenthaltserlaubnis.<\/p>\n\n<p>Es gibt kein staatliches Programm, das es Ausl\u00e4ndern erm\u00f6glichen w\u00fcrde, eine Aufenthaltserlaubnis in der Slowakei im Austausch f\u00fcr den Kauf von Immobilien zu erhalten. Hier k\u00f6nnen Sie jedoch eine Aufenthaltserlaubnis erhalten, indem Sie ein Unternehmen er\u00f6ffnen, was sicherlich einer der Vorteile der Wahl der Slowakei als Investitionsland ist.<\/p>\n\n<p>I.C. Invest mit lokaler Expertise und globaler Erfahrung auf dem Immobilienmarkt der Europ\u00e4ischen Union hilft Investoren, das am besten geeignete und interessante Projekt f\u00fcr Investitionen zu finden, basierend auf den Bed\u00fcrfnissen und der finanziellen Leistungsf\u00e4higkeit des Kunden.<\/p>\n","protected":false},"excerpt":{"rendered":"<p>Warum in Immobilien in der Slowakei investieren? Die Europ\u00e4ische Union ist ein g\u00fcnstiges Investitionsfeld. Die Slowakei &#8211; ein Land mit dynamischer Wirtschaft und gro\u00dfem unentdecktem Potenzial, hat als Mitglied der EU eine hohe Investitionsattraktivit\u00e4t. Heute weist der Immobilienmarkt in Bratislava und der Slowakei im Allgemeinen ein enormes Wachstum und eine Nachfrage nach Wohn- und Gewerbeimmobilien &hellip;<\/p>\n","protected":false},"author":1,"featured_media":0,"parent":83,"menu_order":0,"comment_status":"closed","ping_status":"closed","template":"page-activities.php","meta":{"_acf_changed":false,"footnotes":""},"class_list":["post-319","page","type-page","status-publish","hentry"],"acf":[],"yoast_head":"<!-- This site is optimized with the Yoast SEO plugin v25.0 - https:\/\/yoast.com\/wordpress\/plugins\/seo\/ -->\n<title>Mit unserem Eigenkapital haben wir erfolgreich Projekte mit Renditen von 28 % bis 121 % abgeschlossen. &#8211; I.C. Invest<\/title>\n<meta name=\"robots\" content=\"index, follow, max-snippet:-1, max-image-preview:large, max-video-preview:-1\" \/>\n<link rel=\"canonical\" href=\"https:\/\/ic-invest.sk\/de\/eigentum\/mit-unserem-eigenen-kapital-haben-wir-erfolgreich-projekte-mit-renditen-zwischen-38-und-161-abgeschlossen\/\" \/>\n<meta property=\"og:locale\" content=\"de_DE\" \/>\n<meta property=\"og:type\" content=\"article\" \/>\n<meta property=\"og:title\" content=\"Mit unserem Eigenkapital haben wir erfolgreich Projekte mit Renditen von 28 % bis 121 % abgeschlossen. &#8211; I.C. Invest\" \/>\n<meta property=\"og:description\" content=\"Warum in Immobilien in der Slowakei investieren? Die Europ\u00e4ische Union ist ein g\u00fcnstiges Investitionsfeld. Die Slowakei &#8211; ein Land mit dynamischer Wirtschaft und gro\u00dfem unentdecktem Potenzial, hat als Mitglied der EU eine hohe Investitionsattraktivit\u00e4t. Heute weist der Immobilienmarkt in Bratislava und der Slowakei im Allgemeinen ein enormes Wachstum und eine Nachfrage nach Wohn- und Gewerbeimmobilien &hellip;\" \/>\n<meta property=\"og:url\" content=\"https:\/\/ic-invest.sk\/de\/eigentum\/mit-unserem-eigenen-kapital-haben-wir-erfolgreich-projekte-mit-renditen-zwischen-38-und-161-abgeschlossen\/\" \/>\n<meta property=\"og:site_name\" content=\"I.C. Invest\" \/>\n<meta property=\"article:modified_time\" content=\"2022-10-02T11:25:32+00:00\" \/>\n<meta property=\"og:image\" content=\"https:\/\/ic-invest.sk\/wp-content\/uploads\/2022\/07\/overhead-shot-person-collecting-donations-church-black-white.jpg\" \/>\n<meta name=\"twitter:card\" content=\"summary_large_image\" \/>\n<meta name=\"twitter:label1\" content=\"Gesch\u00e4tzte Lesezeit\" \/>\n\t<meta name=\"twitter:data1\" content=\"2\u00a0Minuten\" \/>\n<script type=\"application\/ld+json\" class=\"yoast-schema-graph\">{\"@context\":\"https:\/\/schema.org\",\"@graph\":[{\"@type\":\"WebPage\",\"@id\":\"https:\/\/ic-invest.sk\/de\/eigentum\/mit-unserem-eigenen-kapital-haben-wir-erfolgreich-projekte-mit-renditen-zwischen-38-und-161-abgeschlossen\/\",\"url\":\"https:\/\/ic-invest.sk\/de\/eigentum\/mit-unserem-eigenen-kapital-haben-wir-erfolgreich-projekte-mit-renditen-zwischen-38-und-161-abgeschlossen\/\",\"name\":\"Mit unserem Eigenkapital haben wir erfolgreich Projekte mit Renditen von 28 % bis 121 % abgeschlossen. &#8211; I.C. Invest\",\"isPartOf\":{\"@id\":\"https:\/\/ic-invest.sk\/de\/#website\"},\"primaryImageOfPage\":{\"@id\":\"https:\/\/ic-invest.sk\/de\/eigentum\/mit-unserem-eigenen-kapital-haben-wir-erfolgreich-projekte-mit-renditen-zwischen-38-und-161-abgeschlossen\/#primaryimage\"},\"image\":{\"@id\":\"https:\/\/ic-invest.sk\/de\/eigentum\/mit-unserem-eigenen-kapital-haben-wir-erfolgreich-projekte-mit-renditen-zwischen-38-und-161-abgeschlossen\/#primaryimage\"},\"thumbnailUrl\":\"https:\/\/ic-invest.sk\/wp-content\/uploads\/2022\/07\/overhead-shot-person-collecting-donations-church-black-white.jpg\",\"datePublished\":\"2022-07-27T12:37:57+00:00\",\"dateModified\":\"2022-10-02T11:25:32+00:00\",\"breadcrumb\":{\"@id\":\"https:\/\/ic-invest.sk\/de\/eigentum\/mit-unserem-eigenen-kapital-haben-wir-erfolgreich-projekte-mit-renditen-zwischen-38-und-161-abgeschlossen\/#breadcrumb\"},\"inLanguage\":\"de\",\"potentialAction\":[{\"@type\":\"ReadAction\",\"target\":[\"https:\/\/ic-invest.sk\/de\/eigentum\/mit-unserem-eigenen-kapital-haben-wir-erfolgreich-projekte-mit-renditen-zwischen-38-und-161-abgeschlossen\/\"]}]},{\"@type\":\"ImageObject\",\"inLanguage\":\"de\",\"@id\":\"https:\/\/ic-invest.sk\/de\/eigentum\/mit-unserem-eigenen-kapital-haben-wir-erfolgreich-projekte-mit-renditen-zwischen-38-und-161-abgeschlossen\/#primaryimage\",\"url\":\"https:\/\/ic-invest.sk\/wp-content\/uploads\/2022\/07\/overhead-shot-person-collecting-donations-church-black-white.jpg\",\"contentUrl\":\"https:\/\/ic-invest.sk\/wp-content\/uploads\/2022\/07\/overhead-shot-person-collecting-donations-church-black-white.jpg\"},{\"@type\":\"BreadcrumbList\",\"@id\":\"https:\/\/ic-invest.sk\/de\/eigentum\/mit-unserem-eigenen-kapital-haben-wir-erfolgreich-projekte-mit-renditen-zwischen-38-und-161-abgeschlossen\/#breadcrumb\",\"itemListElement\":[{\"@type\":\"ListItem\",\"position\":1,\"name\":\"Startseite\",\"item\":\"https:\/\/ic-invest.sk\/de\/\"},{\"@type\":\"ListItem\",\"position\":2,\"name\":\"Immobilien-Investitionen\",\"item\":\"https:\/\/ic-invest.sk\/de\/eigentum\/\"},{\"@type\":\"ListItem\",\"position\":3,\"name\":\"Mit unserem Eigenkapital haben wir erfolgreich Projekte mit Renditen von 28 % bis 121 % abgeschlossen.\"}]},{\"@type\":\"WebSite\",\"@id\":\"https:\/\/ic-invest.sk\/de\/#website\",\"url\":\"https:\/\/ic-invest.sk\/de\/\",\"name\":\"I.C. Invest\",\"description\":\"Gemeinsam ein Erfolgsrezept entwickeln\",\"potentialAction\":[{\"@type\":\"SearchAction\",\"target\":{\"@type\":\"EntryPoint\",\"urlTemplate\":\"https:\/\/ic-invest.sk\/de\/?s={search_term_string}\"},\"query-input\":{\"@type\":\"PropertyValueSpecification\",\"valueRequired\":true,\"valueName\":\"search_term_string\"}}],\"inLanguage\":\"de\"}]}<\/script>\n<!-- \/ Yoast SEO plugin. -->","yoast_head_json":{"title":"Mit unserem Eigenkapital haben wir erfolgreich Projekte mit Renditen von 28 % bis 121 % abgeschlossen. &#8211; I.C. Invest","robots":{"index":"index","follow":"follow","max-snippet":"max-snippet:-1","max-image-preview":"max-image-preview:large","max-video-preview":"max-video-preview:-1"},"canonical":"https:\/\/ic-invest.sk\/de\/eigentum\/mit-unserem-eigenen-kapital-haben-wir-erfolgreich-projekte-mit-renditen-zwischen-38-und-161-abgeschlossen\/","og_locale":"de_DE","og_type":"article","og_title":"Mit unserem Eigenkapital haben wir erfolgreich Projekte mit Renditen von 28 % bis 121 % abgeschlossen. &#8211; I.C. Invest","og_description":"Warum in Immobilien in der Slowakei investieren? Die Europ\u00e4ische Union ist ein g\u00fcnstiges Investitionsfeld. Die Slowakei &#8211; ein Land mit dynamischer Wirtschaft und gro\u00dfem unentdecktem Potenzial, hat als Mitglied der EU eine hohe Investitionsattraktivit\u00e4t. Heute weist der Immobilienmarkt in Bratislava und der Slowakei im Allgemeinen ein enormes Wachstum und eine Nachfrage nach Wohn- und Gewerbeimmobilien &hellip;","og_url":"https:\/\/ic-invest.sk\/de\/eigentum\/mit-unserem-eigenen-kapital-haben-wir-erfolgreich-projekte-mit-renditen-zwischen-38-und-161-abgeschlossen\/","og_site_name":"I.C. Invest","article_modified_time":"2022-10-02T11:25:32+00:00","og_image":[{"url":"https:\/\/ic-invest.sk\/wp-content\/uploads\/2022\/07\/overhead-shot-person-collecting-donations-church-black-white.jpg","type":"","width":"","height":""}],"twitter_card":"summary_large_image","twitter_misc":{"Gesch\u00e4tzte Lesezeit":"2\u00a0Minuten"},"schema":{"@context":"https:\/\/schema.org","@graph":[{"@type":"WebPage","@id":"https:\/\/ic-invest.sk\/de\/eigentum\/mit-unserem-eigenen-kapital-haben-wir-erfolgreich-projekte-mit-renditen-zwischen-38-und-161-abgeschlossen\/","url":"https:\/\/ic-invest.sk\/de\/eigentum\/mit-unserem-eigenen-kapital-haben-wir-erfolgreich-projekte-mit-renditen-zwischen-38-und-161-abgeschlossen\/","name":"Mit unserem Eigenkapital haben wir erfolgreich Projekte mit Renditen von 28 % bis 121 % abgeschlossen. &#8211; I.C. Invest","isPartOf":{"@id":"https:\/\/ic-invest.sk\/de\/#website"},"primaryImageOfPage":{"@id":"https:\/\/ic-invest.sk\/de\/eigentum\/mit-unserem-eigenen-kapital-haben-wir-erfolgreich-projekte-mit-renditen-zwischen-38-und-161-abgeschlossen\/#primaryimage"},"image":{"@id":"https:\/\/ic-invest.sk\/de\/eigentum\/mit-unserem-eigenen-kapital-haben-wir-erfolgreich-projekte-mit-renditen-zwischen-38-und-161-abgeschlossen\/#primaryimage"},"thumbnailUrl":"https:\/\/ic-invest.sk\/wp-content\/uploads\/2022\/07\/overhead-shot-person-collecting-donations-church-black-white.jpg","datePublished":"2022-07-27T12:37:57+00:00","dateModified":"2022-10-02T11:25:32+00:00","breadcrumb":{"@id":"https:\/\/ic-invest.sk\/de\/eigentum\/mit-unserem-eigenen-kapital-haben-wir-erfolgreich-projekte-mit-renditen-zwischen-38-und-161-abgeschlossen\/#breadcrumb"},"inLanguage":"de","potentialAction":[{"@type":"ReadAction","target":["https:\/\/ic-invest.sk\/de\/eigentum\/mit-unserem-eigenen-kapital-haben-wir-erfolgreich-projekte-mit-renditen-zwischen-38-und-161-abgeschlossen\/"]}]},{"@type":"ImageObject","inLanguage":"de","@id":"https:\/\/ic-invest.sk\/de\/eigentum\/mit-unserem-eigenen-kapital-haben-wir-erfolgreich-projekte-mit-renditen-zwischen-38-und-161-abgeschlossen\/#primaryimage","url":"https:\/\/ic-invest.sk\/wp-content\/uploads\/2022\/07\/overhead-shot-person-collecting-donations-church-black-white.jpg","contentUrl":"https:\/\/ic-invest.sk\/wp-content\/uploads\/2022\/07\/overhead-shot-person-collecting-donations-church-black-white.jpg"},{"@type":"BreadcrumbList","@id":"https:\/\/ic-invest.sk\/de\/eigentum\/mit-unserem-eigenen-kapital-haben-wir-erfolgreich-projekte-mit-renditen-zwischen-38-und-161-abgeschlossen\/#breadcrumb","itemListElement":[{"@type":"ListItem","position":1,"name":"Startseite","item":"https:\/\/ic-invest.sk\/de\/"},{"@type":"ListItem","position":2,"name":"Immobilien-Investitionen","item":"https:\/\/ic-invest.sk\/de\/eigentum\/"},{"@type":"ListItem","position":3,"name":"Mit unserem Eigenkapital haben wir erfolgreich Projekte mit Renditen von 28 % bis 121 % abgeschlossen."}]},{"@type":"WebSite","@id":"https:\/\/ic-invest.sk\/de\/#website","url":"https:\/\/ic-invest.sk\/de\/","name":"I.C. Invest","description":"Gemeinsam ein Erfolgsrezept entwickeln","potentialAction":[{"@type":"SearchAction","target":{"@type":"EntryPoint","urlTemplate":"https:\/\/ic-invest.sk\/de\/?s={search_term_string}"},"query-input":{"@type":"PropertyValueSpecification","valueRequired":true,"valueName":"search_term_string"}}],"inLanguage":"de"}]}},"_links":{"self":[{"href":"https:\/\/ic-invest.sk\/de\/wp-json\/wp\/v2\/pages\/319","targetHints":{"allow":["GET"]}}],"collection":[{"href":"https:\/\/ic-invest.sk\/de\/wp-json\/wp\/v2\/pages"}],"about":[{"href":"https:\/\/ic-invest.sk\/de\/wp-json\/wp\/v2\/types\/page"}],"author":[{"embeddable":true,"href":"https:\/\/ic-invest.sk\/de\/wp-json\/wp\/v2\/users\/1"}],"replies":[{"embeddable":true,"href":"https:\/\/ic-invest.sk\/de\/wp-json\/wp\/v2\/comments?post=319"}],"version-history":[{"count":11,"href":"https:\/\/ic-invest.sk\/de\/wp-json\/wp\/v2\/pages\/319\/revisions"}],"predecessor-version":[{"id":1682,"href":"https:\/\/ic-invest.sk\/de\/wp-json\/wp\/v2\/pages\/319\/revisions\/1682"}],"up":[{"embeddable":true,"href":"https:\/\/ic-invest.sk\/de\/wp-json\/wp\/v2\/pages\/83"}],"wp:attachment":[{"href":"https:\/\/ic-invest.sk\/de\/wp-json\/wp\/v2\/media?parent=319"}],"curies":[{"name":"wp","href":"https:\/\/api.w.org\/{rel}","templated":true}]}}