{"id":328,"date":"2022-07-27T12:39:29","date_gmt":"2022-07-27T12:39:29","guid":{"rendered":"https:\/\/ic-invest.sk\/it-kryptowaehrung\/ui-ux-design-und-entwicklung\/"},"modified":"2022-10-02T14:49:02","modified_gmt":"2022-10-02T14:49:02","slug":"ui-ux-design-und-entwicklung","status":"publish","type":"page","link":"https:\/\/ic-invest.sk\/de\/it-kryptowaehrung\/ui-ux-design-und-entwicklung\/","title":{"rendered":"UI\/UX-Design und Entwicklung"},"content":{"rendered":"\n<figure class=\"wp-block-image size-full\"><img decoding=\"async\" width=\"1920\" height=\"843\" data-src=\"https:\/\/ic-invest.sk\/wp-content\/uploads\/2022\/09\/03-05-landing.jpg\" alt=\"\" class=\"wp-image-1166 lazyload\" data-srcset=\"https:\/\/ic-invest.sk\/wp-content\/uploads\/2022\/09\/03-05-landing.jpg 1920w, https:\/\/ic-invest.sk\/wp-content\/uploads\/2022\/09\/03-05-landing-450x198.jpg 450w, https:\/\/ic-invest.sk\/wp-content\/uploads\/2022\/09\/03-05-landing-690x303.jpg 690w, https:\/\/ic-invest.sk\/wp-content\/uploads\/2022\/09\/03-05-landing-768x337.jpg 768w, https:\/\/ic-invest.sk\/wp-content\/uploads\/2022\/09\/03-05-landing-1536x674.jpg 1536w\" data-sizes=\"(max-width: 1920px) 100vw, 1920px\" src=\"data:image\/gif;base64,R0lGODlhAQABAAAAACH5BAEKAAEALAAAAAABAAEAAAICTAEAOw==\" style=\"--smush-placeholder-width: 1920px; --smush-placeholder-aspect-ratio: 1920\/843;\" \/><\/figure>\n\n<h3 class=\"wp-block-heading\">Phasen der Erstellung des UI\/UX-App-Designs<\/h3>\n\n<p><\/p>\n\n<div style=\"height:50px\" aria-hidden=\"true\" class=\"wp-block-spacer\"><\/div>\n\n<p style=\"font-size:28px\"><strong>1. Marktforschung und Erstellung von Benutzerprofilen<\/strong><\/p>\n\n<p>In der ersten Phase m\u00fcssen Sie den Markt und das Publikum Ihres Produkts analysieren, die Angebote von Wettbewerbern identifizieren und untersuchen. Sch\u00e4tzen Sie die Bed\u00fcrfnisse Ihrer Nutzer ein, damit das Produkt f\u00fcr sie so einfach, verst\u00e4ndlich und komfortabel wie m\u00f6glich ist.<\/p>\n\n<p>Darauf aufbauend wird ein Portr\u00e4t des Nutzers erstellt. Basierend auf all diesen Daten und dem Verst\u00e4ndnis der Ziele und Anforderungen des Benutzers ist es f\u00fcr Sie einfacher, sein Verhalten vorherzusagen und die bequemste UX zu erstellen.<\/p>\n\n<div style=\"height:50px\" aria-hidden=\"true\" class=\"wp-block-spacer\"><\/div>\n\n<p style=\"font-size:28px\"><strong>2. Strukturdefinition<\/strong><\/p>\n<div class=\"wp-block-image\">\n<figure class=\"aligncenter size-full is-resized\"><img decoding=\"async\" data-src=\"https:\/\/ic-invest.sk\/wp-content\/uploads\/2022\/10\/screenshoteasy-65.png\" alt=\"\" class=\"wp-image-1613 lazyload\" width=\"924\" data-srcset=\"https:\/\/ic-invest.sk\/wp-content\/uploads\/2022\/10\/screenshoteasy-65.png 1302w, https:\/\/ic-invest.sk\/wp-content\/uploads\/2022\/10\/screenshoteasy-65-450x253.png 450w, https:\/\/ic-invest.sk\/wp-content\/uploads\/2022\/10\/screenshoteasy-65-635x357.png 635w, https:\/\/ic-invest.sk\/wp-content\/uploads\/2022\/10\/screenshoteasy-65-768x432.png 768w\" data-sizes=\"(max-width: 1302px) 100vw, 1302px\" src=\"data:image\/gif;base64,R0lGODlhAQABAAAAACH5BAEKAAEALAAAAAABAAEAAAICTAEAOw==\" style=\"--smush-placeholder-width: 1302px; --smush-placeholder-aspect-ratio: 1302\/732;\" \/><\/figure><\/div>\n<p>Im n\u00e4chsten Schritt definieren Sie die Informationsstruktur Ihres Produkts. <\/p>\n\n<p>In diesem Schritt wird die Architektur Ihres zuk\u00fcnftigen Produkts festgelegt \u2013 ob es sich um eine einfache <a href=\"https:\/\/ic-invest.sk\/de\/erstellung-von-landing-pages-auf-bestellung-schluesselfertig-bei-ic-invest\/\">Landingpage<\/a> oder eine <a href=\"https:\/\/ic-invest.sk\/de\/schluesselfertige-website\/\">vollwertige Website handelt<\/a>. Ob es notwendig ist, eine separate Anwendung oder eine adaptive Webversion zu entwickeln, wird ausreichen. Die <a href=\"https:\/\/ic-invest.sk\/de\/die-besten-plattformen-zum-erstellen-von-websites-welche-soll-man-waehlen\/\">Tools und Technologien<\/a>, die f\u00fcr die Entwicklung verwendet werden, werden ausgew\u00e4hlt.<\/p>\n\n<p>Die richtige Struktur macht die Anwendung f\u00fcr Benutzer zug\u00e4nglicher und intuitiver. <\/p>\n\n<div style=\"height:50px\" aria-hidden=\"true\" class=\"wp-block-spacer\"><\/div>\n\n<p style=\"font-size:28px\"><strong>3. Prototyp<\/strong><\/p>\n<div class=\"wp-block-image\">\n<figure class=\"aligncenter size-full is-resized\"><img decoding=\"async\" data-src=\"https:\/\/ic-invest.sk\/wp-content\/uploads\/2022\/09\/03-03-landing.jpg\" alt=\"\" class=\"wp-image-1137 lazyload\" width=\"924\" height=\"600\" src=\"data:image\/gif;base64,R0lGODlhAQABAAAAACH5BAEKAAEALAAAAAABAAEAAAICTAEAOw==\" style=\"--smush-placeholder-width: 924px; --smush-placeholder-aspect-ratio: 924\/600;\" \/><\/figure><\/div>\n<p>Nachdem die Architektur und Struktur genehmigt wurden, k\u00f6nnen Sie mit der Erstellung eines Prototyps beginnen. Der Prototyp wird verwendet, um Kunden oder Investoren Alpha- oder Beta-Tests der Anwendung zu demonstrieren.<\/p>\n\n<p>Zun\u00e4chst wird ein wenig detailliertes Wireframe erstellt &#8211; dies ist ein grober Plan der Anwendungsbildschirme, der zeigt, wie alles funktionieren wird. Dann wird mit einer genehmigten Struktur und einem detaillierten Bildschirmplan ein hochdetailliertes Drahtmodell erstellt. Sp\u00e4ter wird ein visuelles Design erstellt und das genehmigte Wireframe \u00fcberlagert \u2013 das Ergebnis ist ein funktionierender Prototyp der Anwendung, der bereits getestet werden kann.<\/p>\n\n<div style=\"height:50px\" aria-hidden=\"true\" class=\"wp-block-spacer\"><\/div>\n\n<p style=\"font-size:28px\"><strong>4. Testen <\/strong><\/p>\n\n<p>Nachdem der Prototyp fertig ist, ist es Zeit, ihn zu testen. Indem Sie das Ergebnis mit Ihren Erwartungen vergleichen, verstehen Sie, was Ihrer Anwendung fehlt. Sie k\u00f6nnen bestimmen, welche Funktionen hinzugef\u00fcgt werden sollten und welche besser entfernt oder ge\u00e4ndert werden sollten.<\/p>\n\n<p>In dieser Phase k\u00f6nnen Sie Usability-Tests durchf\u00fchren \u2013 auf diese Weise k\u00f6nnen Sie nachvollziehen, ob die Benutzeroberfl\u00e4che praktisch ist. Normale Benutzer sind eingeladen, mit dem Produkt zu arbeiten und zu beobachten, wie sie Aufgaben erledigen und auf welche Schwierigkeiten sie dabei sto\u00dfen.<\/p>\n\n<p>Es gibt viele Optionen, Sie k\u00f6nnen sogar Ihren eigenen einzigartigen Testansatz basierend auf den Anforderungen Ihres Projekts entwickeln.<\/p>\n\n<div style=\"height:50px\" aria-hidden=\"true\" class=\"wp-block-spacer\"><\/div>\n\n<p style=\"font-size:28px\"><strong>5. Support und Feedback-Sammlung<\/strong><\/p>\n\n<p>An Qualit\u00e4t und Design der Anwendung muss auch nach dem Release noch gearbeitet werden. Auch wenn Sie den Prototyp bereits getestet und die Funktionalit\u00e4t entwickelt haben und alles super funktioniert, m\u00fcssen Sie ihn st\u00e4ndig verbessern, um Marktf\u00fchrer zu bleiben und den st\u00e4ndig wachsenden Bed\u00fcrfnissen und Interessen der Nutzer gerecht zu werden.<\/p>\n\n<p>Sie m\u00fcssen Feedback von App-Benutzern erhalten! Verwenden Sie dazu m\u00f6glichst viele Kan\u00e4le. Dies hilft dabei, die M\u00e4ngel Ihrer Anwendung und Ideen f\u00fcr zuk\u00fcnftige Verbesserungen zu identifizieren!<\/p>\n\n<div style=\"height:50px\" aria-hidden=\"true\" class=\"wp-block-spacer\"><\/div>\n\n<p>Our developers, designers and project managers will help you create the best UI\/UX that meets all the business requirements of your application, as well as the latest development standards and practices. <\/p>\n","protected":false},"excerpt":{"rendered":"<p>Phasen der Erstellung des UI\/UX-App-Designs 1. Marktforschung und Erstellung von Benutzerprofilen In der ersten Phase m\u00fcssen Sie den Markt und das Publikum Ihres Produkts analysieren, die Angebote von Wettbewerbern identifizieren und untersuchen. Sch\u00e4tzen Sie die Bed\u00fcrfnisse Ihrer Nutzer ein, damit das Produkt f\u00fcr sie so einfach, verst\u00e4ndlich und komfortabel wie m\u00f6glich ist. Darauf aufbauend wird &hellip;<\/p>\n","protected":false},"author":1,"featured_media":0,"parent":90,"menu_order":0,"comment_status":"closed","ping_status":"closed","template":"page-activities.php","meta":{"_acf_changed":false,"footnotes":""},"class_list":["post-328","page","type-page","status-publish","hentry"],"acf":[],"yoast_head":"<!-- This site is optimized with the Yoast SEO plugin v25.0 - https:\/\/yoast.com\/wordpress\/plugins\/seo\/ -->\n<title>UI\/UX-Design und Entwicklung &#8211; I.C. Invest<\/title>\n<meta name=\"robots\" content=\"index, follow, max-snippet:-1, max-image-preview:large, max-video-preview:-1\" \/>\n<link rel=\"canonical\" href=\"https:\/\/ic-invest.sk\/de\/it-kryptowaehrung\/ui-ux-design-und-entwicklung\/\" \/>\n<meta property=\"og:locale\" content=\"de_DE\" \/>\n<meta property=\"og:type\" content=\"article\" \/>\n<meta property=\"og:title\" content=\"UI\/UX-Design und Entwicklung &#8211; I.C. Invest\" \/>\n<meta property=\"og:description\" content=\"Phasen der Erstellung des UI\/UX-App-Designs 1. Marktforschung und Erstellung von Benutzerprofilen In der ersten Phase m\u00fcssen Sie den Markt und das Publikum Ihres Produkts analysieren, die Angebote von Wettbewerbern identifizieren und untersuchen. Sch\u00e4tzen Sie die Bed\u00fcrfnisse Ihrer Nutzer ein, damit das Produkt f\u00fcr sie so einfach, verst\u00e4ndlich und komfortabel wie m\u00f6glich ist. Darauf aufbauend wird &hellip;\" \/>\n<meta property=\"og:url\" content=\"https:\/\/ic-invest.sk\/de\/it-kryptowaehrung\/ui-ux-design-und-entwicklung\/\" \/>\n<meta property=\"og:site_name\" content=\"I.C. Invest\" \/>\n<meta property=\"article:modified_time\" content=\"2022-10-02T14:49:02+00:00\" \/>\n<meta property=\"og:image\" content=\"https:\/\/ic-invest.sk\/wp-content\/uploads\/2022\/09\/03-05-landing.jpg\" \/>\n<meta name=\"twitter:card\" content=\"summary_large_image\" \/>\n<meta name=\"twitter:label1\" content=\"Gesch\u00e4tzte Lesezeit\" \/>\n\t<meta name=\"twitter:data1\" content=\"3\u00a0Minuten\" \/>\n<script type=\"application\/ld+json\" class=\"yoast-schema-graph\">{\"@context\":\"https:\/\/schema.org\",\"@graph\":[{\"@type\":\"WebPage\",\"@id\":\"https:\/\/ic-invest.sk\/de\/it-kryptowaehrung\/ui-ux-design-und-entwicklung\/\",\"url\":\"https:\/\/ic-invest.sk\/de\/it-kryptowaehrung\/ui-ux-design-und-entwicklung\/\",\"name\":\"UI\/UX-Design und Entwicklung &#8211; I.C. Invest\",\"isPartOf\":{\"@id\":\"https:\/\/ic-invest.sk\/de\/#website\"},\"primaryImageOfPage\":{\"@id\":\"https:\/\/ic-invest.sk\/de\/it-kryptowaehrung\/ui-ux-design-und-entwicklung\/#primaryimage\"},\"image\":{\"@id\":\"https:\/\/ic-invest.sk\/de\/it-kryptowaehrung\/ui-ux-design-und-entwicklung\/#primaryimage\"},\"thumbnailUrl\":\"https:\/\/ic-invest.sk\/wp-content\/uploads\/2022\/09\/03-05-landing.jpg\",\"datePublished\":\"2022-07-27T12:39:29+00:00\",\"dateModified\":\"2022-10-02T14:49:02+00:00\",\"breadcrumb\":{\"@id\":\"https:\/\/ic-invest.sk\/de\/it-kryptowaehrung\/ui-ux-design-und-entwicklung\/#breadcrumb\"},\"inLanguage\":\"de\",\"potentialAction\":[{\"@type\":\"ReadAction\",\"target\":[\"https:\/\/ic-invest.sk\/de\/it-kryptowaehrung\/ui-ux-design-und-entwicklung\/\"]}]},{\"@type\":\"ImageObject\",\"inLanguage\":\"de\",\"@id\":\"https:\/\/ic-invest.sk\/de\/it-kryptowaehrung\/ui-ux-design-und-entwicklung\/#primaryimage\",\"url\":\"https:\/\/ic-invest.sk\/wp-content\/uploads\/2022\/09\/03-05-landing.jpg\",\"contentUrl\":\"https:\/\/ic-invest.sk\/wp-content\/uploads\/2022\/09\/03-05-landing.jpg\"},{\"@type\":\"BreadcrumbList\",\"@id\":\"https:\/\/ic-invest.sk\/de\/it-kryptowaehrung\/ui-ux-design-und-entwicklung\/#breadcrumb\",\"itemListElement\":[{\"@type\":\"ListItem\",\"position\":1,\"name\":\"Startseite\",\"item\":\"https:\/\/ic-invest.sk\/de\/\"},{\"@type\":\"ListItem\",\"position\":2,\"name\":\"IT &amp; Kryptow\u00e4hrung\",\"item\":\"https:\/\/ic-invest.sk\/de\/it-kryptowaehrung\/\"},{\"@type\":\"ListItem\",\"position\":3,\"name\":\"UI\/UX-Design und Entwicklung\"}]},{\"@type\":\"WebSite\",\"@id\":\"https:\/\/ic-invest.sk\/de\/#website\",\"url\":\"https:\/\/ic-invest.sk\/de\/\",\"name\":\"I.C. Invest\",\"description\":\"Gemeinsam ein Erfolgsrezept entwickeln\",\"potentialAction\":[{\"@type\":\"SearchAction\",\"target\":{\"@type\":\"EntryPoint\",\"urlTemplate\":\"https:\/\/ic-invest.sk\/de\/?s={search_term_string}\"},\"query-input\":{\"@type\":\"PropertyValueSpecification\",\"valueRequired\":true,\"valueName\":\"search_term_string\"}}],\"inLanguage\":\"de\"}]}<\/script>\n<!-- \/ Yoast SEO plugin. -->","yoast_head_json":{"title":"UI\/UX-Design und Entwicklung &#8211; I.C. Invest","robots":{"index":"index","follow":"follow","max-snippet":"max-snippet:-1","max-image-preview":"max-image-preview:large","max-video-preview":"max-video-preview:-1"},"canonical":"https:\/\/ic-invest.sk\/de\/it-kryptowaehrung\/ui-ux-design-und-entwicklung\/","og_locale":"de_DE","og_type":"article","og_title":"UI\/UX-Design und Entwicklung &#8211; I.C. Invest","og_description":"Phasen der Erstellung des UI\/UX-App-Designs 1. Marktforschung und Erstellung von Benutzerprofilen In der ersten Phase m\u00fcssen Sie den Markt und das Publikum Ihres Produkts analysieren, die Angebote von Wettbewerbern identifizieren und untersuchen. Sch\u00e4tzen Sie die Bed\u00fcrfnisse Ihrer Nutzer ein, damit das Produkt f\u00fcr sie so einfach, verst\u00e4ndlich und komfortabel wie m\u00f6glich ist. Darauf aufbauend wird &hellip;","og_url":"https:\/\/ic-invest.sk\/de\/it-kryptowaehrung\/ui-ux-design-und-entwicklung\/","og_site_name":"I.C. Invest","article_modified_time":"2022-10-02T14:49:02+00:00","og_image":[{"url":"https:\/\/ic-invest.sk\/wp-content\/uploads\/2022\/09\/03-05-landing.jpg","type":"","width":"","height":""}],"twitter_card":"summary_large_image","twitter_misc":{"Gesch\u00e4tzte Lesezeit":"3\u00a0Minuten"},"schema":{"@context":"https:\/\/schema.org","@graph":[{"@type":"WebPage","@id":"https:\/\/ic-invest.sk\/de\/it-kryptowaehrung\/ui-ux-design-und-entwicklung\/","url":"https:\/\/ic-invest.sk\/de\/it-kryptowaehrung\/ui-ux-design-und-entwicklung\/","name":"UI\/UX-Design und Entwicklung &#8211; I.C. Invest","isPartOf":{"@id":"https:\/\/ic-invest.sk\/de\/#website"},"primaryImageOfPage":{"@id":"https:\/\/ic-invest.sk\/de\/it-kryptowaehrung\/ui-ux-design-und-entwicklung\/#primaryimage"},"image":{"@id":"https:\/\/ic-invest.sk\/de\/it-kryptowaehrung\/ui-ux-design-und-entwicklung\/#primaryimage"},"thumbnailUrl":"https:\/\/ic-invest.sk\/wp-content\/uploads\/2022\/09\/03-05-landing.jpg","datePublished":"2022-07-27T12:39:29+00:00","dateModified":"2022-10-02T14:49:02+00:00","breadcrumb":{"@id":"https:\/\/ic-invest.sk\/de\/it-kryptowaehrung\/ui-ux-design-und-entwicklung\/#breadcrumb"},"inLanguage":"de","potentialAction":[{"@type":"ReadAction","target":["https:\/\/ic-invest.sk\/de\/it-kryptowaehrung\/ui-ux-design-und-entwicklung\/"]}]},{"@type":"ImageObject","inLanguage":"de","@id":"https:\/\/ic-invest.sk\/de\/it-kryptowaehrung\/ui-ux-design-und-entwicklung\/#primaryimage","url":"https:\/\/ic-invest.sk\/wp-content\/uploads\/2022\/09\/03-05-landing.jpg","contentUrl":"https:\/\/ic-invest.sk\/wp-content\/uploads\/2022\/09\/03-05-landing.jpg"},{"@type":"BreadcrumbList","@id":"https:\/\/ic-invest.sk\/de\/it-kryptowaehrung\/ui-ux-design-und-entwicklung\/#breadcrumb","itemListElement":[{"@type":"ListItem","position":1,"name":"Startseite","item":"https:\/\/ic-invest.sk\/de\/"},{"@type":"ListItem","position":2,"name":"IT &amp; Kryptow\u00e4hrung","item":"https:\/\/ic-invest.sk\/de\/it-kryptowaehrung\/"},{"@type":"ListItem","position":3,"name":"UI\/UX-Design und Entwicklung"}]},{"@type":"WebSite","@id":"https:\/\/ic-invest.sk\/de\/#website","url":"https:\/\/ic-invest.sk\/de\/","name":"I.C. Invest","description":"Gemeinsam ein Erfolgsrezept entwickeln","potentialAction":[{"@type":"SearchAction","target":{"@type":"EntryPoint","urlTemplate":"https:\/\/ic-invest.sk\/de\/?s={search_term_string}"},"query-input":{"@type":"PropertyValueSpecification","valueRequired":true,"valueName":"search_term_string"}}],"inLanguage":"de"}]}},"_links":{"self":[{"href":"https:\/\/ic-invest.sk\/de\/wp-json\/wp\/v2\/pages\/328","targetHints":{"allow":["GET"]}}],"collection":[{"href":"https:\/\/ic-invest.sk\/de\/wp-json\/wp\/v2\/pages"}],"about":[{"href":"https:\/\/ic-invest.sk\/de\/wp-json\/wp\/v2\/types\/page"}],"author":[{"embeddable":true,"href":"https:\/\/ic-invest.sk\/de\/wp-json\/wp\/v2\/users\/1"}],"replies":[{"embeddable":true,"href":"https:\/\/ic-invest.sk\/de\/wp-json\/wp\/v2\/comments?post=328"}],"version-history":[{"count":4,"href":"https:\/\/ic-invest.sk\/de\/wp-json\/wp\/v2\/pages\/328\/revisions"}],"predecessor-version":[{"id":1807,"href":"https:\/\/ic-invest.sk\/de\/wp-json\/wp\/v2\/pages\/328\/revisions\/1807"}],"up":[{"embeddable":true,"href":"https:\/\/ic-invest.sk\/de\/wp-json\/wp\/v2\/pages\/90"}],"wp:attachment":[{"href":"https:\/\/ic-invest.sk\/de\/wp-json\/wp\/v2\/media?parent=328"}],"curies":[{"name":"wp","href":"https:\/\/api.w.org\/{rel}","templated":true}]}}