{"id":338,"date":"2022-07-27T12:40:07","date_gmt":"2022-07-27T12:40:07","guid":{"rendered":"https:\/\/ic-invest.sk\/it-kryptowaehrung\/3d-grafik-design\/"},"modified":"2022-10-02T14:28:35","modified_gmt":"2022-10-02T14:28:35","slug":"3d-grafik-design","status":"publish","type":"page","link":"https:\/\/ic-invest.sk\/de\/it-kryptowaehrung\/3d-grafik-design\/","title":{"rendered":"3D-Grafikdesign"},"content":{"rendered":"\n<figure class=\"wp-block-image size-full\"><img decoding=\"async\" width=\"1920\" height=\"1080\" data-src=\"https:\/\/ic-invest.sk\/wp-content\/uploads\/2022\/09\/top-view.jpeg\" alt=\"\" class=\"wp-image-1295 lazyload\" data-srcset=\"https:\/\/ic-invest.sk\/wp-content\/uploads\/2022\/09\/top-view.jpeg 1920w, https:\/\/ic-invest.sk\/wp-content\/uploads\/2022\/09\/top-view-450x253.jpeg 450w, https:\/\/ic-invest.sk\/wp-content\/uploads\/2022\/09\/top-view-635x357.jpeg 635w, https:\/\/ic-invest.sk\/wp-content\/uploads\/2022\/09\/top-view-768x432.jpeg 768w, https:\/\/ic-invest.sk\/wp-content\/uploads\/2022\/09\/top-view-1536x864.jpeg 1536w\" data-sizes=\"(max-width: 1920px) 100vw, 1920px\" src=\"data:image\/gif;base64,R0lGODlhAQABAAAAACH5BAEKAAEALAAAAAABAAEAAAICTAEAOw==\" style=\"--smush-placeholder-width: 1920px; --smush-placeholder-aspect-ratio: 1920\/1080;\" \/><\/figure>\n\n<h3 class=\"wp-block-heading\">3D-Visualisierung<\/h3>\n\n<p><strong>3D Rendering<\/strong> ist eine Art von 3D-Computergrafik. Die 3D-Visualisierung erm\u00f6glicht es Ihnen, jedes Objekt mit all seinen Details zu sehen und es aus jedem Winkel zu betrachten.<\/p>\n<div class=\"wp-block-image\">\n<figure class=\"aligncenter size-full is-resized\"><img decoding=\"async\" data-src=\"https:\/\/ic-invest.sk\/wp-content\/uploads\/2022\/09\/caffe2-1.png\" alt=\"\" class=\"wp-image-1289 lazyload\" width=\"924\" data-srcset=\"https:\/\/ic-invest.sk\/wp-content\/uploads\/2022\/09\/caffe2-1.png 1155w, https:\/\/ic-invest.sk\/wp-content\/uploads\/2022\/09\/caffe2-1-401x267.png 401w, https:\/\/ic-invest.sk\/wp-content\/uploads\/2022\/09\/caffe2-1-536x357.png 536w, https:\/\/ic-invest.sk\/wp-content\/uploads\/2022\/09\/caffe2-1-768x512.png 768w\" data-sizes=\"(max-width: 1155px) 100vw, 1155px\" src=\"data:image\/gif;base64,R0lGODlhAQABAAAAACH5BAEKAAEALAAAAAABAAEAAAICTAEAOw==\" style=\"--smush-placeholder-width: 1155px; --smush-placeholder-aspect-ratio: 1155\/770;\" \/><\/figure><\/div>\n<p>Die Entwicklung der 3D-Visualisierung ist eine der Haupt- und Anfangsstufen im Bauwesen, in der Architektur und anderen menschlichen Lebensbereichen. Es erm\u00f6glicht Ihnen, die Welt umfassender zu betrachten, und die Fantasie erm\u00f6glicht es Ihnen, die gewagtesten Ideen in die Realit\u00e4t umzusetzen. <\/p>\n\n<p>Heute entfaltet sich vor uns eine leuchtende dreidimensionale Welt, die die Grenzen zwischen Realit\u00e4t und Fantasie verwischt. Unsere Designer k\u00f6nnen absolut jedes Objekt nachbauen, das nicht einmal im Leben existiert, aber so, dass eine Person an seine Existenz glaubt. Wir k\u00f6nnen diese Anlage in die bestehende Infrastruktur einbauen, als ob sie schon seit vielen Jahren dort w\u00e4re. <\/p>\n\n<p>Dank moderner Technologien machen wir hochwertige Bilder der Landschaft und Geb\u00e4ude mit einem Quadcopter-Flug oder Google Earth-Diensten, die es Ihnen erm\u00f6glichen, eine 360\u00b0-Ansicht Ihres Objekts zu machen, in jeder Entfernung zu vergr\u00f6\u00dfern und zu verkleinern, aus jedem Winkel zu betrachten , und all dies ist von der Realit\u00e4t kaum zu unterscheiden. Mithilfe moderner Software k\u00f6nnen wir Ihr Objekt in der virtuellen Realit\u00e4t nachbilden, was es f\u00fcr K\u00e4ufer noch attraktiver macht.<\/p>\n<div class=\"wp-block-image\">\n<figure class=\"aligncenter size-full is-resized\"><img decoding=\"async\" data-src=\"https:\/\/ic-invest.sk\/wp-content\/uploads\/2022\/09\/yard.jpeg\" alt=\"\" class=\"wp-image-1300 lazyload\" width=\"924\" data-srcset=\"https:\/\/ic-invest.sk\/wp-content\/uploads\/2022\/09\/yard.jpeg 1920w, https:\/\/ic-invest.sk\/wp-content\/uploads\/2022\/09\/yard-450x253.jpeg 450w, https:\/\/ic-invest.sk\/wp-content\/uploads\/2022\/09\/yard-635x357.jpeg 635w, https:\/\/ic-invest.sk\/wp-content\/uploads\/2022\/09\/yard-768x432.jpeg 768w, https:\/\/ic-invest.sk\/wp-content\/uploads\/2022\/09\/yard-1536x864.jpeg 1536w\" data-sizes=\"(max-width: 1920px) 100vw, 1920px\" src=\"data:image\/gif;base64,R0lGODlhAQABAAAAACH5BAEKAAEALAAAAAABAAEAAAICTAEAOw==\" style=\"--smush-placeholder-width: 1920px; --smush-placeholder-aspect-ratio: 1920\/1080;\" \/><\/figure><\/div>\n<div style=\"height:50px\" aria-hidden=\"true\" class=\"wp-block-spacer\"><\/div>\n\n<p>Unsere Experten helfen Ihnen bei der Erstellung einzigartiger <a href=\"https:\/\/ic-invest.sk\/de\/vizualizacziya-interera-dlya-stroitelnyh-kompanij\/\">Innen- und Au\u00dfendesigns<\/a>, bei der Erstellung einer 360\u00b0-Ansicht Ihrer Immobilie, bei der weiteren interaktiven Auswahl von Wohnungen oder der Betrachtung in einer Virtual-Reality-Brille. <\/p>\n\n<p>Wir erstellen auch interaktive 3D-Panoramen des Innenraums mit der M\u00f6glichkeit, sich mit einem Mausklick von einem zum anderen zu bewegen. <\/p>\n\n<p>In unserem Designstudio f\u00fcr 3D-Visualisierungen k\u00f6nnen Sie Visualisierungen beliebiger Komplexit\u00e4t bestellen. Wir arbeiten mit Bauorganisationen, Unternehmen, Designfirmen und privaten Architekten und Designern zusammen, die ihr Projekt auf wirklich spektakul\u00e4re Weise pr\u00e4sentieren m\u00f6chten.<\/p>\n","protected":false},"excerpt":{"rendered":"<p>3D-Visualisierung 3D Rendering ist eine Art von 3D-Computergrafik. Die 3D-Visualisierung erm\u00f6glicht es Ihnen, jedes Objekt mit all seinen Details zu sehen und es aus jedem Winkel zu betrachten. Die Entwicklung der 3D-Visualisierung ist eine der Haupt- und Anfangsstufen im Bauwesen, in der Architektur und anderen menschlichen Lebensbereichen. Es erm\u00f6glicht Ihnen, die Welt umfassender zu betrachten, &hellip;<\/p>\n","protected":false},"author":1,"featured_media":0,"parent":90,"menu_order":0,"comment_status":"closed","ping_status":"closed","template":"page-activities.php","meta":{"_acf_changed":false,"footnotes":""},"class_list":["post-338","page","type-page","status-publish","hentry"],"acf":[],"yoast_head":"<!-- This site is optimized with the Yoast SEO plugin v25.0 - https:\/\/yoast.com\/wordpress\/plugins\/seo\/ -->\n<title>3D-Grafikdesign &#8211; I.C. Invest<\/title>\n<meta name=\"robots\" content=\"index, follow, max-snippet:-1, max-image-preview:large, max-video-preview:-1\" \/>\n<link rel=\"canonical\" href=\"https:\/\/ic-invest.sk\/de\/it-kryptowaehrung\/3d-grafik-design\/\" \/>\n<meta property=\"og:locale\" content=\"de_DE\" \/>\n<meta property=\"og:type\" content=\"article\" \/>\n<meta property=\"og:title\" content=\"3D-Grafikdesign &#8211; I.C. Invest\" \/>\n<meta property=\"og:description\" content=\"3D-Visualisierung 3D Rendering ist eine Art von 3D-Computergrafik. Die 3D-Visualisierung erm\u00f6glicht es Ihnen, jedes Objekt mit all seinen Details zu sehen und es aus jedem Winkel zu betrachten. Die Entwicklung der 3D-Visualisierung ist eine der Haupt- und Anfangsstufen im Bauwesen, in der Architektur und anderen menschlichen Lebensbereichen. Es erm\u00f6glicht Ihnen, die Welt umfassender zu betrachten, &hellip;\" \/>\n<meta property=\"og:url\" content=\"https:\/\/ic-invest.sk\/de\/it-kryptowaehrung\/3d-grafik-design\/\" \/>\n<meta property=\"og:site_name\" content=\"I.C. Invest\" \/>\n<meta property=\"article:modified_time\" content=\"2022-10-02T14:28:35+00:00\" \/>\n<meta property=\"og:image\" content=\"https:\/\/ic-invest.sk\/wp-content\/uploads\/2022\/09\/top-view.jpeg\" \/>\n<meta name=\"twitter:card\" content=\"summary_large_image\" \/>\n<meta name=\"twitter:label1\" content=\"Gesch\u00e4tzte Lesezeit\" \/>\n\t<meta name=\"twitter:data1\" content=\"2\u00a0Minuten\" \/>\n<script type=\"application\/ld+json\" class=\"yoast-schema-graph\">{\"@context\":\"https:\/\/schema.org\",\"@graph\":[{\"@type\":\"WebPage\",\"@id\":\"https:\/\/ic-invest.sk\/de\/it-kryptowaehrung\/3d-grafik-design\/\",\"url\":\"https:\/\/ic-invest.sk\/de\/it-kryptowaehrung\/3d-grafik-design\/\",\"name\":\"3D-Grafikdesign &#8211; I.C. Invest\",\"isPartOf\":{\"@id\":\"https:\/\/ic-invest.sk\/de\/#website\"},\"primaryImageOfPage\":{\"@id\":\"https:\/\/ic-invest.sk\/de\/it-kryptowaehrung\/3d-grafik-design\/#primaryimage\"},\"image\":{\"@id\":\"https:\/\/ic-invest.sk\/de\/it-kryptowaehrung\/3d-grafik-design\/#primaryimage\"},\"thumbnailUrl\":\"https:\/\/ic-invest.sk\/wp-content\/uploads\/2022\/09\/top-view.jpeg\",\"datePublished\":\"2022-07-27T12:40:07+00:00\",\"dateModified\":\"2022-10-02T14:28:35+00:00\",\"breadcrumb\":{\"@id\":\"https:\/\/ic-invest.sk\/de\/it-kryptowaehrung\/3d-grafik-design\/#breadcrumb\"},\"inLanguage\":\"de\",\"potentialAction\":[{\"@type\":\"ReadAction\",\"target\":[\"https:\/\/ic-invest.sk\/de\/it-kryptowaehrung\/3d-grafik-design\/\"]}]},{\"@type\":\"ImageObject\",\"inLanguage\":\"de\",\"@id\":\"https:\/\/ic-invest.sk\/de\/it-kryptowaehrung\/3d-grafik-design\/#primaryimage\",\"url\":\"https:\/\/ic-invest.sk\/wp-content\/uploads\/2022\/09\/top-view.jpeg\",\"contentUrl\":\"https:\/\/ic-invest.sk\/wp-content\/uploads\/2022\/09\/top-view.jpeg\"},{\"@type\":\"BreadcrumbList\",\"@id\":\"https:\/\/ic-invest.sk\/de\/it-kryptowaehrung\/3d-grafik-design\/#breadcrumb\",\"itemListElement\":[{\"@type\":\"ListItem\",\"position\":1,\"name\":\"Startseite\",\"item\":\"https:\/\/ic-invest.sk\/de\/\"},{\"@type\":\"ListItem\",\"position\":2,\"name\":\"IT &amp; Kryptow\u00e4hrung\",\"item\":\"https:\/\/ic-invest.sk\/de\/it-kryptowaehrung\/\"},{\"@type\":\"ListItem\",\"position\":3,\"name\":\"3D-Grafikdesign\"}]},{\"@type\":\"WebSite\",\"@id\":\"https:\/\/ic-invest.sk\/de\/#website\",\"url\":\"https:\/\/ic-invest.sk\/de\/\",\"name\":\"I.C. Invest\",\"description\":\"Gemeinsam ein Erfolgsrezept entwickeln\",\"potentialAction\":[{\"@type\":\"SearchAction\",\"target\":{\"@type\":\"EntryPoint\",\"urlTemplate\":\"https:\/\/ic-invest.sk\/de\/?s={search_term_string}\"},\"query-input\":{\"@type\":\"PropertyValueSpecification\",\"valueRequired\":true,\"valueName\":\"search_term_string\"}}],\"inLanguage\":\"de\"}]}<\/script>\n<!-- \/ Yoast SEO plugin. -->","yoast_head_json":{"title":"3D-Grafikdesign &#8211; I.C. Invest","robots":{"index":"index","follow":"follow","max-snippet":"max-snippet:-1","max-image-preview":"max-image-preview:large","max-video-preview":"max-video-preview:-1"},"canonical":"https:\/\/ic-invest.sk\/de\/it-kryptowaehrung\/3d-grafik-design\/","og_locale":"de_DE","og_type":"article","og_title":"3D-Grafikdesign &#8211; I.C. Invest","og_description":"3D-Visualisierung 3D Rendering ist eine Art von 3D-Computergrafik. Die 3D-Visualisierung erm\u00f6glicht es Ihnen, jedes Objekt mit all seinen Details zu sehen und es aus jedem Winkel zu betrachten. Die Entwicklung der 3D-Visualisierung ist eine der Haupt- und Anfangsstufen im Bauwesen, in der Architektur und anderen menschlichen Lebensbereichen. Es erm\u00f6glicht Ihnen, die Welt umfassender zu betrachten, &hellip;","og_url":"https:\/\/ic-invest.sk\/de\/it-kryptowaehrung\/3d-grafik-design\/","og_site_name":"I.C. Invest","article_modified_time":"2022-10-02T14:28:35+00:00","og_image":[{"url":"https:\/\/ic-invest.sk\/wp-content\/uploads\/2022\/09\/top-view.jpeg","type":"","width":"","height":""}],"twitter_card":"summary_large_image","twitter_misc":{"Gesch\u00e4tzte Lesezeit":"2\u00a0Minuten"},"schema":{"@context":"https:\/\/schema.org","@graph":[{"@type":"WebPage","@id":"https:\/\/ic-invest.sk\/de\/it-kryptowaehrung\/3d-grafik-design\/","url":"https:\/\/ic-invest.sk\/de\/it-kryptowaehrung\/3d-grafik-design\/","name":"3D-Grafikdesign &#8211; I.C. Invest","isPartOf":{"@id":"https:\/\/ic-invest.sk\/de\/#website"},"primaryImageOfPage":{"@id":"https:\/\/ic-invest.sk\/de\/it-kryptowaehrung\/3d-grafik-design\/#primaryimage"},"image":{"@id":"https:\/\/ic-invest.sk\/de\/it-kryptowaehrung\/3d-grafik-design\/#primaryimage"},"thumbnailUrl":"https:\/\/ic-invest.sk\/wp-content\/uploads\/2022\/09\/top-view.jpeg","datePublished":"2022-07-27T12:40:07+00:00","dateModified":"2022-10-02T14:28:35+00:00","breadcrumb":{"@id":"https:\/\/ic-invest.sk\/de\/it-kryptowaehrung\/3d-grafik-design\/#breadcrumb"},"inLanguage":"de","potentialAction":[{"@type":"ReadAction","target":["https:\/\/ic-invest.sk\/de\/it-kryptowaehrung\/3d-grafik-design\/"]}]},{"@type":"ImageObject","inLanguage":"de","@id":"https:\/\/ic-invest.sk\/de\/it-kryptowaehrung\/3d-grafik-design\/#primaryimage","url":"https:\/\/ic-invest.sk\/wp-content\/uploads\/2022\/09\/top-view.jpeg","contentUrl":"https:\/\/ic-invest.sk\/wp-content\/uploads\/2022\/09\/top-view.jpeg"},{"@type":"BreadcrumbList","@id":"https:\/\/ic-invest.sk\/de\/it-kryptowaehrung\/3d-grafik-design\/#breadcrumb","itemListElement":[{"@type":"ListItem","position":1,"name":"Startseite","item":"https:\/\/ic-invest.sk\/de\/"},{"@type":"ListItem","position":2,"name":"IT &amp; Kryptow\u00e4hrung","item":"https:\/\/ic-invest.sk\/de\/it-kryptowaehrung\/"},{"@type":"ListItem","position":3,"name":"3D-Grafikdesign"}]},{"@type":"WebSite","@id":"https:\/\/ic-invest.sk\/de\/#website","url":"https:\/\/ic-invest.sk\/de\/","name":"I.C. Invest","description":"Gemeinsam ein Erfolgsrezept entwickeln","potentialAction":[{"@type":"SearchAction","target":{"@type":"EntryPoint","urlTemplate":"https:\/\/ic-invest.sk\/de\/?s={search_term_string}"},"query-input":{"@type":"PropertyValueSpecification","valueRequired":true,"valueName":"search_term_string"}}],"inLanguage":"de"}]}},"_links":{"self":[{"href":"https:\/\/ic-invest.sk\/de\/wp-json\/wp\/v2\/pages\/338","targetHints":{"allow":["GET"]}}],"collection":[{"href":"https:\/\/ic-invest.sk\/de\/wp-json\/wp\/v2\/pages"}],"about":[{"href":"https:\/\/ic-invest.sk\/de\/wp-json\/wp\/v2\/types\/page"}],"author":[{"embeddable":true,"href":"https:\/\/ic-invest.sk\/de\/wp-json\/wp\/v2\/users\/1"}],"replies":[{"embeddable":true,"href":"https:\/\/ic-invest.sk\/de\/wp-json\/wp\/v2\/comments?post=338"}],"version-history":[{"count":4,"href":"https:\/\/ic-invest.sk\/de\/wp-json\/wp\/v2\/pages\/338\/revisions"}],"predecessor-version":[{"id":1799,"href":"https:\/\/ic-invest.sk\/de\/wp-json\/wp\/v2\/pages\/338\/revisions\/1799"}],"up":[{"embeddable":true,"href":"https:\/\/ic-invest.sk\/de\/wp-json\/wp\/v2\/pages\/90"}],"wp:attachment":[{"href":"https:\/\/ic-invest.sk\/de\/wp-json\/wp\/v2\/media?parent=338"}],"curies":[{"name":"wp","href":"https:\/\/api.w.org\/{rel}","templated":true}]}}