{"id":353,"date":"2022-07-27T12:41:05","date_gmt":"2022-07-27T12:41:05","guid":{"rendered":"https:\/\/ic-invest.sk\/it-kryptowaehrung\/anwendungen\/"},"modified":"2022-10-02T14:36:09","modified_gmt":"2022-10-02T14:36:09","slug":"anwendungen","status":"publish","type":"page","link":"https:\/\/ic-invest.sk\/de\/it-kryptowaehrung\/anwendungen\/","title":{"rendered":"Anwendungen"},"content":{"rendered":"\n<figure class=\"wp-block-image size-full\"><img decoding=\"async\" width=\"1920\" height=\"1024\" data-src=\"https:\/\/ic-invest.sk\/wp-content\/uploads\/2022\/09\/03-04-landing.jpg\" alt=\"\" class=\"wp-image-1143 lazyload\" data-srcset=\"https:\/\/ic-invest.sk\/wp-content\/uploads\/2022\/09\/03-04-landing.jpg 1920w, https:\/\/ic-invest.sk\/wp-content\/uploads\/2022\/09\/03-04-landing-450x240.jpg 450w, https:\/\/ic-invest.sk\/wp-content\/uploads\/2022\/09\/03-04-landing-669x357.jpg 669w, https:\/\/ic-invest.sk\/wp-content\/uploads\/2022\/09\/03-04-landing-768x410.jpg 768w, https:\/\/ic-invest.sk\/wp-content\/uploads\/2022\/09\/03-04-landing-1536x819.jpg 1536w\" data-sizes=\"(max-width: 1920px) 100vw, 1920px\" src=\"data:image\/gif;base64,R0lGODlhAQABAAAAACH5BAEKAAEALAAAAAABAAEAAAICTAEAOw==\" style=\"--smush-placeholder-width: 1920px; --smush-placeholder-aspect-ratio: 1920\/1024;\" \/><\/figure>\n\n<h3 class=\"wp-block-heading\">Mobile Anwendungsentwicklung<\/h3>\n\n<p>Eine hochwertige mobile Anwendung ist ein einzigartiges Design, eine einfache und intuitive Funktionalit\u00e4t, eine benutzerfreundliche Oberfl\u00e4che und eine schnelle Arbeitsgeschwindigkeit.<\/p>\n\n<p>Wir erstellen mobile Anwendungen, die Geld verdienen.<\/p>\n\n<p>Heutzutage hat jeder Mensch ein Smartphone, und wenn Ihr Produkt nicht auf Mobilger\u00e4ten verf\u00fcgbar ist, denken Sie daran, dass es nicht auf dem Markt ist, da mehr als die H\u00e4lfte aller Anfragen von Mobilger\u00e4ten stammen.<\/p>\n\n<p>Ein modernes Produkt sollte von \u00fcberall auf der Welt mit nur wenigen Klicks auf dem Telefonbildschirm zug\u00e4nglich sein.<\/p>\n\n<p>Unsere Experten entwickeln f\u00fcr Sie eine Anwendung, die alle Anforderungen Ihres Unternehmens erf\u00fcllt.<\/p>\n","protected":false},"excerpt":{"rendered":"<p>Mobile Anwendungsentwicklung Eine hochwertige mobile Anwendung ist ein einzigartiges Design, eine einfache und intuitive Funktionalit\u00e4t, eine benutzerfreundliche Oberfl\u00e4che und eine schnelle Arbeitsgeschwindigkeit. Wir erstellen mobile Anwendungen, die Geld verdienen. Heutzutage hat jeder Mensch ein Smartphone, und wenn Ihr Produkt nicht auf Mobilger\u00e4ten verf\u00fcgbar ist, denken Sie daran, dass es nicht auf dem Markt ist, da &hellip;<\/p>\n","protected":false},"author":1,"featured_media":0,"parent":90,"menu_order":0,"comment_status":"closed","ping_status":"closed","template":"page-activities.php","meta":{"_acf_changed":false,"footnotes":""},"class_list":["post-353","page","type-page","status-publish","hentry"],"acf":[],"yoast_head":"<!-- This site is optimized with the Yoast SEO plugin v25.0 - https:\/\/yoast.com\/wordpress\/plugins\/seo\/ -->\n<title>Anwendungen &#8211; I.C. Invest<\/title>\n<meta name=\"robots\" content=\"index, follow, max-snippet:-1, max-image-preview:large, max-video-preview:-1\" \/>\n<link rel=\"canonical\" href=\"https:\/\/ic-invest.sk\/de\/it-kryptowaehrung\/anwendungen\/\" \/>\n<meta property=\"og:locale\" content=\"de_DE\" \/>\n<meta property=\"og:type\" content=\"article\" \/>\n<meta property=\"og:title\" content=\"Anwendungen &#8211; I.C. Invest\" \/>\n<meta property=\"og:description\" content=\"Mobile Anwendungsentwicklung Eine hochwertige mobile Anwendung ist ein einzigartiges Design, eine einfache und intuitive Funktionalit\u00e4t, eine benutzerfreundliche Oberfl\u00e4che und eine schnelle Arbeitsgeschwindigkeit. Wir erstellen mobile Anwendungen, die Geld verdienen. Heutzutage hat jeder Mensch ein Smartphone, und wenn Ihr Produkt nicht auf Mobilger\u00e4ten verf\u00fcgbar ist, denken Sie daran, dass es nicht auf dem Markt ist, da &hellip;\" \/>\n<meta property=\"og:url\" content=\"https:\/\/ic-invest.sk\/de\/it-kryptowaehrung\/anwendungen\/\" \/>\n<meta property=\"og:site_name\" content=\"I.C. Invest\" \/>\n<meta property=\"article:modified_time\" content=\"2022-10-02T14:36:09+00:00\" \/>\n<meta property=\"og:image\" content=\"https:\/\/ic-invest.sk\/wp-content\/uploads\/2022\/09\/03-04-landing.jpg\" \/>\n<meta name=\"twitter:card\" content=\"summary_large_image\" \/>\n<meta name=\"twitter:label1\" content=\"Gesch\u00e4tzte Lesezeit\" \/>\n\t<meta name=\"twitter:data1\" content=\"1\u00a0Minute\" \/>\n<script type=\"application\/ld+json\" class=\"yoast-schema-graph\">{\"@context\":\"https:\/\/schema.org\",\"@graph\":[{\"@type\":\"WebPage\",\"@id\":\"https:\/\/ic-invest.sk\/de\/it-kryptowaehrung\/anwendungen\/\",\"url\":\"https:\/\/ic-invest.sk\/de\/it-kryptowaehrung\/anwendungen\/\",\"name\":\"Anwendungen &#8211; I.C. Invest\",\"isPartOf\":{\"@id\":\"https:\/\/ic-invest.sk\/de\/#website\"},\"primaryImageOfPage\":{\"@id\":\"https:\/\/ic-invest.sk\/de\/it-kryptowaehrung\/anwendungen\/#primaryimage\"},\"image\":{\"@id\":\"https:\/\/ic-invest.sk\/de\/it-kryptowaehrung\/anwendungen\/#primaryimage\"},\"thumbnailUrl\":\"https:\/\/ic-invest.sk\/wp-content\/uploads\/2022\/09\/03-04-landing.jpg\",\"datePublished\":\"2022-07-27T12:41:05+00:00\",\"dateModified\":\"2022-10-02T14:36:09+00:00\",\"breadcrumb\":{\"@id\":\"https:\/\/ic-invest.sk\/de\/it-kryptowaehrung\/anwendungen\/#breadcrumb\"},\"inLanguage\":\"de\",\"potentialAction\":[{\"@type\":\"ReadAction\",\"target\":[\"https:\/\/ic-invest.sk\/de\/it-kryptowaehrung\/anwendungen\/\"]}]},{\"@type\":\"ImageObject\",\"inLanguage\":\"de\",\"@id\":\"https:\/\/ic-invest.sk\/de\/it-kryptowaehrung\/anwendungen\/#primaryimage\",\"url\":\"https:\/\/ic-invest.sk\/wp-content\/uploads\/2022\/09\/03-04-landing.jpg\",\"contentUrl\":\"https:\/\/ic-invest.sk\/wp-content\/uploads\/2022\/09\/03-04-landing.jpg\"},{\"@type\":\"BreadcrumbList\",\"@id\":\"https:\/\/ic-invest.sk\/de\/it-kryptowaehrung\/anwendungen\/#breadcrumb\",\"itemListElement\":[{\"@type\":\"ListItem\",\"position\":1,\"name\":\"Startseite\",\"item\":\"https:\/\/ic-invest.sk\/de\/\"},{\"@type\":\"ListItem\",\"position\":2,\"name\":\"IT &amp; Kryptow\u00e4hrung\",\"item\":\"https:\/\/ic-invest.sk\/de\/it-kryptowaehrung\/\"},{\"@type\":\"ListItem\",\"position\":3,\"name\":\"Anwendungen\"}]},{\"@type\":\"WebSite\",\"@id\":\"https:\/\/ic-invest.sk\/de\/#website\",\"url\":\"https:\/\/ic-invest.sk\/de\/\",\"name\":\"I.C. Invest\",\"description\":\"Gemeinsam ein Erfolgsrezept entwickeln\",\"potentialAction\":[{\"@type\":\"SearchAction\",\"target\":{\"@type\":\"EntryPoint\",\"urlTemplate\":\"https:\/\/ic-invest.sk\/de\/?s={search_term_string}\"},\"query-input\":{\"@type\":\"PropertyValueSpecification\",\"valueRequired\":true,\"valueName\":\"search_term_string\"}}],\"inLanguage\":\"de\"}]}<\/script>\n<!-- \/ Yoast SEO plugin. -->","yoast_head_json":{"title":"Anwendungen &#8211; I.C. Invest","robots":{"index":"index","follow":"follow","max-snippet":"max-snippet:-1","max-image-preview":"max-image-preview:large","max-video-preview":"max-video-preview:-1"},"canonical":"https:\/\/ic-invest.sk\/de\/it-kryptowaehrung\/anwendungen\/","og_locale":"de_DE","og_type":"article","og_title":"Anwendungen &#8211; I.C. Invest","og_description":"Mobile Anwendungsentwicklung Eine hochwertige mobile Anwendung ist ein einzigartiges Design, eine einfache und intuitive Funktionalit\u00e4t, eine benutzerfreundliche Oberfl\u00e4che und eine schnelle Arbeitsgeschwindigkeit. Wir erstellen mobile Anwendungen, die Geld verdienen. Heutzutage hat jeder Mensch ein Smartphone, und wenn Ihr Produkt nicht auf Mobilger\u00e4ten verf\u00fcgbar ist, denken Sie daran, dass es nicht auf dem Markt ist, da &hellip;","og_url":"https:\/\/ic-invest.sk\/de\/it-kryptowaehrung\/anwendungen\/","og_site_name":"I.C. Invest","article_modified_time":"2022-10-02T14:36:09+00:00","og_image":[{"url":"https:\/\/ic-invest.sk\/wp-content\/uploads\/2022\/09\/03-04-landing.jpg","type":"","width":"","height":""}],"twitter_card":"summary_large_image","twitter_misc":{"Gesch\u00e4tzte Lesezeit":"1\u00a0Minute"},"schema":{"@context":"https:\/\/schema.org","@graph":[{"@type":"WebPage","@id":"https:\/\/ic-invest.sk\/de\/it-kryptowaehrung\/anwendungen\/","url":"https:\/\/ic-invest.sk\/de\/it-kryptowaehrung\/anwendungen\/","name":"Anwendungen &#8211; I.C. Invest","isPartOf":{"@id":"https:\/\/ic-invest.sk\/de\/#website"},"primaryImageOfPage":{"@id":"https:\/\/ic-invest.sk\/de\/it-kryptowaehrung\/anwendungen\/#primaryimage"},"image":{"@id":"https:\/\/ic-invest.sk\/de\/it-kryptowaehrung\/anwendungen\/#primaryimage"},"thumbnailUrl":"https:\/\/ic-invest.sk\/wp-content\/uploads\/2022\/09\/03-04-landing.jpg","datePublished":"2022-07-27T12:41:05+00:00","dateModified":"2022-10-02T14:36:09+00:00","breadcrumb":{"@id":"https:\/\/ic-invest.sk\/de\/it-kryptowaehrung\/anwendungen\/#breadcrumb"},"inLanguage":"de","potentialAction":[{"@type":"ReadAction","target":["https:\/\/ic-invest.sk\/de\/it-kryptowaehrung\/anwendungen\/"]}]},{"@type":"ImageObject","inLanguage":"de","@id":"https:\/\/ic-invest.sk\/de\/it-kryptowaehrung\/anwendungen\/#primaryimage","url":"https:\/\/ic-invest.sk\/wp-content\/uploads\/2022\/09\/03-04-landing.jpg","contentUrl":"https:\/\/ic-invest.sk\/wp-content\/uploads\/2022\/09\/03-04-landing.jpg"},{"@type":"BreadcrumbList","@id":"https:\/\/ic-invest.sk\/de\/it-kryptowaehrung\/anwendungen\/#breadcrumb","itemListElement":[{"@type":"ListItem","position":1,"name":"Startseite","item":"https:\/\/ic-invest.sk\/de\/"},{"@type":"ListItem","position":2,"name":"IT &amp; Kryptow\u00e4hrung","item":"https:\/\/ic-invest.sk\/de\/it-kryptowaehrung\/"},{"@type":"ListItem","position":3,"name":"Anwendungen"}]},{"@type":"WebSite","@id":"https:\/\/ic-invest.sk\/de\/#website","url":"https:\/\/ic-invest.sk\/de\/","name":"I.C. Invest","description":"Gemeinsam ein Erfolgsrezept entwickeln","potentialAction":[{"@type":"SearchAction","target":{"@type":"EntryPoint","urlTemplate":"https:\/\/ic-invest.sk\/de\/?s={search_term_string}"},"query-input":{"@type":"PropertyValueSpecification","valueRequired":true,"valueName":"search_term_string"}}],"inLanguage":"de"}]}},"_links":{"self":[{"href":"https:\/\/ic-invest.sk\/de\/wp-json\/wp\/v2\/pages\/353","targetHints":{"allow":["GET"]}}],"collection":[{"href":"https:\/\/ic-invest.sk\/de\/wp-json\/wp\/v2\/pages"}],"about":[{"href":"https:\/\/ic-invest.sk\/de\/wp-json\/wp\/v2\/types\/page"}],"author":[{"embeddable":true,"href":"https:\/\/ic-invest.sk\/de\/wp-json\/wp\/v2\/users\/1"}],"replies":[{"embeddable":true,"href":"https:\/\/ic-invest.sk\/de\/wp-json\/wp\/v2\/comments?post=353"}],"version-history":[{"count":3,"href":"https:\/\/ic-invest.sk\/de\/wp-json\/wp\/v2\/pages\/353\/revisions"}],"predecessor-version":[{"id":1803,"href":"https:\/\/ic-invest.sk\/de\/wp-json\/wp\/v2\/pages\/353\/revisions\/1803"}],"up":[{"embeddable":true,"href":"https:\/\/ic-invest.sk\/de\/wp-json\/wp\/v2\/pages\/90"}],"wp:attachment":[{"href":"https:\/\/ic-invest.sk\/de\/wp-json\/wp\/v2\/media?parent=353"}],"curies":[{"name":"wp","href":"https:\/\/api.w.org\/{rel}","templated":true}]}}