{"id":164,"date":"2022-07-18T14:28:16","date_gmt":"2022-07-18T14:28:16","guid":{"rendered":"https:\/\/ic-invest.sk\/o-nas\/"},"modified":"2022-10-02T14:08:36","modified_gmt":"2022-10-02T14:08:36","slug":"o-nas","status":"publish","type":"page","link":"https:\/\/ic-invest.sk\/sk\/o-nas\/","title":{"rendered":"O n\u00e1s"},"content":{"rendered":"\n<p><\/p>\n\n<figure class=\"wp-block-image size-full\"><img decoding=\"async\" width=\"1400\" height=\"428\" data-src=\"https:\/\/ic-invest.sk\/wp-content\/uploads\/2022\/07\/group-people-working-out-business-plan-office.jpg\" alt=\"\" class=\"wp-image-278 lazyload\" data-srcset=\"https:\/\/ic-invest.sk\/wp-content\/uploads\/2022\/07\/group-people-working-out-business-plan-office.jpg 1400w, https:\/\/ic-invest.sk\/wp-content\/uploads\/2022\/07\/group-people-working-out-business-plan-office-450x138.jpg 450w, https:\/\/ic-invest.sk\/wp-content\/uploads\/2022\/07\/group-people-working-out-business-plan-office-690x211.jpg 690w, https:\/\/ic-invest.sk\/wp-content\/uploads\/2022\/07\/group-people-working-out-business-plan-office-768x235.jpg 768w\" data-sizes=\"(max-width: 1400px) 100vw, 1400px\" src=\"data:image\/gif;base64,R0lGODlhAQABAAAAACH5BAEKAAEALAAAAAABAAEAAAICTAEAOw==\" style=\"--smush-placeholder-width: 1400px; --smush-placeholder-aspect-ratio: 1400\/428;\" \/><\/figure>\n\n<p>Sme t\u00edm s viac ako 10-ro\u010dn\u00fdmi sk\u00fasenos\u0165ami v oblasti invest\u00edci\u00ed, ktor\u00fd pre\u0161iel od malej makl\u00e9rskej firmy a\u017e po spolo\u010dnos\u0165, ktor\u00e1 sa zaober\u00e1:<\/p>\n\n<ul class=\"wp-block-list\"><li>invest\u00edcie do nehnute\u013enost\u00ed<\/li><li>realizujeme vlastn\u00e9 stavebn\u00e9 projekty na Slovensku aj v zahrani\u010d\u00ed<\/li><li>vyv\u00edjame strat\u00e9gie spr\u00e1vy akt\u00edv v oblasti nehnute\u013enost\u00ed<\/li><li>poskytujeme IT slu\u017eby pre v\u00fdvoj\u00e1rov<\/li><\/ul>\n","protected":false},"excerpt":{"rendered":"<p>Sme t\u00edm s viac ako 10-ro\u010dn\u00fdmi sk\u00fasenos\u0165ami v oblasti invest\u00edci\u00ed, ktor\u00fd pre\u0161iel od malej makl\u00e9rskej firmy a\u017e po spolo\u010dnos\u0165, ktor\u00e1 sa zaober\u00e1: invest\u00edcie do nehnute\u013enost\u00ed realizujeme vlastn\u00e9 stavebn\u00e9 projekty na Slovensku aj v zahrani\u010d\u00ed vyv\u00edjame strat\u00e9gie spr\u00e1vy akt\u00edv v oblasti nehnute\u013enost\u00ed poskytujeme IT slu\u017eby pre v\u00fdvoj\u00e1rov<\/p>\n","protected":false},"author":1,"featured_media":0,"parent":0,"menu_order":0,"comment_status":"closed","ping_status":"closed","template":"","meta":{"_acf_changed":false,"footnotes":""},"class_list":["post-164","page","type-page","status-publish","hentry"],"acf":[],"yoast_head":"<!-- This site is optimized with the Yoast SEO plugin v25.0 - https:\/\/yoast.com\/wordpress\/plugins\/seo\/ -->\n<title>O n\u00e1s &#8211; I.C. Invest<\/title>\n<meta name=\"robots\" content=\"index, follow, max-snippet:-1, max-image-preview:large, max-video-preview:-1\" \/>\n<link rel=\"canonical\" href=\"https:\/\/ic-invest.sk\/sk\/o-nas\/\" \/>\n<meta property=\"og:locale\" content=\"sk_SK\" \/>\n<meta property=\"og:type\" content=\"article\" \/>\n<meta property=\"og:title\" content=\"O n\u00e1s &#8211; I.C. Invest\" \/>\n<meta property=\"og:description\" content=\"Sme t\u00edm s viac ako 10-ro\u010dn\u00fdmi sk\u00fasenos\u0165ami v oblasti invest\u00edci\u00ed, ktor\u00fd pre\u0161iel od malej makl\u00e9rskej firmy a\u017e po spolo\u010dnos\u0165, ktor\u00e1 sa zaober\u00e1: invest\u00edcie do nehnute\u013enost\u00ed realizujeme vlastn\u00e9 stavebn\u00e9 projekty na Slovensku aj v zahrani\u010d\u00ed vyv\u00edjame strat\u00e9gie spr\u00e1vy akt\u00edv v oblasti nehnute\u013enost\u00ed poskytujeme IT slu\u017eby pre v\u00fdvoj\u00e1rov\" \/>\n<meta property=\"og:url\" content=\"https:\/\/ic-invest.sk\/sk\/o-nas\/\" \/>\n<meta property=\"og:site_name\" content=\"I.C. Invest\" \/>\n<meta property=\"article:modified_time\" content=\"2022-10-02T14:08:36+00:00\" \/>\n<meta property=\"og:image\" content=\"https:\/\/ic-invest.sk\/wp-content\/uploads\/2022\/07\/group-people-working-out-business-plan-office.jpg\" \/>\n<meta name=\"twitter:card\" content=\"summary_large_image\" \/>\n<script type=\"application\/ld+json\" class=\"yoast-schema-graph\">{\"@context\":\"https:\/\/schema.org\",\"@graph\":[{\"@type\":\"WebPage\",\"@id\":\"https:\/\/ic-invest.sk\/sk\/o-nas\/\",\"url\":\"https:\/\/ic-invest.sk\/sk\/o-nas\/\",\"name\":\"O n\u00e1s &#8211; I.C. Invest\",\"isPartOf\":{\"@id\":\"https:\/\/ic-invest.sk\/sk\/#website\"},\"primaryImageOfPage\":{\"@id\":\"https:\/\/ic-invest.sk\/sk\/o-nas\/#primaryimage\"},\"image\":{\"@id\":\"https:\/\/ic-invest.sk\/sk\/o-nas\/#primaryimage\"},\"thumbnailUrl\":\"https:\/\/ic-invest.sk\/wp-content\/uploads\/2022\/07\/group-people-working-out-business-plan-office.jpg\",\"datePublished\":\"2022-07-18T14:28:16+00:00\",\"dateModified\":\"2022-10-02T14:08:36+00:00\",\"breadcrumb\":{\"@id\":\"https:\/\/ic-invest.sk\/sk\/o-nas\/#breadcrumb\"},\"inLanguage\":\"sk-SK\",\"potentialAction\":[{\"@type\":\"ReadAction\",\"target\":[\"https:\/\/ic-invest.sk\/sk\/o-nas\/\"]}]},{\"@type\":\"ImageObject\",\"inLanguage\":\"sk-SK\",\"@id\":\"https:\/\/ic-invest.sk\/sk\/o-nas\/#primaryimage\",\"url\":\"https:\/\/ic-invest.sk\/wp-content\/uploads\/2022\/07\/group-people-working-out-business-plan-office.jpg\",\"contentUrl\":\"https:\/\/ic-invest.sk\/wp-content\/uploads\/2022\/07\/group-people-working-out-business-plan-office.jpg\"},{\"@type\":\"BreadcrumbList\",\"@id\":\"https:\/\/ic-invest.sk\/sk\/o-nas\/#breadcrumb\",\"itemListElement\":[{\"@type\":\"ListItem\",\"position\":1,\"name\":\"Domov\",\"item\":\"https:\/\/ic-invest.sk\/sk\/\"},{\"@type\":\"ListItem\",\"position\":2,\"name\":\"O n\u00e1s\"}]},{\"@type\":\"WebSite\",\"@id\":\"https:\/\/ic-invest.sk\/sk\/#website\",\"url\":\"https:\/\/ic-invest.sk\/sk\/\",\"name\":\"I.C. Invest\",\"description\":\"Spolo\u010dne vytvorte vzorec \u00faspechu\",\"potentialAction\":[{\"@type\":\"SearchAction\",\"target\":{\"@type\":\"EntryPoint\",\"urlTemplate\":\"https:\/\/ic-invest.sk\/sk\/?s={search_term_string}\"},\"query-input\":{\"@type\":\"PropertyValueSpecification\",\"valueRequired\":true,\"valueName\":\"search_term_string\"}}],\"inLanguage\":\"sk-SK\"}]}<\/script>\n<!-- \/ Yoast SEO plugin. -->","yoast_head_json":{"title":"O n\u00e1s &#8211; I.C. Invest","robots":{"index":"index","follow":"follow","max-snippet":"max-snippet:-1","max-image-preview":"max-image-preview:large","max-video-preview":"max-video-preview:-1"},"canonical":"https:\/\/ic-invest.sk\/sk\/o-nas\/","og_locale":"sk_SK","og_type":"article","og_title":"O n\u00e1s &#8211; I.C. Invest","og_description":"Sme t\u00edm s viac ako 10-ro\u010dn\u00fdmi sk\u00fasenos\u0165ami v oblasti invest\u00edci\u00ed, ktor\u00fd pre\u0161iel od malej makl\u00e9rskej firmy a\u017e po spolo\u010dnos\u0165, ktor\u00e1 sa zaober\u00e1: invest\u00edcie do nehnute\u013enost\u00ed realizujeme vlastn\u00e9 stavebn\u00e9 projekty na Slovensku aj v zahrani\u010d\u00ed vyv\u00edjame strat\u00e9gie spr\u00e1vy akt\u00edv v oblasti nehnute\u013enost\u00ed poskytujeme IT slu\u017eby pre v\u00fdvoj\u00e1rov","og_url":"https:\/\/ic-invest.sk\/sk\/o-nas\/","og_site_name":"I.C. Invest","article_modified_time":"2022-10-02T14:08:36+00:00","og_image":[{"url":"https:\/\/ic-invest.sk\/wp-content\/uploads\/2022\/07\/group-people-working-out-business-plan-office.jpg","type":"","width":"","height":""}],"twitter_card":"summary_large_image","schema":{"@context":"https:\/\/schema.org","@graph":[{"@type":"WebPage","@id":"https:\/\/ic-invest.sk\/sk\/o-nas\/","url":"https:\/\/ic-invest.sk\/sk\/o-nas\/","name":"O n\u00e1s &#8211; I.C. Invest","isPartOf":{"@id":"https:\/\/ic-invest.sk\/sk\/#website"},"primaryImageOfPage":{"@id":"https:\/\/ic-invest.sk\/sk\/o-nas\/#primaryimage"},"image":{"@id":"https:\/\/ic-invest.sk\/sk\/o-nas\/#primaryimage"},"thumbnailUrl":"https:\/\/ic-invest.sk\/wp-content\/uploads\/2022\/07\/group-people-working-out-business-plan-office.jpg","datePublished":"2022-07-18T14:28:16+00:00","dateModified":"2022-10-02T14:08:36+00:00","breadcrumb":{"@id":"https:\/\/ic-invest.sk\/sk\/o-nas\/#breadcrumb"},"inLanguage":"sk-SK","potentialAction":[{"@type":"ReadAction","target":["https:\/\/ic-invest.sk\/sk\/o-nas\/"]}]},{"@type":"ImageObject","inLanguage":"sk-SK","@id":"https:\/\/ic-invest.sk\/sk\/o-nas\/#primaryimage","url":"https:\/\/ic-invest.sk\/wp-content\/uploads\/2022\/07\/group-people-working-out-business-plan-office.jpg","contentUrl":"https:\/\/ic-invest.sk\/wp-content\/uploads\/2022\/07\/group-people-working-out-business-plan-office.jpg"},{"@type":"BreadcrumbList","@id":"https:\/\/ic-invest.sk\/sk\/o-nas\/#breadcrumb","itemListElement":[{"@type":"ListItem","position":1,"name":"Domov","item":"https:\/\/ic-invest.sk\/sk\/"},{"@type":"ListItem","position":2,"name":"O n\u00e1s"}]},{"@type":"WebSite","@id":"https:\/\/ic-invest.sk\/sk\/#website","url":"https:\/\/ic-invest.sk\/sk\/","name":"I.C. Invest","description":"Spolo\u010dne vytvorte vzorec \u00faspechu","potentialAction":[{"@type":"SearchAction","target":{"@type":"EntryPoint","urlTemplate":"https:\/\/ic-invest.sk\/sk\/?s={search_term_string}"},"query-input":{"@type":"PropertyValueSpecification","valueRequired":true,"valueName":"search_term_string"}}],"inLanguage":"sk-SK"}]}},"_links":{"self":[{"href":"https:\/\/ic-invest.sk\/sk\/wp-json\/wp\/v2\/pages\/164","targetHints":{"allow":["GET"]}}],"collection":[{"href":"https:\/\/ic-invest.sk\/sk\/wp-json\/wp\/v2\/pages"}],"about":[{"href":"https:\/\/ic-invest.sk\/sk\/wp-json\/wp\/v2\/types\/page"}],"author":[{"embeddable":true,"href":"https:\/\/ic-invest.sk\/sk\/wp-json\/wp\/v2\/users\/1"}],"replies":[{"embeddable":true,"href":"https:\/\/ic-invest.sk\/sk\/wp-json\/wp\/v2\/comments?post=164"}],"version-history":[{"count":4,"href":"https:\/\/ic-invest.sk\/sk\/wp-json\/wp\/v2\/pages\/164\/revisions"}],"predecessor-version":[{"id":1796,"href":"https:\/\/ic-invest.sk\/sk\/wp-json\/wp\/v2\/pages\/164\/revisions\/1796"}],"wp:attachment":[{"href":"https:\/\/ic-invest.sk\/sk\/wp-json\/wp\/v2\/media?parent=164"}],"curies":[{"name":"wp","href":"https:\/\/api.w.org\/{rel}","templated":true}]}}