{"id":176,"date":"2022-07-18T18:18:35","date_gmt":"2022-07-18T18:18:35","guid":{"rendered":"https:\/\/ic-invest.sk\/kontaktujte-nas\/"},"modified":"2022-07-26T20:45:50","modified_gmt":"2022-07-26T20:45:50","slug":"kontaktujte-nas","status":"publish","type":"page","link":"https:\/\/ic-invest.sk\/sk\/kontaktujte-nas\/","title":{"rendered":"Kontaktujte n\u00e1s"},"content":{"rendered":"\n<p>Prin\u00e1\u0161aj\u00fa v\u00e1m va\u0161e invest\u00edcie v\u017edy o\u010dak\u00e1van\u00e9 v\u00fdnosy? S\u00fa va\u0161e invest\u00edcie dobre chr\u00e1nen\u00e9? Je \u0165a\u017ek\u00e9 odpoveda\u0165, v\u0161ak?<\/p>\n\n\n\n<p>Rovnako c\u00edtime, ke\u010f sa niekto op\u00fdta: \u201eSte najlep\u0161ia investi\u010dn\u00e1 spolo\u010dnos\u0165 na Slovensku? Alebo vo svete?&#8220;<br>hmmm\u2026. M\u00f4\u017eeme to dosiahnu\u0165. sme si ist\u00ed. Ale nie bez teba.<\/p>\n\n\n\n<p>Po\u010fme sa rozpr\u00e1va\u0165!<\/p>\n\n\n\n<div class=\"wp-block-contact-form-7-contact-form-selector\">\n<div class=\"wpcf7 no-js\" id=\"wpcf7-f253-o1\" lang=\"sk-SK\" dir=\"ltr\" data-wpcf7-id=\"253\">\n<div class=\"screen-reader-response\"><p role=\"status\" aria-live=\"polite\" aria-atomic=\"true\"><\/p> <ul><\/ul><\/div>\n<form action=\"\/sk\/wp-json\/wp\/v2\/pages\/176#wpcf7-f253-o1\" method=\"post\" class=\"wpcf7-form init\" aria-label=\"Kontaktn\u00fd formul\u00e1r\" novalidate=\"novalidate\" data-status=\"init\">\n<div style=\"display: none;\">\n<input type=\"hidden\" name=\"_wpcf7\" value=\"253\" \/>\n<input type=\"hidden\" name=\"_wpcf7_version\" value=\"6.0.6\" \/>\n<input type=\"hidden\" name=\"_wpcf7_locale\" value=\"sk_SK\" \/>\n<input type=\"hidden\" name=\"_wpcf7_unit_tag\" value=\"wpcf7-f253-o1\" \/>\n<input type=\"hidden\" name=\"_wpcf7_container_post\" value=\"0\" \/>\n<input type=\"hidden\" name=\"_wpcf7_posted_data_hash\" value=\"\" \/>\n<\/div>\n<div class=\"row\">\n\t<div class=\"col-md-4\">\n\t\t<p><span class=\"wpcf7-form-control-wrap\" data-name=\"your-name\"><input size=\"40\" maxlength=\"400\" class=\"wpcf7-form-control wpcf7-text\" aria-invalid=\"false\" placeholder=\"Your name\" value=\"\" type=\"text\" name=\"your-name\" \/><\/span>\n\t\t<\/p>\n\t<\/div>\n\t<div class=\"col-md-4\">\n\t\t<p><span class=\"wpcf7-form-control-wrap\" data-name=\"your-email\"><input size=\"40\" maxlength=\"400\" class=\"wpcf7-form-control wpcf7-email wpcf7-validates-as-required wpcf7-text wpcf7-validates-as-email\" aria-required=\"true\" aria-invalid=\"false\" placeholder=\"Your E-Mail*\" value=\"\" type=\"email\" name=\"your-email\" \/><\/span>\n\t\t<\/p>\n\t<\/div>\n\t<div class=\"col-md-4\">\n\t\t<p><span class=\"wpcf7-form-control-wrap\" data-name=\"your-phone\"><input size=\"40\" maxlength=\"15\" minlength=\"10\" class=\"wpcf7-form-control wpcf7-phonetext wpcf7-text wpcf7-validates-as-phonetext\" aria-invalid=\"false\" placeholder=\"Your phone number\" value=\"\" type=\"text\" name=\"your-phone\" \/><input type=\"hidden\" name=\"your-phone-country-code\" class=\"wpcf7-phonetext-country-code\" \/><\/span>\n\t\t<\/p>\n\t<\/div>\n<\/div>\n<p><span class=\"wpcf7-form-control-wrap\" data-name=\"your-message\"><textarea cols=\"40\" rows=\"1\" maxlength=\"2000\" class=\"wpcf7-form-control wpcf7-textarea\" aria-invalid=\"false\" placeholder=\"Your message\" name=\"your-message\"><\/textarea><\/span>\n<\/p>\n<p><input class=\"wpcf7-form-control wpcf7-submit has-spinner\" type=\"submit\" value=\"Get in Touch\" \/>\n<\/p><p style=\"display: none !important;\" class=\"akismet-fields-container\" data-prefix=\"_wpcf7_ak_\"><label>&#916;<textarea name=\"_wpcf7_ak_hp_textarea\" cols=\"45\" rows=\"8\" maxlength=\"100\"><\/textarea><\/label><input type=\"hidden\" id=\"ak_js_1\" name=\"_wpcf7_ak_js\" value=\"0\"\/><script>document.getElementById( \"ak_js_1\" ).setAttribute( \"value\", ( new Date() ).getTime() );<\/script><\/p><div class=\"wpcf7-response-output\" aria-hidden=\"true\"><\/div>\n<\/form>\n<\/div>\n<\/div>\n","protected":false},"excerpt":{"rendered":"<p>Prin\u00e1\u0161aj\u00fa v\u00e1m va\u0161e invest\u00edcie v\u017edy o\u010dak\u00e1van\u00e9 v\u00fdnosy? S\u00fa va\u0161e invest\u00edcie dobre chr\u00e1nen\u00e9? Je \u0165a\u017ek\u00e9 odpoveda\u0165, v\u0161ak? Rovnako c\u00edtime, ke\u010f sa niekto op\u00fdta: \u201eSte najlep\u0161ia investi\u010dn\u00e1 spolo\u010dnos\u0165 na Slovensku? Alebo vo svete?&#8220;hmmm\u2026. M\u00f4\u017eeme to dosiahnu\u0165. sme si ist\u00ed. Ale nie bez teba. Po\u010fme sa rozpr\u00e1va\u0165!<\/p>\n","protected":false},"author":1,"featured_media":0,"parent":0,"menu_order":0,"comment_status":"closed","ping_status":"closed","template":"page-contact.php","meta":{"_acf_changed":false,"footnotes":""},"class_list":["post-176","page","type-page","status-publish","hentry"],"acf":[],"yoast_head":"<!-- This site is optimized with the Yoast SEO plugin v25.0 - https:\/\/yoast.com\/wordpress\/plugins\/seo\/ -->\n<title>Kontaktujte n\u00e1s &#8211; I.C. Invest<\/title>\n<meta name=\"robots\" content=\"index, follow, max-snippet:-1, max-image-preview:large, max-video-preview:-1\" \/>\n<link rel=\"canonical\" href=\"https:\/\/ic-invest.sk\/sk\/kontaktujte-nas\/\" \/>\n<meta property=\"og:locale\" content=\"sk_SK\" \/>\n<meta property=\"og:type\" content=\"article\" \/>\n<meta property=\"og:title\" content=\"Kontaktujte n\u00e1s &#8211; I.C. Invest\" \/>\n<meta property=\"og:description\" content=\"Prin\u00e1\u0161aj\u00fa v\u00e1m va\u0161e invest\u00edcie v\u017edy o\u010dak\u00e1van\u00e9 v\u00fdnosy? S\u00fa va\u0161e invest\u00edcie dobre chr\u00e1nen\u00e9? Je \u0165a\u017ek\u00e9 odpoveda\u0165, v\u0161ak? Rovnako c\u00edtime, ke\u010f sa niekto op\u00fdta: \u201eSte najlep\u0161ia investi\u010dn\u00e1 spolo\u010dnos\u0165 na Slovensku? Alebo vo svete?&#8220;hmmm\u2026. M\u00f4\u017eeme to dosiahnu\u0165. sme si ist\u00ed. Ale nie bez teba. Po\u010fme sa rozpr\u00e1va\u0165!\" \/>\n<meta property=\"og:url\" content=\"https:\/\/ic-invest.sk\/sk\/kontaktujte-nas\/\" \/>\n<meta property=\"og:site_name\" content=\"I.C. Invest\" \/>\n<meta property=\"article:modified_time\" content=\"2022-07-26T20:45:50+00:00\" \/>\n<meta name=\"twitter:card\" content=\"summary_large_image\" \/>\n<meta name=\"twitter:label1\" content=\"Predpokladan\u00fd \u010das \u010d\u00edtania\" \/>\n\t<meta name=\"twitter:data1\" content=\"1 min\u00fata\" \/>\n<script type=\"application\/ld+json\" class=\"yoast-schema-graph\">{\"@context\":\"https:\/\/schema.org\",\"@graph\":[{\"@type\":\"WebPage\",\"@id\":\"https:\/\/ic-invest.sk\/sk\/kontaktujte-nas\/\",\"url\":\"https:\/\/ic-invest.sk\/sk\/kontaktujte-nas\/\",\"name\":\"Kontaktujte n\u00e1s &#8211; I.C. Invest\",\"isPartOf\":{\"@id\":\"https:\/\/ic-invest.sk\/sk\/#website\"},\"datePublished\":\"2022-07-18T18:18:35+00:00\",\"dateModified\":\"2022-07-26T20:45:50+00:00\",\"breadcrumb\":{\"@id\":\"https:\/\/ic-invest.sk\/sk\/kontaktujte-nas\/#breadcrumb\"},\"inLanguage\":\"sk-SK\",\"potentialAction\":[{\"@type\":\"ReadAction\",\"target\":[\"https:\/\/ic-invest.sk\/sk\/kontaktujte-nas\/\"]}]},{\"@type\":\"BreadcrumbList\",\"@id\":\"https:\/\/ic-invest.sk\/sk\/kontaktujte-nas\/#breadcrumb\",\"itemListElement\":[{\"@type\":\"ListItem\",\"position\":1,\"name\":\"Domov\",\"item\":\"https:\/\/ic-invest.sk\/sk\/\"},{\"@type\":\"ListItem\",\"position\":2,\"name\":\"Kontaktujte n\u00e1s\"}]},{\"@type\":\"WebSite\",\"@id\":\"https:\/\/ic-invest.sk\/sk\/#website\",\"url\":\"https:\/\/ic-invest.sk\/sk\/\",\"name\":\"I.C. Invest\",\"description\":\"Spolo\u010dne vytvorte vzorec \u00faspechu\",\"potentialAction\":[{\"@type\":\"SearchAction\",\"target\":{\"@type\":\"EntryPoint\",\"urlTemplate\":\"https:\/\/ic-invest.sk\/sk\/?s={search_term_string}\"},\"query-input\":{\"@type\":\"PropertyValueSpecification\",\"valueRequired\":true,\"valueName\":\"search_term_string\"}}],\"inLanguage\":\"sk-SK\"}]}<\/script>\n<!-- \/ Yoast SEO plugin. -->","yoast_head_json":{"title":"Kontaktujte n\u00e1s &#8211; I.C. Invest","robots":{"index":"index","follow":"follow","max-snippet":"max-snippet:-1","max-image-preview":"max-image-preview:large","max-video-preview":"max-video-preview:-1"},"canonical":"https:\/\/ic-invest.sk\/sk\/kontaktujte-nas\/","og_locale":"sk_SK","og_type":"article","og_title":"Kontaktujte n\u00e1s &#8211; I.C. Invest","og_description":"Prin\u00e1\u0161aj\u00fa v\u00e1m va\u0161e invest\u00edcie v\u017edy o\u010dak\u00e1van\u00e9 v\u00fdnosy? S\u00fa va\u0161e invest\u00edcie dobre chr\u00e1nen\u00e9? Je \u0165a\u017ek\u00e9 odpoveda\u0165, v\u0161ak? Rovnako c\u00edtime, ke\u010f sa niekto op\u00fdta: \u201eSte najlep\u0161ia investi\u010dn\u00e1 spolo\u010dnos\u0165 na Slovensku? Alebo vo svete?&#8220;hmmm\u2026. M\u00f4\u017eeme to dosiahnu\u0165. sme si ist\u00ed. Ale nie bez teba. Po\u010fme sa rozpr\u00e1va\u0165!","og_url":"https:\/\/ic-invest.sk\/sk\/kontaktujte-nas\/","og_site_name":"I.C. Invest","article_modified_time":"2022-07-26T20:45:50+00:00","twitter_card":"summary_large_image","twitter_misc":{"Predpokladan\u00fd \u010das \u010d\u00edtania":"1 min\u00fata"},"schema":{"@context":"https:\/\/schema.org","@graph":[{"@type":"WebPage","@id":"https:\/\/ic-invest.sk\/sk\/kontaktujte-nas\/","url":"https:\/\/ic-invest.sk\/sk\/kontaktujte-nas\/","name":"Kontaktujte n\u00e1s &#8211; I.C. Invest","isPartOf":{"@id":"https:\/\/ic-invest.sk\/sk\/#website"},"datePublished":"2022-07-18T18:18:35+00:00","dateModified":"2022-07-26T20:45:50+00:00","breadcrumb":{"@id":"https:\/\/ic-invest.sk\/sk\/kontaktujte-nas\/#breadcrumb"},"inLanguage":"sk-SK","potentialAction":[{"@type":"ReadAction","target":["https:\/\/ic-invest.sk\/sk\/kontaktujte-nas\/"]}]},{"@type":"BreadcrumbList","@id":"https:\/\/ic-invest.sk\/sk\/kontaktujte-nas\/#breadcrumb","itemListElement":[{"@type":"ListItem","position":1,"name":"Domov","item":"https:\/\/ic-invest.sk\/sk\/"},{"@type":"ListItem","position":2,"name":"Kontaktujte n\u00e1s"}]},{"@type":"WebSite","@id":"https:\/\/ic-invest.sk\/sk\/#website","url":"https:\/\/ic-invest.sk\/sk\/","name":"I.C. Invest","description":"Spolo\u010dne vytvorte vzorec \u00faspechu","potentialAction":[{"@type":"SearchAction","target":{"@type":"EntryPoint","urlTemplate":"https:\/\/ic-invest.sk\/sk\/?s={search_term_string}"},"query-input":{"@type":"PropertyValueSpecification","valueRequired":true,"valueName":"search_term_string"}}],"inLanguage":"sk-SK"}]}},"_links":{"self":[{"href":"https:\/\/ic-invest.sk\/sk\/wp-json\/wp\/v2\/pages\/176","targetHints":{"allow":["GET"]}}],"collection":[{"href":"https:\/\/ic-invest.sk\/sk\/wp-json\/wp\/v2\/pages"}],"about":[{"href":"https:\/\/ic-invest.sk\/sk\/wp-json\/wp\/v2\/types\/page"}],"author":[{"embeddable":true,"href":"https:\/\/ic-invest.sk\/sk\/wp-json\/wp\/v2\/users\/1"}],"replies":[{"embeddable":true,"href":"https:\/\/ic-invest.sk\/sk\/wp-json\/wp\/v2\/comments?post=176"}],"version-history":[{"count":3,"href":"https:\/\/ic-invest.sk\/sk\/wp-json\/wp\/v2\/pages\/176\/revisions"}],"predecessor-version":[{"id":267,"href":"https:\/\/ic-invest.sk\/sk\/wp-json\/wp\/v2\/pages\/176\/revisions\/267"}],"wp:attachment":[{"href":"https:\/\/ic-invest.sk\/sk\/wp-json\/wp\/v2\/media?parent=176"}],"curies":[{"name":"wp","href":"https:\/\/api.w.org\/{rel}","templated":true}]}}