{"id":1923,"date":"2025-05-04T10:07:42","date_gmt":"2025-05-04T10:07:42","guid":{"rendered":"https:\/\/ic-invest.sk\/valcovany-kov\/"},"modified":"2025-05-04T12:17:45","modified_gmt":"2025-05-04T12:17:45","slug":"valcovany-kov","status":"publish","type":"page","link":"https:\/\/ic-invest.sk\/sk\/valcovany-kov\/","title":{"rendered":"Valcovan\u00fd kov"},"content":{"rendered":"\n<h1 class=\"wp-block-heading\">Invest\u00edcie do <strong>valcovan\u00e9ho kovu a kovov\u00fdch v\u00fdrobkov<\/strong><\/h1>\n\n<div class=\"btn-bg\"><a href=\"#contact-form\" class=\"btn-submit\">Z\u00edskajte radu<\/a><\/div>\n\n<p><\/p>\n","protected":false},"excerpt":{"rendered":"<p>Invest\u00edcie do valcovan\u00e9ho kovu a kovov\u00fdch v\u00fdrobkov Z\u00edskajte radu<\/p>\n","protected":false},"author":1,"featured_media":0,"parent":0,"menu_order":0,"comment_status":"closed","ping_status":"closed","template":"page-metal.php","meta":{"_acf_changed":false,"footnotes":""},"class_list":["post-1923","page","type-page","status-publish","hentry"],"acf":[],"yoast_head":"<!-- This site is optimized with the Yoast SEO plugin v25.0 - https:\/\/yoast.com\/wordpress\/plugins\/seo\/ -->\n<title>Valcovan\u00fd kov &#8211; I.C. Invest<\/title>\n<meta name=\"robots\" content=\"index, follow, max-snippet:-1, max-image-preview:large, max-video-preview:-1\" \/>\n<link rel=\"canonical\" href=\"https:\/\/ic-invest.sk\/sk\/valcovany-kov\/\" \/>\n<meta property=\"og:locale\" content=\"sk_SK\" \/>\n<meta property=\"og:type\" content=\"article\" \/>\n<meta property=\"og:title\" content=\"Valcovan\u00fd kov &#8211; I.C. Invest\" \/>\n<meta property=\"og:description\" content=\"Invest\u00edcie do valcovan\u00e9ho kovu a kovov\u00fdch v\u00fdrobkov Z\u00edskajte radu\" \/>\n<meta property=\"og:url\" content=\"https:\/\/ic-invest.sk\/sk\/valcovany-kov\/\" \/>\n<meta property=\"og:site_name\" content=\"I.C. Invest\" \/>\n<meta property=\"article:modified_time\" content=\"2025-05-04T12:17:45+00:00\" \/>\n<meta name=\"twitter:card\" content=\"summary_large_image\" \/>\n<script type=\"application\/ld+json\" class=\"yoast-schema-graph\">{\"@context\":\"https:\/\/schema.org\",\"@graph\":[{\"@type\":\"WebPage\",\"@id\":\"https:\/\/ic-invest.sk\/sk\/valcovany-kov\/\",\"url\":\"https:\/\/ic-invest.sk\/sk\/valcovany-kov\/\",\"name\":\"Valcovan\u00fd kov &#8211; I.C. Invest\",\"isPartOf\":{\"@id\":\"https:\/\/ic-invest.sk\/sk\/#website\"},\"datePublished\":\"2025-05-04T10:07:42+00:00\",\"dateModified\":\"2025-05-04T12:17:45+00:00\",\"breadcrumb\":{\"@id\":\"https:\/\/ic-invest.sk\/sk\/valcovany-kov\/#breadcrumb\"},\"inLanguage\":\"sk-SK\",\"potentialAction\":[{\"@type\":\"ReadAction\",\"target\":[\"https:\/\/ic-invest.sk\/sk\/valcovany-kov\/\"]}]},{\"@type\":\"BreadcrumbList\",\"@id\":\"https:\/\/ic-invest.sk\/sk\/valcovany-kov\/#breadcrumb\",\"itemListElement\":[{\"@type\":\"ListItem\",\"position\":1,\"name\":\"Domov\",\"item\":\"https:\/\/ic-invest.sk\/sk\/\"},{\"@type\":\"ListItem\",\"position\":2,\"name\":\"Valcovan\u00fd kov\"}]},{\"@type\":\"WebSite\",\"@id\":\"https:\/\/ic-invest.sk\/sk\/#website\",\"url\":\"https:\/\/ic-invest.sk\/sk\/\",\"name\":\"I.C. Invest\",\"description\":\"Spolo\u010dne vytvorte vzorec \u00faspechu\",\"potentialAction\":[{\"@type\":\"SearchAction\",\"target\":{\"@type\":\"EntryPoint\",\"urlTemplate\":\"https:\/\/ic-invest.sk\/sk\/?s={search_term_string}\"},\"query-input\":{\"@type\":\"PropertyValueSpecification\",\"valueRequired\":true,\"valueName\":\"search_term_string\"}}],\"inLanguage\":\"sk-SK\"}]}<\/script>\n<!-- \/ Yoast SEO plugin. -->","yoast_head_json":{"title":"Valcovan\u00fd kov &#8211; I.C. Invest","robots":{"index":"index","follow":"follow","max-snippet":"max-snippet:-1","max-image-preview":"max-image-preview:large","max-video-preview":"max-video-preview:-1"},"canonical":"https:\/\/ic-invest.sk\/sk\/valcovany-kov\/","og_locale":"sk_SK","og_type":"article","og_title":"Valcovan\u00fd kov &#8211; I.C. Invest","og_description":"Invest\u00edcie do valcovan\u00e9ho kovu a kovov\u00fdch v\u00fdrobkov Z\u00edskajte radu","og_url":"https:\/\/ic-invest.sk\/sk\/valcovany-kov\/","og_site_name":"I.C. Invest","article_modified_time":"2025-05-04T12:17:45+00:00","twitter_card":"summary_large_image","schema":{"@context":"https:\/\/schema.org","@graph":[{"@type":"WebPage","@id":"https:\/\/ic-invest.sk\/sk\/valcovany-kov\/","url":"https:\/\/ic-invest.sk\/sk\/valcovany-kov\/","name":"Valcovan\u00fd kov &#8211; I.C. Invest","isPartOf":{"@id":"https:\/\/ic-invest.sk\/sk\/#website"},"datePublished":"2025-05-04T10:07:42+00:00","dateModified":"2025-05-04T12:17:45+00:00","breadcrumb":{"@id":"https:\/\/ic-invest.sk\/sk\/valcovany-kov\/#breadcrumb"},"inLanguage":"sk-SK","potentialAction":[{"@type":"ReadAction","target":["https:\/\/ic-invest.sk\/sk\/valcovany-kov\/"]}]},{"@type":"BreadcrumbList","@id":"https:\/\/ic-invest.sk\/sk\/valcovany-kov\/#breadcrumb","itemListElement":[{"@type":"ListItem","position":1,"name":"Domov","item":"https:\/\/ic-invest.sk\/sk\/"},{"@type":"ListItem","position":2,"name":"Valcovan\u00fd kov"}]},{"@type":"WebSite","@id":"https:\/\/ic-invest.sk\/sk\/#website","url":"https:\/\/ic-invest.sk\/sk\/","name":"I.C. Invest","description":"Spolo\u010dne vytvorte vzorec \u00faspechu","potentialAction":[{"@type":"SearchAction","target":{"@type":"EntryPoint","urlTemplate":"https:\/\/ic-invest.sk\/sk\/?s={search_term_string}"},"query-input":{"@type":"PropertyValueSpecification","valueRequired":true,"valueName":"search_term_string"}}],"inLanguage":"sk-SK"}]}},"_links":{"self":[{"href":"https:\/\/ic-invest.sk\/sk\/wp-json\/wp\/v2\/pages\/1923","targetHints":{"allow":["GET"]}}],"collection":[{"href":"https:\/\/ic-invest.sk\/sk\/wp-json\/wp\/v2\/pages"}],"about":[{"href":"https:\/\/ic-invest.sk\/sk\/wp-json\/wp\/v2\/types\/page"}],"author":[{"embeddable":true,"href":"https:\/\/ic-invest.sk\/sk\/wp-json\/wp\/v2\/users\/1"}],"replies":[{"embeddable":true,"href":"https:\/\/ic-invest.sk\/sk\/wp-json\/wp\/v2\/comments?post=1923"}],"version-history":[{"count":1,"href":"https:\/\/ic-invest.sk\/sk\/wp-json\/wp\/v2\/pages\/1923\/revisions"}],"predecessor-version":[{"id":1924,"href":"https:\/\/ic-invest.sk\/sk\/wp-json\/wp\/v2\/pages\/1923\/revisions\/1924"}],"wp:attachment":[{"href":"https:\/\/ic-invest.sk\/sk\/wp-json\/wp\/v2\/media?parent=1923"}],"curies":[{"name":"wp","href":"https:\/\/api.w.org\/{rel}","templated":true}]}}