{"id":1931,"date":"2025-05-04T11:48:59","date_gmt":"2025-05-04T11:48:59","guid":{"rendered":"https:\/\/ic-invest.sk\/valcovany-kov\/ake-materialy-a-vyrobky-dodavame\/"},"modified":"2025-05-04T12:18:56","modified_gmt":"2025-05-04T12:18:56","slug":"ake-materialy-a-vyrobky-dodavame","status":"publish","type":"page","link":"https:\/\/ic-invest.sk\/sk\/valcovany-kov\/ake-materialy-a-vyrobky-dodavame\/","title":{"rendered":"Ak\u00e9 materi\u00e1ly a v\u00fdrobky dod\u00e1vame?"},"content":{"rendered":"\n<figure class=\"wp-block-image size-full\"><img decoding=\"async\" width=\"930\" height=\"521\" data-src=\"https:\/\/ic-invest.sk\/wp-content\/uploads\/2025\/05\/metal-bar-3d.jpg\" alt=\"\" class=\"wp-image-1905 lazyload\" data-srcset=\"https:\/\/ic-invest.sk\/wp-content\/uploads\/2025\/05\/metal-bar-3d.jpg 930w, https:\/\/ic-invest.sk\/wp-content\/uploads\/2025\/05\/metal-bar-3d-450x252.jpg 450w, https:\/\/ic-invest.sk\/wp-content\/uploads\/2025\/05\/metal-bar-3d-637x357.jpg 637w, https:\/\/ic-invest.sk\/wp-content\/uploads\/2025\/05\/metal-bar-3d-768x430.jpg 768w\" data-sizes=\"(max-width: 930px) 100vw, 930px\" src=\"data:image\/gif;base64,R0lGODlhAQABAAAAACH5BAEKAAEALAAAAAABAAEAAAICTAEAOw==\" style=\"--smush-placeholder-width: 930px; --smush-placeholder-aspect-ratio: 930\/521;\" \/><\/figure>\n\n<h3 class=\"wp-block-heading\">N\u00e1\u0161 sortiment:<\/h3>\n\n<div class=\"wp-block-columns is-layout-flex wp-container-core-columns-is-layout-9d6595d7 wp-block-columns-is-layout-flex\">\n<div class=\"wp-block-column is-layout-flow wp-block-column-is-layout-flow\">\n<p><strong>Hlin\u00edk<\/strong><\/p>\n\n\n\n<ul class=\"wp-block-list\">\n<li>Okr\u00fahle r\u00fary<\/li>\n\n\n\n<li>Plechy a dosky<\/li>\n\n\n\n<li>Obd\u013a\u017enikov\u00e9 ty\u010de<\/li>\n\n\n\n<li>R\u00farky<\/li>\n\n\n\n<li>Okr\u00fahle ty\u010de<\/li>\n<\/ul>\n<\/div>\n\n\n\n<div class=\"wp-block-column is-layout-flow wp-block-column-is-layout-flow\">\n<p><strong>Nerezov\u00e1 oce\u013e<\/strong><\/p>\n\n\n\n<ul class=\"wp-block-list\">\n<li>Okr\u00fahle r\u00fary<\/li>\n\n\n\n<li>Plechy a dosky<\/li>\n\n\n\n<li>Okr\u00fahle ty\u010de<\/li>\n\n\n\n<li>R\u00farky<\/li>\n\n\n\n<li>Obd\u013a\u017enikov\u00e9 ty\u010de<\/li>\n<\/ul>\n<\/div>\n\n\n\n<div class=\"wp-block-column is-layout-flow wp-block-column-is-layout-flow\">\n<p><strong>Mosadz<\/strong><\/p>\n\n\n\n<ul class=\"wp-block-list\">\n<li>Obd\u013a\u017enikov\u00e9 ty\u010de<\/li>\n\n\n\n<li>Plechy a dosky<\/li>\n\n\n\n<li>R\u00fary (bez\u0161v\u00edkov\u00e9)<\/li>\n\n\n\n<li>Okr\u00fahle a \u0161tvorcov\u00e9 ty\u010de<\/li>\n<\/ul>\n<\/div>\n<\/div>\n\n<div class=\"wp-block-columns is-layout-flex wp-container-core-columns-is-layout-9d6595d7 wp-block-columns-is-layout-flex\">\n<div class=\"wp-block-column is-layout-flow wp-block-column-is-layout-flow\">\n<p><strong>Me\u010f<\/strong><\/p>\n\n\n\n<ul class=\"wp-block-list\">\n<li>\u0160tvorcov\u00e9 ty\u010de<\/li>\n\n\n\n<li>Plechy a dosky<\/li>\n\n\n\n<li>Obd\u013a\u017enikov\u00e9 ty\u010de<\/li>\n\n\n\n<li>Okr\u00fahle r\u00fary a ty\u010de<\/li>\n<\/ul>\n<\/div>\n\n\n\n<div class=\"wp-block-column is-layout-flow wp-block-column-is-layout-flow\">\n<p><strong>Bronz<\/strong><\/p>\n\n\n\n<ul class=\"wp-block-list\">\n<li>Okr\u00fahle a obd\u013a\u017enikov\u00e9 ty\u010de<\/li>\n\n\n\n<li>Plechy a dosky<\/li>\n\n\n\n<li>Dut\u00e9 ty\u010de<\/li>\n<\/ul>\n<\/div>\n\n\n\n<div class=\"wp-block-column is-layout-flow wp-block-column-is-layout-flow\">\n<p><strong>N\u00e1strojov\u00e1 oce\u013e<\/strong><\/p>\n\n\n\n<ul class=\"wp-block-list\">\n<li>V\u0155tacie ty\u010de<\/li>\n\n\n\n<li>Obd\u013a\u017enikov\u00e9 a \u0161tvorcov\u00e9 ty\u010de<\/li>\n<\/ul>\n<\/div>\n<\/div>\n\n<div class=\"wp-block-columns is-layout-flex wp-container-core-columns-is-layout-9d6595d7 wp-block-columns-is-layout-flex\">\n<div class=\"wp-block-column is-layout-flow wp-block-column-is-layout-flow\">\n<p><strong>Uhl\u00edkov\u00e1 oce\u013e<\/strong><\/p>\n\n\n\n<ul class=\"wp-block-list\">\n<li>Okr\u00fahle r\u00fary<\/li>\n\n\n\n<li>Plechy a dosky<\/li>\n\n\n\n<li>Obd\u013a\u017enikov\u00e9 ty\u010de<\/li>\n\n\n\n<li>Okr\u00fahle ty\u010de<\/li>\n<\/ul>\n<\/div>\n\n\n\n<div class=\"wp-block-column is-layout-flow wp-block-column-is-layout-flow\">\n<p><strong>Nikel, tit\u00e1n, liatina<\/strong><\/p>\n\n\n\n<ul class=\"wp-block-list\">\n<li>Ty\u010de, plechy, dosky a r\u00fary<\/li>\n<\/ul>\n<\/div>\n\n\n\n<div class=\"wp-block-column is-layout-flow wp-block-column-is-layout-flow\"><\/div>\n<\/div>\n\n<figure class=\"wp-block-image size-full\"><img decoding=\"async\" width=\"930\" height=\"240\" data-src=\"https:\/\/ic-invest.sk\/wp-content\/uploads\/2025\/05\/large-steel-factory-warehouse.jpg\" alt=\"\" class=\"wp-image-1910 lazyload\" data-srcset=\"https:\/\/ic-invest.sk\/wp-content\/uploads\/2025\/05\/large-steel-factory-warehouse.jpg 930w, https:\/\/ic-invest.sk\/wp-content\/uploads\/2025\/05\/large-steel-factory-warehouse-450x116.jpg 450w, https:\/\/ic-invest.sk\/wp-content\/uploads\/2025\/05\/large-steel-factory-warehouse-690x178.jpg 690w, https:\/\/ic-invest.sk\/wp-content\/uploads\/2025\/05\/large-steel-factory-warehouse-768x198.jpg 768w\" data-sizes=\"(max-width: 930px) 100vw, 930px\" src=\"data:image\/gif;base64,R0lGODlhAQABAAAAACH5BAEKAAEALAAAAAABAAEAAAICTAEAOw==\" style=\"--smush-placeholder-width: 930px; --smush-placeholder-aspect-ratio: 930\/240;\" \/><\/figure>\n","protected":false},"excerpt":{"rendered":"<p>N\u00e1\u0161 sortiment: Hlin\u00edk Nerezov\u00e1 oce\u013e Mosadz Me\u010f Bronz N\u00e1strojov\u00e1 oce\u013e Uhl\u00edkov\u00e1 oce\u013e Nikel, tit\u00e1n, liatina<\/p>\n","protected":false},"author":1,"featured_media":0,"parent":1923,"menu_order":0,"comment_status":"closed","ping_status":"closed","template":"page-activities.php","meta":{"_acf_changed":false,"footnotes":""},"class_list":["post-1931","page","type-page","status-publish","hentry"],"acf":[],"yoast_head":"<!-- This site is optimized with the Yoast SEO plugin v25.0 - https:\/\/yoast.com\/wordpress\/plugins\/seo\/ -->\n<title>Ak\u00e9 materi\u00e1ly a v\u00fdrobky dod\u00e1vame? &#8211; I.C. Invest<\/title>\n<meta name=\"robots\" content=\"index, follow, max-snippet:-1, max-image-preview:large, max-video-preview:-1\" \/>\n<link rel=\"canonical\" href=\"https:\/\/ic-invest.sk\/sk\/valcovany-kov\/ake-materialy-a-vyrobky-dodavame\/\" \/>\n<meta property=\"og:locale\" content=\"sk_SK\" \/>\n<meta property=\"og:type\" content=\"article\" \/>\n<meta property=\"og:title\" content=\"Ak\u00e9 materi\u00e1ly a v\u00fdrobky dod\u00e1vame? &#8211; I.C. Invest\" \/>\n<meta property=\"og:description\" content=\"N\u00e1\u0161 sortiment: Hlin\u00edk Nerezov\u00e1 oce\u013e Mosadz Me\u010f Bronz N\u00e1strojov\u00e1 oce\u013e Uhl\u00edkov\u00e1 oce\u013e Nikel, tit\u00e1n, liatina\" \/>\n<meta property=\"og:url\" content=\"https:\/\/ic-invest.sk\/sk\/valcovany-kov\/ake-materialy-a-vyrobky-dodavame\/\" \/>\n<meta property=\"og:site_name\" content=\"I.C. Invest\" \/>\n<meta property=\"article:modified_time\" content=\"2025-05-04T12:18:56+00:00\" \/>\n<meta property=\"og:image\" content=\"https:\/\/ic-invest.sk\/wp-content\/uploads\/2025\/05\/metal-bar-3d.jpg\" \/>\n\t<meta property=\"og:image:width\" content=\"930\" \/>\n\t<meta property=\"og:image:height\" content=\"521\" \/>\n\t<meta property=\"og:image:type\" content=\"image\/jpeg\" \/>\n<meta name=\"twitter:card\" content=\"summary_large_image\" \/>\n<meta name=\"twitter:label1\" content=\"Predpokladan\u00fd \u010das \u010d\u00edtania\" \/>\n\t<meta name=\"twitter:data1\" content=\"1 min\u00fata\" \/>\n<script type=\"application\/ld+json\" class=\"yoast-schema-graph\">{\"@context\":\"https:\/\/schema.org\",\"@graph\":[{\"@type\":\"WebPage\",\"@id\":\"https:\/\/ic-invest.sk\/sk\/valcovany-kov\/ake-materialy-a-vyrobky-dodavame\/\",\"url\":\"https:\/\/ic-invest.sk\/sk\/valcovany-kov\/ake-materialy-a-vyrobky-dodavame\/\",\"name\":\"Ak\u00e9 materi\u00e1ly a v\u00fdrobky dod\u00e1vame? &#8211; I.C. Invest\",\"isPartOf\":{\"@id\":\"https:\/\/ic-invest.sk\/sk\/#website\"},\"primaryImageOfPage\":{\"@id\":\"https:\/\/ic-invest.sk\/sk\/valcovany-kov\/ake-materialy-a-vyrobky-dodavame\/#primaryimage\"},\"image\":{\"@id\":\"https:\/\/ic-invest.sk\/sk\/valcovany-kov\/ake-materialy-a-vyrobky-dodavame\/#primaryimage\"},\"thumbnailUrl\":\"https:\/\/ic-invest.sk\/wp-content\/uploads\/2025\/05\/metal-bar-3d.jpg\",\"datePublished\":\"2025-05-04T11:48:59+00:00\",\"dateModified\":\"2025-05-04T12:18:56+00:00\",\"breadcrumb\":{\"@id\":\"https:\/\/ic-invest.sk\/sk\/valcovany-kov\/ake-materialy-a-vyrobky-dodavame\/#breadcrumb\"},\"inLanguage\":\"sk-SK\",\"potentialAction\":[{\"@type\":\"ReadAction\",\"target\":[\"https:\/\/ic-invest.sk\/sk\/valcovany-kov\/ake-materialy-a-vyrobky-dodavame\/\"]}]},{\"@type\":\"ImageObject\",\"inLanguage\":\"sk-SK\",\"@id\":\"https:\/\/ic-invest.sk\/sk\/valcovany-kov\/ake-materialy-a-vyrobky-dodavame\/#primaryimage\",\"url\":\"https:\/\/ic-invest.sk\/wp-content\/uploads\/2025\/05\/metal-bar-3d.jpg\",\"contentUrl\":\"https:\/\/ic-invest.sk\/wp-content\/uploads\/2025\/05\/metal-bar-3d.jpg\"},{\"@type\":\"BreadcrumbList\",\"@id\":\"https:\/\/ic-invest.sk\/sk\/valcovany-kov\/ake-materialy-a-vyrobky-dodavame\/#breadcrumb\",\"itemListElement\":[{\"@type\":\"ListItem\",\"position\":1,\"name\":\"Domov\",\"item\":\"https:\/\/ic-invest.sk\/sk\/\"},{\"@type\":\"ListItem\",\"position\":2,\"name\":\"Valcovan\u00fd kov\",\"item\":\"https:\/\/ic-invest.sk\/sk\/valcovany-kov\/\"},{\"@type\":\"ListItem\",\"position\":3,\"name\":\"Ak\u00e9 materi\u00e1ly a v\u00fdrobky dod\u00e1vame?\"}]},{\"@type\":\"WebSite\",\"@id\":\"https:\/\/ic-invest.sk\/sk\/#website\",\"url\":\"https:\/\/ic-invest.sk\/sk\/\",\"name\":\"I.C. Invest\",\"description\":\"Spolo\u010dne vytvorte vzorec \u00faspechu\",\"potentialAction\":[{\"@type\":\"SearchAction\",\"target\":{\"@type\":\"EntryPoint\",\"urlTemplate\":\"https:\/\/ic-invest.sk\/sk\/?s={search_term_string}\"},\"query-input\":{\"@type\":\"PropertyValueSpecification\",\"valueRequired\":true,\"valueName\":\"search_term_string\"}}],\"inLanguage\":\"sk-SK\"}]}<\/script>\n<!-- \/ Yoast SEO plugin. -->","yoast_head_json":{"title":"Ak\u00e9 materi\u00e1ly a v\u00fdrobky dod\u00e1vame? &#8211; I.C. Invest","robots":{"index":"index","follow":"follow","max-snippet":"max-snippet:-1","max-image-preview":"max-image-preview:large","max-video-preview":"max-video-preview:-1"},"canonical":"https:\/\/ic-invest.sk\/sk\/valcovany-kov\/ake-materialy-a-vyrobky-dodavame\/","og_locale":"sk_SK","og_type":"article","og_title":"Ak\u00e9 materi\u00e1ly a v\u00fdrobky dod\u00e1vame? &#8211; I.C. Invest","og_description":"N\u00e1\u0161 sortiment: Hlin\u00edk Nerezov\u00e1 oce\u013e Mosadz Me\u010f Bronz N\u00e1strojov\u00e1 oce\u013e Uhl\u00edkov\u00e1 oce\u013e Nikel, tit\u00e1n, liatina","og_url":"https:\/\/ic-invest.sk\/sk\/valcovany-kov\/ake-materialy-a-vyrobky-dodavame\/","og_site_name":"I.C. Invest","article_modified_time":"2025-05-04T12:18:56+00:00","og_image":[{"width":930,"height":521,"url":"https:\/\/ic-invest.sk\/wp-content\/uploads\/2025\/05\/metal-bar-3d.jpg","type":"image\/jpeg"}],"twitter_card":"summary_large_image","twitter_misc":{"Predpokladan\u00fd \u010das \u010d\u00edtania":"1 min\u00fata"},"schema":{"@context":"https:\/\/schema.org","@graph":[{"@type":"WebPage","@id":"https:\/\/ic-invest.sk\/sk\/valcovany-kov\/ake-materialy-a-vyrobky-dodavame\/","url":"https:\/\/ic-invest.sk\/sk\/valcovany-kov\/ake-materialy-a-vyrobky-dodavame\/","name":"Ak\u00e9 materi\u00e1ly a v\u00fdrobky dod\u00e1vame? &#8211; I.C. Invest","isPartOf":{"@id":"https:\/\/ic-invest.sk\/sk\/#website"},"primaryImageOfPage":{"@id":"https:\/\/ic-invest.sk\/sk\/valcovany-kov\/ake-materialy-a-vyrobky-dodavame\/#primaryimage"},"image":{"@id":"https:\/\/ic-invest.sk\/sk\/valcovany-kov\/ake-materialy-a-vyrobky-dodavame\/#primaryimage"},"thumbnailUrl":"https:\/\/ic-invest.sk\/wp-content\/uploads\/2025\/05\/metal-bar-3d.jpg","datePublished":"2025-05-04T11:48:59+00:00","dateModified":"2025-05-04T12:18:56+00:00","breadcrumb":{"@id":"https:\/\/ic-invest.sk\/sk\/valcovany-kov\/ake-materialy-a-vyrobky-dodavame\/#breadcrumb"},"inLanguage":"sk-SK","potentialAction":[{"@type":"ReadAction","target":["https:\/\/ic-invest.sk\/sk\/valcovany-kov\/ake-materialy-a-vyrobky-dodavame\/"]}]},{"@type":"ImageObject","inLanguage":"sk-SK","@id":"https:\/\/ic-invest.sk\/sk\/valcovany-kov\/ake-materialy-a-vyrobky-dodavame\/#primaryimage","url":"https:\/\/ic-invest.sk\/wp-content\/uploads\/2025\/05\/metal-bar-3d.jpg","contentUrl":"https:\/\/ic-invest.sk\/wp-content\/uploads\/2025\/05\/metal-bar-3d.jpg"},{"@type":"BreadcrumbList","@id":"https:\/\/ic-invest.sk\/sk\/valcovany-kov\/ake-materialy-a-vyrobky-dodavame\/#breadcrumb","itemListElement":[{"@type":"ListItem","position":1,"name":"Domov","item":"https:\/\/ic-invest.sk\/sk\/"},{"@type":"ListItem","position":2,"name":"Valcovan\u00fd kov","item":"https:\/\/ic-invest.sk\/sk\/valcovany-kov\/"},{"@type":"ListItem","position":3,"name":"Ak\u00e9 materi\u00e1ly a v\u00fdrobky dod\u00e1vame?"}]},{"@type":"WebSite","@id":"https:\/\/ic-invest.sk\/sk\/#website","url":"https:\/\/ic-invest.sk\/sk\/","name":"I.C. Invest","description":"Spolo\u010dne vytvorte vzorec \u00faspechu","potentialAction":[{"@type":"SearchAction","target":{"@type":"EntryPoint","urlTemplate":"https:\/\/ic-invest.sk\/sk\/?s={search_term_string}"},"query-input":{"@type":"PropertyValueSpecification","valueRequired":true,"valueName":"search_term_string"}}],"inLanguage":"sk-SK"}]}},"_links":{"self":[{"href":"https:\/\/ic-invest.sk\/sk\/wp-json\/wp\/v2\/pages\/1931","targetHints":{"allow":["GET"]}}],"collection":[{"href":"https:\/\/ic-invest.sk\/sk\/wp-json\/wp\/v2\/pages"}],"about":[{"href":"https:\/\/ic-invest.sk\/sk\/wp-json\/wp\/v2\/types\/page"}],"author":[{"embeddable":true,"href":"https:\/\/ic-invest.sk\/sk\/wp-json\/wp\/v2\/users\/1"}],"replies":[{"embeddable":true,"href":"https:\/\/ic-invest.sk\/sk\/wp-json\/wp\/v2\/comments?post=1931"}],"version-history":[{"count":1,"href":"https:\/\/ic-invest.sk\/sk\/wp-json\/wp\/v2\/pages\/1931\/revisions"}],"predecessor-version":[{"id":1932,"href":"https:\/\/ic-invest.sk\/sk\/wp-json\/wp\/v2\/pages\/1931\/revisions\/1932"}],"up":[{"embeddable":true,"href":"https:\/\/ic-invest.sk\/sk\/wp-json\/wp\/v2\/pages\/1923"}],"wp:attachment":[{"href":"https:\/\/ic-invest.sk\/sk\/wp-json\/wp\/v2\/media?parent=1931"}],"curies":[{"name":"wp","href":"https:\/\/api.w.org\/{rel}","templated":true}]}}