{"id":309,"date":"2022-07-27T12:32:28","date_gmt":"2022-07-27T12:32:28","guid":{"rendered":"https:\/\/ic-invest.sk\/nehnutelnost\/%ef%bf%bc%ef%bf%bcviac-ako-10-rokov-investujeme-do-podhodnotenych-nehnutelnosti\/"},"modified":"2022-10-02T09:41:12","modified_gmt":"2022-10-02T09:41:12","slug":"viac-ako-10-rokov-investujeme-do-podhodnotenych-nehnutelnosti","status":"publish","type":"page","link":"https:\/\/ic-invest.sk\/sk\/nehnutelnost\/viac-ako-10-rokov-investujeme-do-podhodnotenych-nehnutelnosti\/","title":{"rendered":"U\u017e viac ako 10 rokov investujeme do podhodnoten\u00fdch nehnute\u013enost\u00ed"},"content":{"rendered":"\n<figure class=\"wp-block-image size-full\"><img decoding=\"async\" width=\"1920\" height=\"1080\" data-src=\"https:\/\/ic-invest.sk\/wp-content\/uploads\/2022\/09\/top-view.jpeg\" alt=\"\" class=\"wp-image-1296 lazyload\" data-srcset=\"https:\/\/ic-invest.sk\/wp-content\/uploads\/2022\/09\/top-view.jpeg 1920w, https:\/\/ic-invest.sk\/wp-content\/uploads\/2022\/09\/top-view-450x253.jpeg 450w, https:\/\/ic-invest.sk\/wp-content\/uploads\/2022\/09\/top-view-635x357.jpeg 635w, https:\/\/ic-invest.sk\/wp-content\/uploads\/2022\/09\/top-view-768x432.jpeg 768w, https:\/\/ic-invest.sk\/wp-content\/uploads\/2022\/09\/top-view-1536x864.jpeg 1536w\" data-sizes=\"(max-width: 1920px) 100vw, 1920px\" src=\"data:image\/gif;base64,R0lGODlhAQABAAAAACH5BAEKAAEALAAAAAABAAEAAAICTAEAOw==\" style=\"--smush-placeholder-width: 1920px; --smush-placeholder-aspect-ratio: 1920\/1080;\" \/><\/figure>\n\n<h3 class=\"wp-block-heading\">\u010co potrebujete vedie\u0165 ako prv\u00e9<\/h3>\n\n<p>U\u017e viac ako 10 rokov I.C. Invest pom\u00e1ha vlastn\u00edkom aj investorom maximalizova\u0165 n\u00e1vratnos\u0165 invest\u00edci\u00ed do nehnute\u013enost\u00ed, ako aj vypracova\u0165 efekt\u00edvnu strat\u00e9giu odchodu z projektu. Na\u0161i experti, ktor\u00ed sa venuj\u00fa anal\u00fdze a prieskumu realitn\u00e9ho trhu na Slovensku a v in\u00fdch krajin\u00e1ch E\u00da, z\u00edskali bohat\u00e9 sk\u00fasenosti s investi\u010dn\u00fdmi procesmi a podmienkami na trhu.<\/p>\n\n<p>V\u010faka anal\u00fdze a prieskumu realitn\u00e9ho trhu na Slovensku a v in\u00fdch krajin\u00e1ch E\u00da na\u0161i experti z\u00edskali rozsiahle sk\u00fasenosti s investi\u010dn\u00fdmi procesmi a podmienkami na trhu.<\/p>\n\n<p>Na\u0161i odborn\u00edci pravidelne analyzuj\u00fa slovensk\u00fd realitn\u00fd trh. Na z\u00e1klade \u00fadajov ur\u010duj\u00fa n\u00e1kladov\u00fa efekt\u00edvnos\u0165 projektov, \u010do n\u00e1m umo\u017e\u0148uje zostavi\u0165 strat\u00e9giu investovania do nehnute\u013enost\u00ed v kr\u00e1tkodobom aj dlhodobom horizonte.<\/p>\n\n<p>Priemern\u00e1 d\u013a\u017eka trvania investi\u010dn\u00fdch projektov v Bratislave sa v posledn\u00fdch rokoch pohybovala od 1,5 do 3 rokov s n\u00e1vratnos\u0165ou od 28 % do 121 % v z\u00e1vislosti od v\u00fd\u0161ky a typu invest\u00edcie.<\/p>\n\n<p>Na pr\u00edklade obytn\u00e9ho komplexu \u201eSky Park\u201c v centre Bratislavy m\u00f4\u017eeme analyzova\u0165 \u0161tatistiku n\u00e1rastu cien za posledn\u00e9 3 roky.<\/p>\n\n<p>V roku 2019 st\u00e1l meter \u0161tvorcov\u00fd nehnute\u013enosti v tomto komplexe pribli\u017ene 4 000 \u20ac a od tretieho \u0161tvr\u0165roka 2022 je cena u\u017e viac ako 6 500 \u20ac za meter \u0161tvorcov\u00fd.<\/p>\n\n<figure class=\"wp-block-image size-full\"><img decoding=\"async\" width=\"1300\" height=\"866\" data-src=\"https:\/\/ic-invest.sk\/wp-content\/uploads\/2022\/09\/skypark.jpeg\" alt=\"\" class=\"wp-image-1367 lazyload\" data-srcset=\"https:\/\/ic-invest.sk\/wp-content\/uploads\/2022\/09\/skypark.jpeg 1300w, https:\/\/ic-invest.sk\/wp-content\/uploads\/2022\/09\/skypark-401x267.jpeg 401w, https:\/\/ic-invest.sk\/wp-content\/uploads\/2022\/09\/skypark-536x357.jpeg 536w, https:\/\/ic-invest.sk\/wp-content\/uploads\/2022\/09\/skypark-768x512.jpeg 768w\" data-sizes=\"(max-width: 1300px) 100vw, 1300px\" src=\"data:image\/gif;base64,R0lGODlhAQABAAAAACH5BAEKAAEALAAAAAABAAEAAAICTAEAOw==\" style=\"--smush-placeholder-width: 1300px; --smush-placeholder-aspect-ratio: 1300\/866;\" \/><\/figure>\n\n<p>Na\u0161i odborn\u00edci v\u00e1m pom\u00f4\u017eu vybra\u0165 mo\u017enosti invest\u00edcie do nehnute\u013enost\u00ed, od projektov v \u0161t\u00e1diu uzavret\u00e9ho predaja v \u0161t\u00e1diu z\u00e1kladovej jamy a\u017e po projekty, ktor\u00e9 s\u00fa u\u017e uveden\u00e9 do prev\u00e1dzky. D\u00f4le\u017eit\u00fdm bodom pri investovan\u00ed na Slovensku je, \u017ee investor investuje len 20 % z hodnoty nehnute\u013enosti v \u0161t\u00e1diu v\u00fdstavby a zostatok, ktor\u00fd zaplat\u00edte pri kolaud\u00e1cii domu.<\/p>\n","protected":false},"excerpt":{"rendered":"<p>\u010co potrebujete vedie\u0165 ako prv\u00e9 U\u017e viac ako 10 rokov I.C. Invest pom\u00e1ha vlastn\u00edkom aj investorom maximalizova\u0165 n\u00e1vratnos\u0165 invest\u00edci\u00ed do nehnute\u013enost\u00ed, ako aj vypracova\u0165 efekt\u00edvnu strat\u00e9giu odchodu z projektu. Na\u0161i experti, ktor\u00ed sa venuj\u00fa anal\u00fdze a prieskumu realitn\u00e9ho trhu na Slovensku a v in\u00fdch krajin\u00e1ch E\u00da, z\u00edskali bohat\u00e9 sk\u00fasenosti s investi\u010dn\u00fdmi procesmi a podmienkami na &hellip;<\/p>\n","protected":false},"author":1,"featured_media":0,"parent":169,"menu_order":0,"comment_status":"closed","ping_status":"closed","template":"page-activities.php","meta":{"_acf_changed":false,"footnotes":""},"class_list":["post-309","page","type-page","status-publish","hentry"],"acf":[],"yoast_head":"<!-- This site is optimized with the Yoast SEO plugin v25.0 - https:\/\/yoast.com\/wordpress\/plugins\/seo\/ -->\n<title>U\u017e viac ako 10 rokov investujeme do podhodnoten\u00fdch nehnute\u013enost\u00ed &#8211; I.C. Invest<\/title>\n<meta name=\"robots\" content=\"index, follow, max-snippet:-1, max-image-preview:large, max-video-preview:-1\" \/>\n<link rel=\"canonical\" href=\"https:\/\/ic-invest.sk\/sk\/nehnutelnost\/viac-ako-10-rokov-investujeme-do-podhodnotenych-nehnutelnosti\/\" \/>\n<meta property=\"og:locale\" content=\"sk_SK\" \/>\n<meta property=\"og:type\" content=\"article\" \/>\n<meta property=\"og:title\" content=\"U\u017e viac ako 10 rokov investujeme do podhodnoten\u00fdch nehnute\u013enost\u00ed &#8211; I.C. Invest\" \/>\n<meta property=\"og:description\" content=\"\u010co potrebujete vedie\u0165 ako prv\u00e9 U\u017e viac ako 10 rokov I.C. Invest pom\u00e1ha vlastn\u00edkom aj investorom maximalizova\u0165 n\u00e1vratnos\u0165 invest\u00edci\u00ed do nehnute\u013enost\u00ed, ako aj vypracova\u0165 efekt\u00edvnu strat\u00e9giu odchodu z projektu. Na\u0161i experti, ktor\u00ed sa venuj\u00fa anal\u00fdze a prieskumu realitn\u00e9ho trhu na Slovensku a v in\u00fdch krajin\u00e1ch E\u00da, z\u00edskali bohat\u00e9 sk\u00fasenosti s investi\u010dn\u00fdmi procesmi a podmienkami na &hellip;\" \/>\n<meta property=\"og:url\" content=\"https:\/\/ic-invest.sk\/sk\/nehnutelnost\/viac-ako-10-rokov-investujeme-do-podhodnotenych-nehnutelnosti\/\" \/>\n<meta property=\"og:site_name\" content=\"I.C. Invest\" \/>\n<meta property=\"article:modified_time\" content=\"2022-10-02T09:41:12+00:00\" \/>\n<meta property=\"og:image\" content=\"https:\/\/ic-invest.sk\/wp-content\/uploads\/2022\/09\/top-view.jpeg\" \/>\n<meta name=\"twitter:card\" content=\"summary_large_image\" \/>\n<script type=\"application\/ld+json\" class=\"yoast-schema-graph\">{\"@context\":\"https:\/\/schema.org\",\"@graph\":[{\"@type\":\"WebPage\",\"@id\":\"https:\/\/ic-invest.sk\/sk\/nehnutelnost\/viac-ako-10-rokov-investujeme-do-podhodnotenych-nehnutelnosti\/\",\"url\":\"https:\/\/ic-invest.sk\/sk\/nehnutelnost\/viac-ako-10-rokov-investujeme-do-podhodnotenych-nehnutelnosti\/\",\"name\":\"U\u017e viac ako 10 rokov investujeme do podhodnoten\u00fdch nehnute\u013enost\u00ed &#8211; I.C. Invest\",\"isPartOf\":{\"@id\":\"https:\/\/ic-invest.sk\/sk\/#website\"},\"primaryImageOfPage\":{\"@id\":\"https:\/\/ic-invest.sk\/sk\/nehnutelnost\/viac-ako-10-rokov-investujeme-do-podhodnotenych-nehnutelnosti\/#primaryimage\"},\"image\":{\"@id\":\"https:\/\/ic-invest.sk\/sk\/nehnutelnost\/viac-ako-10-rokov-investujeme-do-podhodnotenych-nehnutelnosti\/#primaryimage\"},\"thumbnailUrl\":\"https:\/\/ic-invest.sk\/wp-content\/uploads\/2022\/09\/top-view.jpeg\",\"datePublished\":\"2022-07-27T12:32:28+00:00\",\"dateModified\":\"2022-10-02T09:41:12+00:00\",\"breadcrumb\":{\"@id\":\"https:\/\/ic-invest.sk\/sk\/nehnutelnost\/viac-ako-10-rokov-investujeme-do-podhodnotenych-nehnutelnosti\/#breadcrumb\"},\"inLanguage\":\"sk-SK\",\"potentialAction\":[{\"@type\":\"ReadAction\",\"target\":[\"https:\/\/ic-invest.sk\/sk\/nehnutelnost\/viac-ako-10-rokov-investujeme-do-podhodnotenych-nehnutelnosti\/\"]}]},{\"@type\":\"ImageObject\",\"inLanguage\":\"sk-SK\",\"@id\":\"https:\/\/ic-invest.sk\/sk\/nehnutelnost\/viac-ako-10-rokov-investujeme-do-podhodnotenych-nehnutelnosti\/#primaryimage\",\"url\":\"https:\/\/ic-invest.sk\/wp-content\/uploads\/2022\/09\/top-view.jpeg\",\"contentUrl\":\"https:\/\/ic-invest.sk\/wp-content\/uploads\/2022\/09\/top-view.jpeg\"},{\"@type\":\"BreadcrumbList\",\"@id\":\"https:\/\/ic-invest.sk\/sk\/nehnutelnost\/viac-ako-10-rokov-investujeme-do-podhodnotenych-nehnutelnosti\/#breadcrumb\",\"itemListElement\":[{\"@type\":\"ListItem\",\"position\":1,\"name\":\"Domov\",\"item\":\"https:\/\/ic-invest.sk\/sk\/\"},{\"@type\":\"ListItem\",\"position\":2,\"name\":\"Invest\u00edcie do nehnute\u013enost\u00ed\",\"item\":\"https:\/\/ic-invest.sk\/sk\/nehnutelnost\/\"},{\"@type\":\"ListItem\",\"position\":3,\"name\":\"U\u017e viac ako 10 rokov investujeme do podhodnoten\u00fdch nehnute\u013enost\u00ed\"}]},{\"@type\":\"WebSite\",\"@id\":\"https:\/\/ic-invest.sk\/sk\/#website\",\"url\":\"https:\/\/ic-invest.sk\/sk\/\",\"name\":\"I.C. Invest\",\"description\":\"Spolo\u010dne vytvorte vzorec \u00faspechu\",\"potentialAction\":[{\"@type\":\"SearchAction\",\"target\":{\"@type\":\"EntryPoint\",\"urlTemplate\":\"https:\/\/ic-invest.sk\/sk\/?s={search_term_string}\"},\"query-input\":{\"@type\":\"PropertyValueSpecification\",\"valueRequired\":true,\"valueName\":\"search_term_string\"}}],\"inLanguage\":\"sk-SK\"}]}<\/script>\n<!-- \/ Yoast SEO plugin. -->","yoast_head_json":{"title":"U\u017e viac ako 10 rokov investujeme do podhodnoten\u00fdch nehnute\u013enost\u00ed &#8211; I.C. Invest","robots":{"index":"index","follow":"follow","max-snippet":"max-snippet:-1","max-image-preview":"max-image-preview:large","max-video-preview":"max-video-preview:-1"},"canonical":"https:\/\/ic-invest.sk\/sk\/nehnutelnost\/viac-ako-10-rokov-investujeme-do-podhodnotenych-nehnutelnosti\/","og_locale":"sk_SK","og_type":"article","og_title":"U\u017e viac ako 10 rokov investujeme do podhodnoten\u00fdch nehnute\u013enost\u00ed &#8211; I.C. Invest","og_description":"\u010co potrebujete vedie\u0165 ako prv\u00e9 U\u017e viac ako 10 rokov I.C. Invest pom\u00e1ha vlastn\u00edkom aj investorom maximalizova\u0165 n\u00e1vratnos\u0165 invest\u00edci\u00ed do nehnute\u013enost\u00ed, ako aj vypracova\u0165 efekt\u00edvnu strat\u00e9giu odchodu z projektu. Na\u0161i experti, ktor\u00ed sa venuj\u00fa anal\u00fdze a prieskumu realitn\u00e9ho trhu na Slovensku a v in\u00fdch krajin\u00e1ch E\u00da, z\u00edskali bohat\u00e9 sk\u00fasenosti s investi\u010dn\u00fdmi procesmi a podmienkami na &hellip;","og_url":"https:\/\/ic-invest.sk\/sk\/nehnutelnost\/viac-ako-10-rokov-investujeme-do-podhodnotenych-nehnutelnosti\/","og_site_name":"I.C. Invest","article_modified_time":"2022-10-02T09:41:12+00:00","og_image":[{"url":"https:\/\/ic-invest.sk\/wp-content\/uploads\/2022\/09\/top-view.jpeg","type":"","width":"","height":""}],"twitter_card":"summary_large_image","schema":{"@context":"https:\/\/schema.org","@graph":[{"@type":"WebPage","@id":"https:\/\/ic-invest.sk\/sk\/nehnutelnost\/viac-ako-10-rokov-investujeme-do-podhodnotenych-nehnutelnosti\/","url":"https:\/\/ic-invest.sk\/sk\/nehnutelnost\/viac-ako-10-rokov-investujeme-do-podhodnotenych-nehnutelnosti\/","name":"U\u017e viac ako 10 rokov investujeme do podhodnoten\u00fdch nehnute\u013enost\u00ed &#8211; I.C. Invest","isPartOf":{"@id":"https:\/\/ic-invest.sk\/sk\/#website"},"primaryImageOfPage":{"@id":"https:\/\/ic-invest.sk\/sk\/nehnutelnost\/viac-ako-10-rokov-investujeme-do-podhodnotenych-nehnutelnosti\/#primaryimage"},"image":{"@id":"https:\/\/ic-invest.sk\/sk\/nehnutelnost\/viac-ako-10-rokov-investujeme-do-podhodnotenych-nehnutelnosti\/#primaryimage"},"thumbnailUrl":"https:\/\/ic-invest.sk\/wp-content\/uploads\/2022\/09\/top-view.jpeg","datePublished":"2022-07-27T12:32:28+00:00","dateModified":"2022-10-02T09:41:12+00:00","breadcrumb":{"@id":"https:\/\/ic-invest.sk\/sk\/nehnutelnost\/viac-ako-10-rokov-investujeme-do-podhodnotenych-nehnutelnosti\/#breadcrumb"},"inLanguage":"sk-SK","potentialAction":[{"@type":"ReadAction","target":["https:\/\/ic-invest.sk\/sk\/nehnutelnost\/viac-ako-10-rokov-investujeme-do-podhodnotenych-nehnutelnosti\/"]}]},{"@type":"ImageObject","inLanguage":"sk-SK","@id":"https:\/\/ic-invest.sk\/sk\/nehnutelnost\/viac-ako-10-rokov-investujeme-do-podhodnotenych-nehnutelnosti\/#primaryimage","url":"https:\/\/ic-invest.sk\/wp-content\/uploads\/2022\/09\/top-view.jpeg","contentUrl":"https:\/\/ic-invest.sk\/wp-content\/uploads\/2022\/09\/top-view.jpeg"},{"@type":"BreadcrumbList","@id":"https:\/\/ic-invest.sk\/sk\/nehnutelnost\/viac-ako-10-rokov-investujeme-do-podhodnotenych-nehnutelnosti\/#breadcrumb","itemListElement":[{"@type":"ListItem","position":1,"name":"Domov","item":"https:\/\/ic-invest.sk\/sk\/"},{"@type":"ListItem","position":2,"name":"Invest\u00edcie do nehnute\u013enost\u00ed","item":"https:\/\/ic-invest.sk\/sk\/nehnutelnost\/"},{"@type":"ListItem","position":3,"name":"U\u017e viac ako 10 rokov investujeme do podhodnoten\u00fdch nehnute\u013enost\u00ed"}]},{"@type":"WebSite","@id":"https:\/\/ic-invest.sk\/sk\/#website","url":"https:\/\/ic-invest.sk\/sk\/","name":"I.C. Invest","description":"Spolo\u010dne vytvorte vzorec \u00faspechu","potentialAction":[{"@type":"SearchAction","target":{"@type":"EntryPoint","urlTemplate":"https:\/\/ic-invest.sk\/sk\/?s={search_term_string}"},"query-input":{"@type":"PropertyValueSpecification","valueRequired":true,"valueName":"search_term_string"}}],"inLanguage":"sk-SK"}]}},"_links":{"self":[{"href":"https:\/\/ic-invest.sk\/sk\/wp-json\/wp\/v2\/pages\/309","targetHints":{"allow":["GET"]}}],"collection":[{"href":"https:\/\/ic-invest.sk\/sk\/wp-json\/wp\/v2\/pages"}],"about":[{"href":"https:\/\/ic-invest.sk\/sk\/wp-json\/wp\/v2\/types\/page"}],"author":[{"embeddable":true,"href":"https:\/\/ic-invest.sk\/sk\/wp-json\/wp\/v2\/users\/1"}],"replies":[{"embeddable":true,"href":"https:\/\/ic-invest.sk\/sk\/wp-json\/wp\/v2\/comments?post=309"}],"version-history":[{"count":10,"href":"https:\/\/ic-invest.sk\/sk\/wp-json\/wp\/v2\/pages\/309\/revisions"}],"predecessor-version":[{"id":1674,"href":"https:\/\/ic-invest.sk\/sk\/wp-json\/wp\/v2\/pages\/309\/revisions\/1674"}],"up":[{"embeddable":true,"href":"https:\/\/ic-invest.sk\/sk\/wp-json\/wp\/v2\/pages\/169"}],"wp:attachment":[{"href":"https:\/\/ic-invest.sk\/sk\/wp-json\/wp\/v2\/media?parent=309"}],"curies":[{"name":"wp","href":"https:\/\/api.w.org\/{rel}","templated":true}]}}