{"id":321,"date":"2022-07-27T12:37:57","date_gmt":"2022-07-27T12:37:57","guid":{"rendered":"https:\/\/ic-invest.sk\/nehnutelnost\/s-vyuzitim-vlastneho-kapitalu-sme-uspesne-dokoncili-projekty-s-vynosmi-od-38-do-161\/"},"modified":"2022-10-02T12:40:44","modified_gmt":"2022-10-02T12:40:44","slug":"s-vyuzitim-vlastneho-kapitalu-sme-uspesne-dokoncili-projekty-s-vynosmi-od-38-do-161","status":"publish","type":"page","link":"https:\/\/ic-invest.sk\/sk\/nehnutelnost\/s-vyuzitim-vlastneho-kapitalu-sme-uspesne-dokoncili-projekty-s-vynosmi-od-38-do-161\/","title":{"rendered":"S vyu\u017eit\u00edm vlastn\u00e9ho kapit\u00e1lu sme \u00faspe\u0161ne dokon\u010dili projekty s n\u00e1vratnos\u0165ou od 28% do 121%."},"content":{"rendered":"\n<figure class=\"wp-block-image size-full\"><img decoding=\"async\" width=\"1412\" height=\"576\" data-src=\"https:\/\/ic-invest.sk\/wp-content\/uploads\/2022\/07\/overhead-shot-person-collecting-donations-church-black-white.jpg\" alt=\"\" class=\"wp-image-660 lazyload\" data-srcset=\"https:\/\/ic-invest.sk\/wp-content\/uploads\/2022\/07\/overhead-shot-person-collecting-donations-church-black-white.jpg 1412w, https:\/\/ic-invest.sk\/wp-content\/uploads\/2022\/07\/overhead-shot-person-collecting-donations-church-black-white-450x184.jpg 450w, https:\/\/ic-invest.sk\/wp-content\/uploads\/2022\/07\/overhead-shot-person-collecting-donations-church-black-white-690x281.jpg 690w, https:\/\/ic-invest.sk\/wp-content\/uploads\/2022\/07\/overhead-shot-person-collecting-donations-church-black-white-768x313.jpg 768w\" data-sizes=\"(max-width: 1412px) 100vw, 1412px\" src=\"data:image\/gif;base64,R0lGODlhAQABAAAAACH5BAEKAAEALAAAAAABAAEAAAICTAEAOw==\" style=\"--smush-placeholder-width: 1412px; --smush-placeholder-aspect-ratio: 1412\/576;\" \/><\/figure>\n\n<h3 class=\"wp-block-heading\">Pre\u010do investova\u0165 do nehnute\u013enost\u00ed na Slovensku?<\/h3>\n\n<p>Eur\u00f3pska \u00fania je priaznivou investi\u010dnou oblas\u0165ou. Slovensko &#8211; krajina s dynamickou ekonomikou a ve\u013ek\u00fdm neobjaven\u00fdm potenci\u00e1lom, ako \u010dlen E\u00da m\u00e1 vysok\u00fa investi\u010dn\u00fa atraktivitu. V s\u00fa\u010dasnosti m\u00e1 realitn\u00fd trh v Bratislave a na Slovensku vo v\u0161eobecnosti obrovsk\u00fd rast a dopyt po reziden\u010dn\u00fdch a komer\u010dn\u00fdch nehnute\u013enostiach, ktor\u00fd vysoko prevy\u0161uje ponuku, \u010do z tejto krajiny rob\u00ed najziskovej\u0161iu invest\u00edciu a jej geografick\u00e1 poloha v strede Eur\u00f3py poskytuje vysok\u00fa likviditu a spo\u013eahlivos\u0165 invest\u00edci\u00ed.<\/p>\n\n<p>V\u0161etky transakcie sa uskuto\u010d\u0148uj\u00fa v pr\u00e1vnej oblasti Eur\u00f3pskej \u00fanie, v\u010faka \u010domu s\u00fa investori najviac chr\u00e1nen\u00ed pred podvodmi a podvodmi.<\/p>\n\n<p>Po za\u010dlenen\u00ed Slovenska do E\u00da m\u00e1 ka\u017ed\u00fd cudzinec pr\u00e1vo na k\u00fapu nehnute\u013enosti v tejto krajine priamo, bez registr\u00e1cie pr\u00e1vnickej osoby. K\u00fapa nehnute\u013enosti v\u0161ak nie je dostato\u010dn\u00fdm z\u00e1kladom na z\u00edskanie povolenia na pobyt.<\/p>\n\n<p>\u0160t\u00e1tny program, ktor\u00fd by umo\u017enil cudzincom z\u00edska\u0165 povolenie na pobyt na Slovensku v\u00fdmenou za k\u00fapu nehnute\u013enosti, neexistuje. Tu v\u0161ak m\u00f4\u017eete z\u00edska\u0165 povolenie na pobyt otvoren\u00edm \u017eivnosti, \u010do je ur\u010dite jedna z v\u00fdhod v\u00fdberu Slovenska ako krajiny na investovanie.<\/p>\n\n<p>I.C. Invest s lok\u00e1lnou expert\u00edzou a glob\u00e1lnymi sk\u00fasenos\u0165ami na realitnom trhu Eur\u00f3pskej \u00fanie pom\u00e1ha investorom n\u00e1js\u0165 najvhodnej\u0161\u00ed a najzauj\u00edmavej\u0161\u00ed projekt pre invest\u00edciu na z\u00e1klade potrieb a finan\u010dn\u00fdch mo\u017enost\u00ed klienta.<\/p>\n","protected":false},"excerpt":{"rendered":"<p>Pre\u010do investova\u0165 do nehnute\u013enost\u00ed na Slovensku? Eur\u00f3pska \u00fania je priaznivou investi\u010dnou oblas\u0165ou. Slovensko &#8211; krajina s dynamickou ekonomikou a ve\u013ek\u00fdm neobjaven\u00fdm potenci\u00e1lom, ako \u010dlen E\u00da m\u00e1 vysok\u00fa investi\u010dn\u00fa atraktivitu. V s\u00fa\u010dasnosti m\u00e1 realitn\u00fd trh v Bratislave a na Slovensku vo v\u0161eobecnosti obrovsk\u00fd rast a dopyt po reziden\u010dn\u00fdch a komer\u010dn\u00fdch nehnute\u013enostiach, ktor\u00fd vysoko prevy\u0161uje ponuku, \u010do &hellip;<\/p>\n","protected":false},"author":1,"featured_media":0,"parent":169,"menu_order":0,"comment_status":"closed","ping_status":"closed","template":"page-activities.php","meta":{"_acf_changed":false,"footnotes":""},"class_list":["post-321","page","type-page","status-publish","hentry"],"acf":[],"yoast_head":"<!-- This site is optimized with the Yoast SEO plugin v25.0 - https:\/\/yoast.com\/wordpress\/plugins\/seo\/ -->\n<title>S vyu\u017eit\u00edm vlastn\u00e9ho kapit\u00e1lu sme \u00faspe\u0161ne dokon\u010dili projekty s n\u00e1vratnos\u0165ou od 28% do 121%. &#8211; I.C. Invest<\/title>\n<meta name=\"robots\" content=\"index, follow, max-snippet:-1, max-image-preview:large, max-video-preview:-1\" \/>\n<link rel=\"canonical\" href=\"https:\/\/ic-invest.sk\/sk\/nehnutelnost\/s-vyuzitim-vlastneho-kapitalu-sme-uspesne-dokoncili-projekty-s-vynosmi-od-38-do-161\/\" \/>\n<meta property=\"og:locale\" content=\"sk_SK\" \/>\n<meta property=\"og:type\" content=\"article\" \/>\n<meta property=\"og:title\" content=\"S vyu\u017eit\u00edm vlastn\u00e9ho kapit\u00e1lu sme \u00faspe\u0161ne dokon\u010dili projekty s n\u00e1vratnos\u0165ou od 28% do 121%. &#8211; I.C. Invest\" \/>\n<meta property=\"og:description\" content=\"Pre\u010do investova\u0165 do nehnute\u013enost\u00ed na Slovensku? Eur\u00f3pska \u00fania je priaznivou investi\u010dnou oblas\u0165ou. Slovensko &#8211; krajina s dynamickou ekonomikou a ve\u013ek\u00fdm neobjaven\u00fdm potenci\u00e1lom, ako \u010dlen E\u00da m\u00e1 vysok\u00fa investi\u010dn\u00fa atraktivitu. V s\u00fa\u010dasnosti m\u00e1 realitn\u00fd trh v Bratislave a na Slovensku vo v\u0161eobecnosti obrovsk\u00fd rast a dopyt po reziden\u010dn\u00fdch a komer\u010dn\u00fdch nehnute\u013enostiach, ktor\u00fd vysoko prevy\u0161uje ponuku, \u010do &hellip;\" \/>\n<meta property=\"og:url\" content=\"https:\/\/ic-invest.sk\/sk\/nehnutelnost\/s-vyuzitim-vlastneho-kapitalu-sme-uspesne-dokoncili-projekty-s-vynosmi-od-38-do-161\/\" \/>\n<meta property=\"og:site_name\" content=\"I.C. Invest\" \/>\n<meta property=\"article:modified_time\" content=\"2022-10-02T12:40:44+00:00\" \/>\n<meta property=\"og:image\" content=\"https:\/\/ic-invest.sk\/wp-content\/uploads\/2022\/07\/overhead-shot-person-collecting-donations-church-black-white.jpg\" \/>\n<meta name=\"twitter:card\" content=\"summary_large_image\" \/>\n<meta name=\"twitter:label1\" content=\"Predpokladan\u00fd \u010das \u010d\u00edtania\" \/>\n\t<meta name=\"twitter:data1\" content=\"1 min\u00fata\" \/>\n<script type=\"application\/ld+json\" class=\"yoast-schema-graph\">{\"@context\":\"https:\/\/schema.org\",\"@graph\":[{\"@type\":\"WebPage\",\"@id\":\"https:\/\/ic-invest.sk\/sk\/nehnutelnost\/s-vyuzitim-vlastneho-kapitalu-sme-uspesne-dokoncili-projekty-s-vynosmi-od-38-do-161\/\",\"url\":\"https:\/\/ic-invest.sk\/sk\/nehnutelnost\/s-vyuzitim-vlastneho-kapitalu-sme-uspesne-dokoncili-projekty-s-vynosmi-od-38-do-161\/\",\"name\":\"S vyu\u017eit\u00edm vlastn\u00e9ho kapit\u00e1lu sme \u00faspe\u0161ne dokon\u010dili projekty s n\u00e1vratnos\u0165ou od 28% do 121%. &#8211; I.C. Invest\",\"isPartOf\":{\"@id\":\"https:\/\/ic-invest.sk\/sk\/#website\"},\"primaryImageOfPage\":{\"@id\":\"https:\/\/ic-invest.sk\/sk\/nehnutelnost\/s-vyuzitim-vlastneho-kapitalu-sme-uspesne-dokoncili-projekty-s-vynosmi-od-38-do-161\/#primaryimage\"},\"image\":{\"@id\":\"https:\/\/ic-invest.sk\/sk\/nehnutelnost\/s-vyuzitim-vlastneho-kapitalu-sme-uspesne-dokoncili-projekty-s-vynosmi-od-38-do-161\/#primaryimage\"},\"thumbnailUrl\":\"https:\/\/ic-invest.sk\/wp-content\/uploads\/2022\/07\/overhead-shot-person-collecting-donations-church-black-white.jpg\",\"datePublished\":\"2022-07-27T12:37:57+00:00\",\"dateModified\":\"2022-10-02T12:40:44+00:00\",\"breadcrumb\":{\"@id\":\"https:\/\/ic-invest.sk\/sk\/nehnutelnost\/s-vyuzitim-vlastneho-kapitalu-sme-uspesne-dokoncili-projekty-s-vynosmi-od-38-do-161\/#breadcrumb\"},\"inLanguage\":\"sk-SK\",\"potentialAction\":[{\"@type\":\"ReadAction\",\"target\":[\"https:\/\/ic-invest.sk\/sk\/nehnutelnost\/s-vyuzitim-vlastneho-kapitalu-sme-uspesne-dokoncili-projekty-s-vynosmi-od-38-do-161\/\"]}]},{\"@type\":\"ImageObject\",\"inLanguage\":\"sk-SK\",\"@id\":\"https:\/\/ic-invest.sk\/sk\/nehnutelnost\/s-vyuzitim-vlastneho-kapitalu-sme-uspesne-dokoncili-projekty-s-vynosmi-od-38-do-161\/#primaryimage\",\"url\":\"https:\/\/ic-invest.sk\/wp-content\/uploads\/2022\/07\/overhead-shot-person-collecting-donations-church-black-white.jpg\",\"contentUrl\":\"https:\/\/ic-invest.sk\/wp-content\/uploads\/2022\/07\/overhead-shot-person-collecting-donations-church-black-white.jpg\"},{\"@type\":\"BreadcrumbList\",\"@id\":\"https:\/\/ic-invest.sk\/sk\/nehnutelnost\/s-vyuzitim-vlastneho-kapitalu-sme-uspesne-dokoncili-projekty-s-vynosmi-od-38-do-161\/#breadcrumb\",\"itemListElement\":[{\"@type\":\"ListItem\",\"position\":1,\"name\":\"Domov\",\"item\":\"https:\/\/ic-invest.sk\/sk\/\"},{\"@type\":\"ListItem\",\"position\":2,\"name\":\"Invest\u00edcie do nehnute\u013enost\u00ed\",\"item\":\"https:\/\/ic-invest.sk\/sk\/nehnutelnost\/\"},{\"@type\":\"ListItem\",\"position\":3,\"name\":\"S vyu\u017eit\u00edm vlastn\u00e9ho kapit\u00e1lu sme \u00faspe\u0161ne dokon\u010dili projekty s n\u00e1vratnos\u0165ou od 28% do 121%.\"}]},{\"@type\":\"WebSite\",\"@id\":\"https:\/\/ic-invest.sk\/sk\/#website\",\"url\":\"https:\/\/ic-invest.sk\/sk\/\",\"name\":\"I.C. Invest\",\"description\":\"Spolo\u010dne vytvorte vzorec \u00faspechu\",\"potentialAction\":[{\"@type\":\"SearchAction\",\"target\":{\"@type\":\"EntryPoint\",\"urlTemplate\":\"https:\/\/ic-invest.sk\/sk\/?s={search_term_string}\"},\"query-input\":{\"@type\":\"PropertyValueSpecification\",\"valueRequired\":true,\"valueName\":\"search_term_string\"}}],\"inLanguage\":\"sk-SK\"}]}<\/script>\n<!-- \/ Yoast SEO plugin. -->","yoast_head_json":{"title":"S vyu\u017eit\u00edm vlastn\u00e9ho kapit\u00e1lu sme \u00faspe\u0161ne dokon\u010dili projekty s n\u00e1vratnos\u0165ou od 28% do 121%. &#8211; I.C. Invest","robots":{"index":"index","follow":"follow","max-snippet":"max-snippet:-1","max-image-preview":"max-image-preview:large","max-video-preview":"max-video-preview:-1"},"canonical":"https:\/\/ic-invest.sk\/sk\/nehnutelnost\/s-vyuzitim-vlastneho-kapitalu-sme-uspesne-dokoncili-projekty-s-vynosmi-od-38-do-161\/","og_locale":"sk_SK","og_type":"article","og_title":"S vyu\u017eit\u00edm vlastn\u00e9ho kapit\u00e1lu sme \u00faspe\u0161ne dokon\u010dili projekty s n\u00e1vratnos\u0165ou od 28% do 121%. &#8211; I.C. Invest","og_description":"Pre\u010do investova\u0165 do nehnute\u013enost\u00ed na Slovensku? Eur\u00f3pska \u00fania je priaznivou investi\u010dnou oblas\u0165ou. Slovensko &#8211; krajina s dynamickou ekonomikou a ve\u013ek\u00fdm neobjaven\u00fdm potenci\u00e1lom, ako \u010dlen E\u00da m\u00e1 vysok\u00fa investi\u010dn\u00fa atraktivitu. V s\u00fa\u010dasnosti m\u00e1 realitn\u00fd trh v Bratislave a na Slovensku vo v\u0161eobecnosti obrovsk\u00fd rast a dopyt po reziden\u010dn\u00fdch a komer\u010dn\u00fdch nehnute\u013enostiach, ktor\u00fd vysoko prevy\u0161uje ponuku, \u010do &hellip;","og_url":"https:\/\/ic-invest.sk\/sk\/nehnutelnost\/s-vyuzitim-vlastneho-kapitalu-sme-uspesne-dokoncili-projekty-s-vynosmi-od-38-do-161\/","og_site_name":"I.C. Invest","article_modified_time":"2022-10-02T12:40:44+00:00","og_image":[{"url":"https:\/\/ic-invest.sk\/wp-content\/uploads\/2022\/07\/overhead-shot-person-collecting-donations-church-black-white.jpg","type":"","width":"","height":""}],"twitter_card":"summary_large_image","twitter_misc":{"Predpokladan\u00fd \u010das \u010d\u00edtania":"1 min\u00fata"},"schema":{"@context":"https:\/\/schema.org","@graph":[{"@type":"WebPage","@id":"https:\/\/ic-invest.sk\/sk\/nehnutelnost\/s-vyuzitim-vlastneho-kapitalu-sme-uspesne-dokoncili-projekty-s-vynosmi-od-38-do-161\/","url":"https:\/\/ic-invest.sk\/sk\/nehnutelnost\/s-vyuzitim-vlastneho-kapitalu-sme-uspesne-dokoncili-projekty-s-vynosmi-od-38-do-161\/","name":"S vyu\u017eit\u00edm vlastn\u00e9ho kapit\u00e1lu sme \u00faspe\u0161ne dokon\u010dili projekty s n\u00e1vratnos\u0165ou od 28% do 121%. &#8211; I.C. Invest","isPartOf":{"@id":"https:\/\/ic-invest.sk\/sk\/#website"},"primaryImageOfPage":{"@id":"https:\/\/ic-invest.sk\/sk\/nehnutelnost\/s-vyuzitim-vlastneho-kapitalu-sme-uspesne-dokoncili-projekty-s-vynosmi-od-38-do-161\/#primaryimage"},"image":{"@id":"https:\/\/ic-invest.sk\/sk\/nehnutelnost\/s-vyuzitim-vlastneho-kapitalu-sme-uspesne-dokoncili-projekty-s-vynosmi-od-38-do-161\/#primaryimage"},"thumbnailUrl":"https:\/\/ic-invest.sk\/wp-content\/uploads\/2022\/07\/overhead-shot-person-collecting-donations-church-black-white.jpg","datePublished":"2022-07-27T12:37:57+00:00","dateModified":"2022-10-02T12:40:44+00:00","breadcrumb":{"@id":"https:\/\/ic-invest.sk\/sk\/nehnutelnost\/s-vyuzitim-vlastneho-kapitalu-sme-uspesne-dokoncili-projekty-s-vynosmi-od-38-do-161\/#breadcrumb"},"inLanguage":"sk-SK","potentialAction":[{"@type":"ReadAction","target":["https:\/\/ic-invest.sk\/sk\/nehnutelnost\/s-vyuzitim-vlastneho-kapitalu-sme-uspesne-dokoncili-projekty-s-vynosmi-od-38-do-161\/"]}]},{"@type":"ImageObject","inLanguage":"sk-SK","@id":"https:\/\/ic-invest.sk\/sk\/nehnutelnost\/s-vyuzitim-vlastneho-kapitalu-sme-uspesne-dokoncili-projekty-s-vynosmi-od-38-do-161\/#primaryimage","url":"https:\/\/ic-invest.sk\/wp-content\/uploads\/2022\/07\/overhead-shot-person-collecting-donations-church-black-white.jpg","contentUrl":"https:\/\/ic-invest.sk\/wp-content\/uploads\/2022\/07\/overhead-shot-person-collecting-donations-church-black-white.jpg"},{"@type":"BreadcrumbList","@id":"https:\/\/ic-invest.sk\/sk\/nehnutelnost\/s-vyuzitim-vlastneho-kapitalu-sme-uspesne-dokoncili-projekty-s-vynosmi-od-38-do-161\/#breadcrumb","itemListElement":[{"@type":"ListItem","position":1,"name":"Domov","item":"https:\/\/ic-invest.sk\/sk\/"},{"@type":"ListItem","position":2,"name":"Invest\u00edcie do nehnute\u013enost\u00ed","item":"https:\/\/ic-invest.sk\/sk\/nehnutelnost\/"},{"@type":"ListItem","position":3,"name":"S vyu\u017eit\u00edm vlastn\u00e9ho kapit\u00e1lu sme \u00faspe\u0161ne dokon\u010dili projekty s n\u00e1vratnos\u0165ou od 28% do 121%."}]},{"@type":"WebSite","@id":"https:\/\/ic-invest.sk\/sk\/#website","url":"https:\/\/ic-invest.sk\/sk\/","name":"I.C. Invest","description":"Spolo\u010dne vytvorte vzorec \u00faspechu","potentialAction":[{"@type":"SearchAction","target":{"@type":"EntryPoint","urlTemplate":"https:\/\/ic-invest.sk\/sk\/?s={search_term_string}"},"query-input":{"@type":"PropertyValueSpecification","valueRequired":true,"valueName":"search_term_string"}}],"inLanguage":"sk-SK"}]}},"_links":{"self":[{"href":"https:\/\/ic-invest.sk\/sk\/wp-json\/wp\/v2\/pages\/321","targetHints":{"allow":["GET"]}}],"collection":[{"href":"https:\/\/ic-invest.sk\/sk\/wp-json\/wp\/v2\/pages"}],"about":[{"href":"https:\/\/ic-invest.sk\/sk\/wp-json\/wp\/v2\/types\/page"}],"author":[{"embeddable":true,"href":"https:\/\/ic-invest.sk\/sk\/wp-json\/wp\/v2\/users\/1"}],"replies":[{"embeddable":true,"href":"https:\/\/ic-invest.sk\/sk\/wp-json\/wp\/v2\/comments?post=321"}],"version-history":[{"count":10,"href":"https:\/\/ic-invest.sk\/sk\/wp-json\/wp\/v2\/pages\/321\/revisions"}],"predecessor-version":[{"id":1753,"href":"https:\/\/ic-invest.sk\/sk\/wp-json\/wp\/v2\/pages\/321\/revisions\/1753"}],"up":[{"embeddable":true,"href":"https:\/\/ic-invest.sk\/sk\/wp-json\/wp\/v2\/pages\/169"}],"wp:attachment":[{"href":"https:\/\/ic-invest.sk\/sk\/wp-json\/wp\/v2\/media?parent=321"}],"curies":[{"name":"wp","href":"https:\/\/api.w.org\/{rel}","templated":true}]}}