{"id":330,"date":"2022-07-27T12:39:29","date_gmt":"2022-07-27T12:39:29","guid":{"rendered":"https:\/\/ic-invest.sk\/it-kryptomena\/navrh-a-vyvoj-ui-ux\/"},"modified":"2022-10-02T14:55:56","modified_gmt":"2022-10-02T14:55:56","slug":"navrh-a-vyvoj-ui-ux","status":"publish","type":"page","link":"https:\/\/ic-invest.sk\/sk\/it-kryptomena\/navrh-a-vyvoj-ui-ux\/","title":{"rendered":"N\u00e1vrh a v\u00fdvoj UI\/UX"},"content":{"rendered":"\n<figure class=\"wp-block-image size-full\"><img decoding=\"async\" width=\"1920\" height=\"843\" data-src=\"https:\/\/ic-invest.sk\/wp-content\/uploads\/2022\/09\/03-05-landing.jpg\" alt=\"\" class=\"wp-image-1166 lazyload\" data-srcset=\"https:\/\/ic-invest.sk\/wp-content\/uploads\/2022\/09\/03-05-landing.jpg 1920w, https:\/\/ic-invest.sk\/wp-content\/uploads\/2022\/09\/03-05-landing-450x198.jpg 450w, https:\/\/ic-invest.sk\/wp-content\/uploads\/2022\/09\/03-05-landing-690x303.jpg 690w, https:\/\/ic-invest.sk\/wp-content\/uploads\/2022\/09\/03-05-landing-768x337.jpg 768w, https:\/\/ic-invest.sk\/wp-content\/uploads\/2022\/09\/03-05-landing-1536x674.jpg 1536w\" data-sizes=\"(max-width: 1920px) 100vw, 1920px\" src=\"data:image\/gif;base64,R0lGODlhAQABAAAAACH5BAEKAAEALAAAAAABAAEAAAICTAEAOw==\" style=\"--smush-placeholder-width: 1920px; --smush-placeholder-aspect-ratio: 1920\/843;\" \/><\/figure>\n\n<h3 class=\"wp-block-heading\">F\u00e1zy tvorby dizajnu UI\/UX aplik\u00e1cie<\/h3>\n\n<p><\/p>\n\n<div style=\"height:50px\" aria-hidden=\"true\" class=\"wp-block-spacer\"><\/div>\n\n<p style=\"font-size:28px\"><strong>1. Prieskum trhu a tvorba u\u017e\u00edvate\u013esk\u00e9ho profilu<\/strong><\/p>\n\n<p>V prvej f\u00e1ze mus\u00edte analyzova\u0165 trh a publikum v\u00e1\u0161ho produktu, identifikova\u0165 a \u0161tudova\u0165 ponuky konkurentov. Pos\u00fa\u010fte potreby svojich pou\u017e\u00edvate\u013eov tak, aby bol produkt pre nich \u010do najjednoduch\u0161\u00ed, najzrozumite\u013enej\u0161\u00ed a najpohodlnej\u0161\u00ed.<\/p>\n\n<p>Na z\u00e1klade toho sa zostav\u00ed portr\u00e9t pou\u017e\u00edvate\u013ea. Na z\u00e1klade v\u0161etk\u00fdch t\u00fdchto \u00fadajov, pochopenia cie\u013eov a po\u017eiadaviek pou\u017e\u00edvate\u013ea, je pre v\u00e1s jednoduch\u0161ie predv\u00edda\u0165 jeho spr\u00e1vanie a vytv\u00e1ra\u0165 \u010do najpohodlnej\u0161ie UX.<\/p>\n\n<div style=\"height:50px\" aria-hidden=\"true\" class=\"wp-block-spacer\"><\/div>\n\n<p style=\"font-size:28px\"><strong>2. Defin\u00edcia \u0161trukt\u00fary<\/strong><\/p>\n<div class=\"wp-block-image\">\n<figure class=\"aligncenter size-full is-resized\"><img decoding=\"async\" data-src=\"https:\/\/ic-invest.sk\/wp-content\/uploads\/2022\/10\/screenshoteasy-65.png\" alt=\"\" class=\"wp-image-1613 lazyload\" width=\"924\" data-srcset=\"https:\/\/ic-invest.sk\/wp-content\/uploads\/2022\/10\/screenshoteasy-65.png 1302w, https:\/\/ic-invest.sk\/wp-content\/uploads\/2022\/10\/screenshoteasy-65-450x253.png 450w, https:\/\/ic-invest.sk\/wp-content\/uploads\/2022\/10\/screenshoteasy-65-635x357.png 635w, https:\/\/ic-invest.sk\/wp-content\/uploads\/2022\/10\/screenshoteasy-65-768x432.png 768w\" data-sizes=\"(max-width: 1302px) 100vw, 1302px\" src=\"data:image\/gif;base64,R0lGODlhAQABAAAAACH5BAEKAAEALAAAAAABAAEAAAICTAEAOw==\" style=\"--smush-placeholder-width: 1302px; --smush-placeholder-aspect-ratio: 1302\/732;\" \/><\/figure><\/div>\n<p>\u010eal\u0161\u00edm krokom je definovanie informa\u010dnej \u0161trukt\u00fary v\u00e1\u0161ho produktu. <\/p>\n\n<p>V tomto kroku sa ur\u010duje architekt\u00fara v\u00e1\u0161ho bud\u00faceho produktu \u2013 \u010di to bude <a href=\"https:\/\/ic-invest.sk\/sk\/tvorba-vstupnych-stranok-na-zakazku-od-ic-invest-na-kluc\/\">jednoduch\u00e1 vstupn\u00e1 str\u00e1nka<\/a> alebo <a href=\"https:\/\/ic-invest.sk\/sk\/web-na-kluc\/\">plnohodnotn\u00fd web<\/a>. \u010ci u\u017e je potrebn\u00e9 vyvin\u00fa\u0165 samostatn\u00fa aplik\u00e1ciu alebo posta\u010d\u00ed adapt\u00edvna webov\u00e1 verzia. Vyberaj\u00fa sa <a href=\"https:\/\/ic-invest.sk\/sk\/najlepsie-platformy-na-vytvaranie-webovych-stranok-ktory-si-vybrat\/\">n\u00e1stroje a technol\u00f3gie<\/a>, ktor\u00e9 bud\u00fa pou\u017eit\u00e9 na v\u00fdvoj.<\/p>\n\n<p>V\u010faka spr\u00e1vnej \u0161trukt\u00fare je aplik\u00e1cia pre pou\u017e\u00edvate\u013eov pr\u00edstupnej\u0161ia a intuit\u00edvnej\u0161ia. <\/p>\n\n<div style=\"height:50px\" aria-hidden=\"true\" class=\"wp-block-spacer\"><\/div>\n\n<p style=\"font-size:28px\"><strong>3. Prototyp<\/strong><\/p>\n<div class=\"wp-block-image\">\n<figure class=\"aligncenter size-full is-resized\"><img decoding=\"async\" data-src=\"https:\/\/ic-invest.sk\/wp-content\/uploads\/2022\/09\/03-03-landing.jpg\" alt=\"\" class=\"wp-image-1137 lazyload\" width=\"924\" height=\"600\" src=\"data:image\/gif;base64,R0lGODlhAQABAAAAACH5BAEKAAEALAAAAAABAAEAAAICTAEAOw==\" style=\"--smush-placeholder-width: 924px; --smush-placeholder-aspect-ratio: 924\/600;\" \/><\/figure><\/div>\n<p>Po schv\u00e1len\u00ed architekt\u00fary a \u0161trukt\u00fary m\u00f4\u017eete za\u010da\u0165 vytv\u00e1ra\u0165 prototyp. Prototyp sl\u00fa\u017ei na demon\u0161tr\u00e1ciu klientom alebo investorom, alfa alebo beta testovanie aplik\u00e1cie.<\/p>\n\n<p>V prvom rade sa vytvor\u00ed m\u00e1lo detailn\u00fd wireframe \u2013 ide o hrub\u00fd pl\u00e1n obrazoviek aplik\u00e1ci\u00ed, ktor\u00fd demon\u0161truje, ako bude v\u0161etko fungova\u0165. Potom so schv\u00e1lenou \u0161trukt\u00farou a podrobn\u00fdm pl\u00e1nom obrazoviek sa vytvor\u00ed vysoko podrobn\u00fd dr\u00f4tov\u00fd model. Nesk\u00f4r sa vytvor\u00ed vizu\u00e1lny n\u00e1vrh, ktor\u00fd sa prelo\u017e\u00ed na schv\u00e1len\u00fd wireframe &#8211; v\u00fdsledkom je funk\u010dn\u00fd prototyp aplik\u00e1cie, ktor\u00fd je u\u017e mo\u017en\u00e9 otestova\u0165.<\/p>\n\n<div style=\"height:50px\" aria-hidden=\"true\" class=\"wp-block-spacer\"><\/div>\n\n<p style=\"font-size:28px\"><strong>4. Testovanie <\/strong><\/p>\n\n<p>Ke\u010f je prototyp hotov\u00fd, je \u010das ho otestova\u0165. Porovnan\u00edm v\u00fdsledku s va\u0161imi o\u010dak\u00e1vaniami pochop\u00edte, \u010do va\u0161ej aplik\u00e1cii ch\u00fdba. M\u00f4\u017eete ur\u010di\u0165, ktor\u00e9 funkcie by sa mali prida\u0165 a ktor\u00e9 mo\u017eno lep\u0161ie odstr\u00e1ni\u0165 alebo zmeni\u0165.<\/p>\n\n<p>V tejto f\u00e1ze m\u00f4\u017eete vykona\u0165 testovanie pou\u017eite\u013enosti &#8211; toto je sp\u00f4sob, ako pochopi\u0165, \u010di je rozhranie vhodn\u00e9. Be\u017en\u00ed pou\u017e\u00edvatelia s\u00fa vyzvan\u00ed, aby pracovali s produktom a sledovali, ako plnia \u00falohy a s ak\u00fdmi \u0165a\u017ekos\u0165ami sa pri tomto procese stret\u00e1vaj\u00fa.<\/p>\n\n<p>Existuje ve\u013ea mo\u017enost\u00ed, dokonca si m\u00f4\u017eete vytvori\u0165 svoj vlastn\u00fd jedine\u010dn\u00fd pr\u00edstup k testovaniu na z\u00e1klade potrieb v\u00e1\u0161ho projektu.<\/p>\n\n<div style=\"height:50px\" aria-hidden=\"true\" class=\"wp-block-spacer\"><\/div>\n\n<p style=\"font-size:28px\"><strong>5. Podpora a zber sp\u00e4tnej v\u00e4zby<\/strong><\/p>\n\n<p>Na kvalite a dizajne aplik\u00e1cie treba popracova\u0165 aj po vydan\u00ed. Aj ke\u010f u\u017e m\u00e1te otestovan\u00fd prototyp a vyvinut\u00fa funkcionalitu a v\u0161etko funguje skvele, mus\u00edte ho neust\u00e1le vylep\u0161ova\u0165, aby ste zostali l\u00eddrom na trhu a sp\u013a\u0148ali st\u00e1le rast\u00face potreby a z\u00e1ujmy pou\u017e\u00edvate\u013eov.<\/p>\n\n<p>Potrebujete z\u00edska\u0165 sp\u00e4tn\u00fa v\u00e4zbu od pou\u017e\u00edvate\u013eov aplik\u00e1cie! Ak to chcete urobi\u0165, pou\u017eite \u010do najviac kan\u00e1lov. Pom\u00f4\u017ee to identifikova\u0165 nedostatky va\u0161ej aplik\u00e1cie a n\u00e1pady na jej zlep\u0161enie v bud\u00facnosti!<\/p>\n\n<div style=\"height:50px\" aria-hidden=\"true\" class=\"wp-block-spacer\"><\/div>\n\n<p>Na\u0161i v\u00fdvoj\u00e1ri, dizajn\u00e9ri a projektov\u00ed mana\u017e\u00e9ri v\u00e1m pom\u00f4\u017eu vytvori\u0165 najlep\u0161ie UI\/UX, ktor\u00e9 sp\u013a\u0148a v\u0161etky obchodn\u00e9 po\u017eiadavky va\u0161ej aplik\u00e1cie, ako aj najnov\u0161ie v\u00fdvojov\u00e9 \u0161tandardy a postupy. <\/p>\n","protected":false},"excerpt":{"rendered":"<p>F\u00e1zy tvorby dizajnu UI\/UX aplik\u00e1cie 1. Prieskum trhu a tvorba u\u017e\u00edvate\u013esk\u00e9ho profilu V prvej f\u00e1ze mus\u00edte analyzova\u0165 trh a publikum v\u00e1\u0161ho produktu, identifikova\u0165 a \u0161tudova\u0165 ponuky konkurentov. Pos\u00fa\u010fte potreby svojich pou\u017e\u00edvate\u013eov tak, aby bol produkt pre nich \u010do najjednoduch\u0161\u00ed, najzrozumite\u013enej\u0161\u00ed a najpohodlnej\u0161\u00ed. Na z\u00e1klade toho sa zostav\u00ed portr\u00e9t pou\u017e\u00edvate\u013ea. Na z\u00e1klade v\u0161etk\u00fdch t\u00fdchto \u00fadajov, pochopenia &hellip;<\/p>\n","protected":false},"author":1,"featured_media":0,"parent":157,"menu_order":0,"comment_status":"closed","ping_status":"closed","template":"page-activities.php","meta":{"_acf_changed":false,"footnotes":""},"class_list":["post-330","page","type-page","status-publish","hentry"],"acf":[],"yoast_head":"<!-- This site is optimized with the Yoast SEO plugin v25.0 - https:\/\/yoast.com\/wordpress\/plugins\/seo\/ -->\n<title>N\u00e1vrh a v\u00fdvoj UI\/UX &#8211; I.C. Invest<\/title>\n<meta name=\"robots\" content=\"index, follow, max-snippet:-1, max-image-preview:large, max-video-preview:-1\" \/>\n<link rel=\"canonical\" href=\"https:\/\/ic-invest.sk\/sk\/it-kryptomena\/navrh-a-vyvoj-ui-ux\/\" \/>\n<meta property=\"og:locale\" content=\"sk_SK\" \/>\n<meta property=\"og:type\" content=\"article\" \/>\n<meta property=\"og:title\" content=\"N\u00e1vrh a v\u00fdvoj UI\/UX &#8211; I.C. Invest\" \/>\n<meta property=\"og:description\" content=\"F\u00e1zy tvorby dizajnu UI\/UX aplik\u00e1cie 1. Prieskum trhu a tvorba u\u017e\u00edvate\u013esk\u00e9ho profilu V prvej f\u00e1ze mus\u00edte analyzova\u0165 trh a publikum v\u00e1\u0161ho produktu, identifikova\u0165 a \u0161tudova\u0165 ponuky konkurentov. Pos\u00fa\u010fte potreby svojich pou\u017e\u00edvate\u013eov tak, aby bol produkt pre nich \u010do najjednoduch\u0161\u00ed, najzrozumite\u013enej\u0161\u00ed a najpohodlnej\u0161\u00ed. Na z\u00e1klade toho sa zostav\u00ed portr\u00e9t pou\u017e\u00edvate\u013ea. Na z\u00e1klade v\u0161etk\u00fdch t\u00fdchto \u00fadajov, pochopenia &hellip;\" \/>\n<meta property=\"og:url\" content=\"https:\/\/ic-invest.sk\/sk\/it-kryptomena\/navrh-a-vyvoj-ui-ux\/\" \/>\n<meta property=\"og:site_name\" content=\"I.C. Invest\" \/>\n<meta property=\"article:modified_time\" content=\"2022-10-02T14:55:56+00:00\" \/>\n<meta property=\"og:image\" content=\"https:\/\/ic-invest.sk\/wp-content\/uploads\/2022\/09\/03-05-landing.jpg\" \/>\n<meta name=\"twitter:card\" content=\"summary_large_image\" \/>\n<meta name=\"twitter:label1\" content=\"Predpokladan\u00fd \u010das \u010d\u00edtania\" \/>\n\t<meta name=\"twitter:data1\" content=\"3 min\u00faty\" \/>\n<script type=\"application\/ld+json\" class=\"yoast-schema-graph\">{\"@context\":\"https:\/\/schema.org\",\"@graph\":[{\"@type\":\"WebPage\",\"@id\":\"https:\/\/ic-invest.sk\/sk\/it-kryptomena\/navrh-a-vyvoj-ui-ux\/\",\"url\":\"https:\/\/ic-invest.sk\/sk\/it-kryptomena\/navrh-a-vyvoj-ui-ux\/\",\"name\":\"N\u00e1vrh a v\u00fdvoj UI\/UX &#8211; I.C. Invest\",\"isPartOf\":{\"@id\":\"https:\/\/ic-invest.sk\/sk\/#website\"},\"primaryImageOfPage\":{\"@id\":\"https:\/\/ic-invest.sk\/sk\/it-kryptomena\/navrh-a-vyvoj-ui-ux\/#primaryimage\"},\"image\":{\"@id\":\"https:\/\/ic-invest.sk\/sk\/it-kryptomena\/navrh-a-vyvoj-ui-ux\/#primaryimage\"},\"thumbnailUrl\":\"https:\/\/ic-invest.sk\/wp-content\/uploads\/2022\/09\/03-05-landing.jpg\",\"datePublished\":\"2022-07-27T12:39:29+00:00\",\"dateModified\":\"2022-10-02T14:55:56+00:00\",\"breadcrumb\":{\"@id\":\"https:\/\/ic-invest.sk\/sk\/it-kryptomena\/navrh-a-vyvoj-ui-ux\/#breadcrumb\"},\"inLanguage\":\"sk-SK\",\"potentialAction\":[{\"@type\":\"ReadAction\",\"target\":[\"https:\/\/ic-invest.sk\/sk\/it-kryptomena\/navrh-a-vyvoj-ui-ux\/\"]}]},{\"@type\":\"ImageObject\",\"inLanguage\":\"sk-SK\",\"@id\":\"https:\/\/ic-invest.sk\/sk\/it-kryptomena\/navrh-a-vyvoj-ui-ux\/#primaryimage\",\"url\":\"https:\/\/ic-invest.sk\/wp-content\/uploads\/2022\/09\/03-05-landing.jpg\",\"contentUrl\":\"https:\/\/ic-invest.sk\/wp-content\/uploads\/2022\/09\/03-05-landing.jpg\"},{\"@type\":\"BreadcrumbList\",\"@id\":\"https:\/\/ic-invest.sk\/sk\/it-kryptomena\/navrh-a-vyvoj-ui-ux\/#breadcrumb\",\"itemListElement\":[{\"@type\":\"ListItem\",\"position\":1,\"name\":\"Domov\",\"item\":\"https:\/\/ic-invest.sk\/sk\/\"},{\"@type\":\"ListItem\",\"position\":2,\"name\":\"IT &amp; kryptomena\",\"item\":\"https:\/\/ic-invest.sk\/sk\/it-kryptomena\/\"},{\"@type\":\"ListItem\",\"position\":3,\"name\":\"N\u00e1vrh a v\u00fdvoj UI\/UX\"}]},{\"@type\":\"WebSite\",\"@id\":\"https:\/\/ic-invest.sk\/sk\/#website\",\"url\":\"https:\/\/ic-invest.sk\/sk\/\",\"name\":\"I.C. Invest\",\"description\":\"Spolo\u010dne vytvorte vzorec \u00faspechu\",\"potentialAction\":[{\"@type\":\"SearchAction\",\"target\":{\"@type\":\"EntryPoint\",\"urlTemplate\":\"https:\/\/ic-invest.sk\/sk\/?s={search_term_string}\"},\"query-input\":{\"@type\":\"PropertyValueSpecification\",\"valueRequired\":true,\"valueName\":\"search_term_string\"}}],\"inLanguage\":\"sk-SK\"}]}<\/script>\n<!-- \/ Yoast SEO plugin. -->","yoast_head_json":{"title":"N\u00e1vrh a v\u00fdvoj UI\/UX &#8211; I.C. Invest","robots":{"index":"index","follow":"follow","max-snippet":"max-snippet:-1","max-image-preview":"max-image-preview:large","max-video-preview":"max-video-preview:-1"},"canonical":"https:\/\/ic-invest.sk\/sk\/it-kryptomena\/navrh-a-vyvoj-ui-ux\/","og_locale":"sk_SK","og_type":"article","og_title":"N\u00e1vrh a v\u00fdvoj UI\/UX &#8211; I.C. Invest","og_description":"F\u00e1zy tvorby dizajnu UI\/UX aplik\u00e1cie 1. Prieskum trhu a tvorba u\u017e\u00edvate\u013esk\u00e9ho profilu V prvej f\u00e1ze mus\u00edte analyzova\u0165 trh a publikum v\u00e1\u0161ho produktu, identifikova\u0165 a \u0161tudova\u0165 ponuky konkurentov. Pos\u00fa\u010fte potreby svojich pou\u017e\u00edvate\u013eov tak, aby bol produkt pre nich \u010do najjednoduch\u0161\u00ed, najzrozumite\u013enej\u0161\u00ed a najpohodlnej\u0161\u00ed. Na z\u00e1klade toho sa zostav\u00ed portr\u00e9t pou\u017e\u00edvate\u013ea. Na z\u00e1klade v\u0161etk\u00fdch t\u00fdchto \u00fadajov, pochopenia &hellip;","og_url":"https:\/\/ic-invest.sk\/sk\/it-kryptomena\/navrh-a-vyvoj-ui-ux\/","og_site_name":"I.C. Invest","article_modified_time":"2022-10-02T14:55:56+00:00","og_image":[{"url":"https:\/\/ic-invest.sk\/wp-content\/uploads\/2022\/09\/03-05-landing.jpg","type":"","width":"","height":""}],"twitter_card":"summary_large_image","twitter_misc":{"Predpokladan\u00fd \u010das \u010d\u00edtania":"3 min\u00faty"},"schema":{"@context":"https:\/\/schema.org","@graph":[{"@type":"WebPage","@id":"https:\/\/ic-invest.sk\/sk\/it-kryptomena\/navrh-a-vyvoj-ui-ux\/","url":"https:\/\/ic-invest.sk\/sk\/it-kryptomena\/navrh-a-vyvoj-ui-ux\/","name":"N\u00e1vrh a v\u00fdvoj UI\/UX &#8211; I.C. Invest","isPartOf":{"@id":"https:\/\/ic-invest.sk\/sk\/#website"},"primaryImageOfPage":{"@id":"https:\/\/ic-invest.sk\/sk\/it-kryptomena\/navrh-a-vyvoj-ui-ux\/#primaryimage"},"image":{"@id":"https:\/\/ic-invest.sk\/sk\/it-kryptomena\/navrh-a-vyvoj-ui-ux\/#primaryimage"},"thumbnailUrl":"https:\/\/ic-invest.sk\/wp-content\/uploads\/2022\/09\/03-05-landing.jpg","datePublished":"2022-07-27T12:39:29+00:00","dateModified":"2022-10-02T14:55:56+00:00","breadcrumb":{"@id":"https:\/\/ic-invest.sk\/sk\/it-kryptomena\/navrh-a-vyvoj-ui-ux\/#breadcrumb"},"inLanguage":"sk-SK","potentialAction":[{"@type":"ReadAction","target":["https:\/\/ic-invest.sk\/sk\/it-kryptomena\/navrh-a-vyvoj-ui-ux\/"]}]},{"@type":"ImageObject","inLanguage":"sk-SK","@id":"https:\/\/ic-invest.sk\/sk\/it-kryptomena\/navrh-a-vyvoj-ui-ux\/#primaryimage","url":"https:\/\/ic-invest.sk\/wp-content\/uploads\/2022\/09\/03-05-landing.jpg","contentUrl":"https:\/\/ic-invest.sk\/wp-content\/uploads\/2022\/09\/03-05-landing.jpg"},{"@type":"BreadcrumbList","@id":"https:\/\/ic-invest.sk\/sk\/it-kryptomena\/navrh-a-vyvoj-ui-ux\/#breadcrumb","itemListElement":[{"@type":"ListItem","position":1,"name":"Domov","item":"https:\/\/ic-invest.sk\/sk\/"},{"@type":"ListItem","position":2,"name":"IT &amp; kryptomena","item":"https:\/\/ic-invest.sk\/sk\/it-kryptomena\/"},{"@type":"ListItem","position":3,"name":"N\u00e1vrh a v\u00fdvoj UI\/UX"}]},{"@type":"WebSite","@id":"https:\/\/ic-invest.sk\/sk\/#website","url":"https:\/\/ic-invest.sk\/sk\/","name":"I.C. Invest","description":"Spolo\u010dne vytvorte vzorec \u00faspechu","potentialAction":[{"@type":"SearchAction","target":{"@type":"EntryPoint","urlTemplate":"https:\/\/ic-invest.sk\/sk\/?s={search_term_string}"},"query-input":{"@type":"PropertyValueSpecification","valueRequired":true,"valueName":"search_term_string"}}],"inLanguage":"sk-SK"}]}},"_links":{"self":[{"href":"https:\/\/ic-invest.sk\/sk\/wp-json\/wp\/v2\/pages\/330","targetHints":{"allow":["GET"]}}],"collection":[{"href":"https:\/\/ic-invest.sk\/sk\/wp-json\/wp\/v2\/pages"}],"about":[{"href":"https:\/\/ic-invest.sk\/sk\/wp-json\/wp\/v2\/types\/page"}],"author":[{"embeddable":true,"href":"https:\/\/ic-invest.sk\/sk\/wp-json\/wp\/v2\/users\/1"}],"replies":[{"embeddable":true,"href":"https:\/\/ic-invest.sk\/sk\/wp-json\/wp\/v2\/comments?post=330"}],"version-history":[{"count":4,"href":"https:\/\/ic-invest.sk\/sk\/wp-json\/wp\/v2\/pages\/330\/revisions"}],"predecessor-version":[{"id":1808,"href":"https:\/\/ic-invest.sk\/sk\/wp-json\/wp\/v2\/pages\/330\/revisions\/1808"}],"up":[{"embeddable":true,"href":"https:\/\/ic-invest.sk\/sk\/wp-json\/wp\/v2\/pages\/157"}],"wp:attachment":[{"href":"https:\/\/ic-invest.sk\/sk\/wp-json\/wp\/v2\/media?parent=330"}],"curies":[{"name":"wp","href":"https:\/\/api.w.org\/{rel}","templated":true}]}}