{"id":340,"date":"2022-07-27T12:40:07","date_gmt":"2022-07-27T12:40:07","guid":{"rendered":"https:\/\/ic-invest.sk\/it-kryptomena\/3d-graficky-dizajn\/"},"modified":"2022-10-02T14:31:53","modified_gmt":"2022-10-02T14:31:53","slug":"3d-graficky-dizajn","status":"publish","type":"page","link":"https:\/\/ic-invest.sk\/sk\/it-kryptomena\/3d-graficky-dizajn\/","title":{"rendered":"3D grafick\u00fd dizajn"},"content":{"rendered":"\n<figure class=\"wp-block-image size-full\"><img decoding=\"async\" width=\"1920\" height=\"1080\" data-src=\"https:\/\/ic-invest.sk\/wp-content\/uploads\/2022\/09\/top-view.jpeg\" alt=\"\" class=\"wp-image-1295 lazyload\" data-srcset=\"https:\/\/ic-invest.sk\/wp-content\/uploads\/2022\/09\/top-view.jpeg 1920w, https:\/\/ic-invest.sk\/wp-content\/uploads\/2022\/09\/top-view-450x253.jpeg 450w, https:\/\/ic-invest.sk\/wp-content\/uploads\/2022\/09\/top-view-635x357.jpeg 635w, https:\/\/ic-invest.sk\/wp-content\/uploads\/2022\/09\/top-view-768x432.jpeg 768w, https:\/\/ic-invest.sk\/wp-content\/uploads\/2022\/09\/top-view-1536x864.jpeg 1536w\" data-sizes=\"(max-width: 1920px) 100vw, 1920px\" src=\"data:image\/gif;base64,R0lGODlhAQABAAAAACH5BAEKAAEALAAAAAABAAEAAAICTAEAOw==\" style=\"--smush-placeholder-width: 1920px; --smush-placeholder-aspect-ratio: 1920\/1080;\" \/><\/figure>\n\n<h3 class=\"wp-block-heading\">3D vizualiz\u00e1cia<\/h3>\n\n<p><strong>3D vykres\u013eovanie<\/strong> je typ 3D po\u010d\u00edta\u010dovej grafiky. 3D vizualiz\u00e1cia v\u00e1m umo\u017en\u00ed vidie\u0165 ak\u00fdko\u013evek objekt so v\u0161etk\u00fdmi jeho detailmi, pozrie\u0165 sa na\u0148 z ak\u00e9hoko\u013evek uhla.<\/p>\n<div class=\"wp-block-image\">\n<figure class=\"aligncenter size-full is-resized\"><img decoding=\"async\" data-src=\"https:\/\/ic-invest.sk\/wp-content\/uploads\/2022\/09\/caffe2-1.png\" alt=\"\" class=\"wp-image-1289 lazyload\" width=\"924\" data-srcset=\"https:\/\/ic-invest.sk\/wp-content\/uploads\/2022\/09\/caffe2-1.png 1155w, https:\/\/ic-invest.sk\/wp-content\/uploads\/2022\/09\/caffe2-1-401x267.png 401w, https:\/\/ic-invest.sk\/wp-content\/uploads\/2022\/09\/caffe2-1-536x357.png 536w, https:\/\/ic-invest.sk\/wp-content\/uploads\/2022\/09\/caffe2-1-768x512.png 768w\" data-sizes=\"(max-width: 1155px) 100vw, 1155px\" src=\"data:image\/gif;base64,R0lGODlhAQABAAAAACH5BAEKAAEALAAAAAABAAEAAAICTAEAOw==\" style=\"--smush-placeholder-width: 1155px; --smush-placeholder-aspect-ratio: 1155\/770;\" \/><\/figure><\/div>\n<p>V\u00fdvoj 3D vizualiz\u00e1cie je jednou z hlavn\u00fdch a po\u010diato\u010dn\u00fdch et\u00e1p v stavebn\u00edctve, architekt\u00fare a in\u00fdch oblastiach \u013eudsk\u00e9ho \u017eivota. Umo\u017e\u0148uje v\u00e1m pozera\u0165 sa na svet \u0161ir\u0161ie a fant\u00e1zia v\u00e1m umo\u017e\u0148uje previes\u0165 tie najodv\u00e1\u017enej\u0161ie n\u00e1pady do reality. <\/p>\n\n<p>Dnes sa pred nami rozprestiera jasn\u00fd trojrozmern\u00fd svet, ktor\u00fd stiera hranice medzi realitou a fant\u00e1ziou. Na\u0161i dizajn\u00e9ri dok\u00e1\u017eu vytvori\u0165 \u00faplne ak\u00fdko\u013evek objekt, ktor\u00fd v \u017eivote ani neexistuje, ale urobia to tak, aby \u010dlovek v jeho existenciu uveril. Toto zariadenie m\u00f4\u017eeme zabudova\u0165 do existuj\u00facej infra\u0161trukt\u00fary, ako keby tam bolo dlh\u00e9 roky. <\/p>\n\n<p>V\u010faka modern\u00fdm technol\u00f3gi\u00e1m rob\u00edme kvalitn\u00e9 sn\u00edmky krajiny a budov pomocou letu kvadrokopt\u00e9rou alebo slu\u017eieb Google Earth, \u010do v\u00e1m umo\u017en\u00ed urobi\u0165 360\u00b0 poh\u013ead na v\u00e1\u0161 objekt, pribl\u00ed\u017ei\u0165 a oddiali\u0165 ho na \u013eubovo\u013en\u00fa vzdialenos\u0165, pozera\u0165 sa z ak\u00e9hoko\u013evek uhla , a to v\u0161etko je takmer na nerozoznanie od reality. Pomocou modern\u00e9ho softv\u00e9ru dok\u00e1\u017eeme v\u00e1\u0161 objekt pretvori\u0165 do virtu\u00e1lnej reality, v\u010faka \u010domu je pre kupuj\u00facich e\u0161te atrakt\u00edvnej\u0161\u00ed.<\/p>\n<div class=\"wp-block-image\">\n<figure class=\"aligncenter size-full is-resized\"><img decoding=\"async\" data-src=\"https:\/\/ic-invest.sk\/wp-content\/uploads\/2022\/09\/yard.jpeg\" alt=\"\" class=\"wp-image-1300 lazyload\" width=\"924\" data-srcset=\"https:\/\/ic-invest.sk\/wp-content\/uploads\/2022\/09\/yard.jpeg 1920w, https:\/\/ic-invest.sk\/wp-content\/uploads\/2022\/09\/yard-450x253.jpeg 450w, https:\/\/ic-invest.sk\/wp-content\/uploads\/2022\/09\/yard-635x357.jpeg 635w, https:\/\/ic-invest.sk\/wp-content\/uploads\/2022\/09\/yard-768x432.jpeg 768w, https:\/\/ic-invest.sk\/wp-content\/uploads\/2022\/09\/yard-1536x864.jpeg 1536w\" data-sizes=\"(max-width: 1920px) 100vw, 1920px\" src=\"data:image\/gif;base64,R0lGODlhAQABAAAAACH5BAEKAAEALAAAAAABAAEAAAICTAEAOw==\" style=\"--smush-placeholder-width: 1920px; --smush-placeholder-aspect-ratio: 1920\/1080;\" \/><\/figure><\/div>\n<div style=\"height:50px\" aria-hidden=\"true\" class=\"wp-block-spacer\"><\/div>\n\n<p>Na\u0161i odborn\u00edci v\u00e1m pom\u00f4\u017eu vytvori\u0165 jedine\u010dn\u00e9 n\u00e1vrhy <a href=\"https:\/\/ic-invest.sk\/sk\/vizualizacziya-interera-dlya-stroitelnyh-kompanij\/\">interi\u00e9ru a exteri\u00e9ru<\/a>, urobi\u0165 360\u00b0 poh\u013ead na va\u0161u nehnute\u013enos\u0165, pre \u010fal\u0161\u00ed interakt\u00edvny v\u00fdber bytov alebo prezeranie v okuliaroch virtu\u00e1lnej reality. <\/p>\n\n<p>Vyr\u00e1bame aj interakt\u00edvne 3D panor\u00e1my interi\u00e9ru s mo\u017enos\u0165ou prech\u00e1dza\u0165 z jednej do druhej jedn\u00fdm kliknut\u00edm my\u0161i. <\/p>\n\n<p>V na\u0161om ateli\u00e9ri 3D vizualiz\u00e1cie si m\u00f4\u017eete objedna\u0165 vizualiz\u00e1ciu akejko\u013evek zlo\u017eitosti. Spolupracujeme so stavebn\u00fdmi organiz\u00e1ciami, firmami, projek\u010dn\u00fdmi spolo\u010dnos\u0165ami a s\u00fakromn\u00fdmi architektmi a dizajn\u00e9rmi, ktor\u00ed chc\u00fa svoj projekt prezentova\u0165 skuto\u010dne ve\u013ekolep\u00fdm sp\u00f4sobom.<\/p>\n","protected":false},"excerpt":{"rendered":"<p>3D vizualiz\u00e1cia 3D vykres\u013eovanie je typ 3D po\u010d\u00edta\u010dovej grafiky. 3D vizualiz\u00e1cia v\u00e1m umo\u017en\u00ed vidie\u0165 ak\u00fdko\u013evek objekt so v\u0161etk\u00fdmi jeho detailmi, pozrie\u0165 sa na\u0148 z ak\u00e9hoko\u013evek uhla. V\u00fdvoj 3D vizualiz\u00e1cie je jednou z hlavn\u00fdch a po\u010diato\u010dn\u00fdch et\u00e1p v stavebn\u00edctve, architekt\u00fare a in\u00fdch oblastiach \u013eudsk\u00e9ho \u017eivota. Umo\u017e\u0148uje v\u00e1m pozera\u0165 sa na svet \u0161ir\u0161ie a fant\u00e1zia v\u00e1m umo\u017e\u0148uje &hellip;<\/p>\n","protected":false},"author":1,"featured_media":0,"parent":157,"menu_order":0,"comment_status":"closed","ping_status":"closed","template":"page-activities.php","meta":{"_acf_changed":false,"footnotes":""},"class_list":["post-340","page","type-page","status-publish","hentry"],"acf":[],"yoast_head":"<!-- This site is optimized with the Yoast SEO plugin v25.0 - https:\/\/yoast.com\/wordpress\/plugins\/seo\/ -->\n<title>3D grafick\u00fd dizajn &#8211; I.C. Invest<\/title>\n<meta name=\"robots\" content=\"index, follow, max-snippet:-1, max-image-preview:large, max-video-preview:-1\" \/>\n<link rel=\"canonical\" href=\"https:\/\/ic-invest.sk\/sk\/it-kryptomena\/3d-graficky-dizajn\/\" \/>\n<meta property=\"og:locale\" content=\"sk_SK\" \/>\n<meta property=\"og:type\" content=\"article\" \/>\n<meta property=\"og:title\" content=\"3D grafick\u00fd dizajn &#8211; I.C. Invest\" \/>\n<meta property=\"og:description\" content=\"3D vizualiz\u00e1cia 3D vykres\u013eovanie je typ 3D po\u010d\u00edta\u010dovej grafiky. 3D vizualiz\u00e1cia v\u00e1m umo\u017en\u00ed vidie\u0165 ak\u00fdko\u013evek objekt so v\u0161etk\u00fdmi jeho detailmi, pozrie\u0165 sa na\u0148 z ak\u00e9hoko\u013evek uhla. V\u00fdvoj 3D vizualiz\u00e1cie je jednou z hlavn\u00fdch a po\u010diato\u010dn\u00fdch et\u00e1p v stavebn\u00edctve, architekt\u00fare a in\u00fdch oblastiach \u013eudsk\u00e9ho \u017eivota. Umo\u017e\u0148uje v\u00e1m pozera\u0165 sa na svet \u0161ir\u0161ie a fant\u00e1zia v\u00e1m umo\u017e\u0148uje &hellip;\" \/>\n<meta property=\"og:url\" content=\"https:\/\/ic-invest.sk\/sk\/it-kryptomena\/3d-graficky-dizajn\/\" \/>\n<meta property=\"og:site_name\" content=\"I.C. Invest\" \/>\n<meta property=\"article:modified_time\" content=\"2022-10-02T14:31:53+00:00\" \/>\n<meta property=\"og:image\" content=\"https:\/\/ic-invest.sk\/wp-content\/uploads\/2022\/09\/top-view.jpeg\" \/>\n<meta name=\"twitter:card\" content=\"summary_large_image\" \/>\n<meta name=\"twitter:label1\" content=\"Predpokladan\u00fd \u010das \u010d\u00edtania\" \/>\n\t<meta name=\"twitter:data1\" content=\"2 min\u00faty\" \/>\n<script type=\"application\/ld+json\" class=\"yoast-schema-graph\">{\"@context\":\"https:\/\/schema.org\",\"@graph\":[{\"@type\":\"WebPage\",\"@id\":\"https:\/\/ic-invest.sk\/sk\/it-kryptomena\/3d-graficky-dizajn\/\",\"url\":\"https:\/\/ic-invest.sk\/sk\/it-kryptomena\/3d-graficky-dizajn\/\",\"name\":\"3D grafick\u00fd dizajn &#8211; I.C. Invest\",\"isPartOf\":{\"@id\":\"https:\/\/ic-invest.sk\/sk\/#website\"},\"primaryImageOfPage\":{\"@id\":\"https:\/\/ic-invest.sk\/sk\/it-kryptomena\/3d-graficky-dizajn\/#primaryimage\"},\"image\":{\"@id\":\"https:\/\/ic-invest.sk\/sk\/it-kryptomena\/3d-graficky-dizajn\/#primaryimage\"},\"thumbnailUrl\":\"https:\/\/ic-invest.sk\/wp-content\/uploads\/2022\/09\/top-view.jpeg\",\"datePublished\":\"2022-07-27T12:40:07+00:00\",\"dateModified\":\"2022-10-02T14:31:53+00:00\",\"breadcrumb\":{\"@id\":\"https:\/\/ic-invest.sk\/sk\/it-kryptomena\/3d-graficky-dizajn\/#breadcrumb\"},\"inLanguage\":\"sk-SK\",\"potentialAction\":[{\"@type\":\"ReadAction\",\"target\":[\"https:\/\/ic-invest.sk\/sk\/it-kryptomena\/3d-graficky-dizajn\/\"]}]},{\"@type\":\"ImageObject\",\"inLanguage\":\"sk-SK\",\"@id\":\"https:\/\/ic-invest.sk\/sk\/it-kryptomena\/3d-graficky-dizajn\/#primaryimage\",\"url\":\"https:\/\/ic-invest.sk\/wp-content\/uploads\/2022\/09\/top-view.jpeg\",\"contentUrl\":\"https:\/\/ic-invest.sk\/wp-content\/uploads\/2022\/09\/top-view.jpeg\"},{\"@type\":\"BreadcrumbList\",\"@id\":\"https:\/\/ic-invest.sk\/sk\/it-kryptomena\/3d-graficky-dizajn\/#breadcrumb\",\"itemListElement\":[{\"@type\":\"ListItem\",\"position\":1,\"name\":\"Domov\",\"item\":\"https:\/\/ic-invest.sk\/sk\/\"},{\"@type\":\"ListItem\",\"position\":2,\"name\":\"IT &amp; kryptomena\",\"item\":\"https:\/\/ic-invest.sk\/sk\/it-kryptomena\/\"},{\"@type\":\"ListItem\",\"position\":3,\"name\":\"3D grafick\u00fd dizajn\"}]},{\"@type\":\"WebSite\",\"@id\":\"https:\/\/ic-invest.sk\/sk\/#website\",\"url\":\"https:\/\/ic-invest.sk\/sk\/\",\"name\":\"I.C. Invest\",\"description\":\"Spolo\u010dne vytvorte vzorec \u00faspechu\",\"potentialAction\":[{\"@type\":\"SearchAction\",\"target\":{\"@type\":\"EntryPoint\",\"urlTemplate\":\"https:\/\/ic-invest.sk\/sk\/?s={search_term_string}\"},\"query-input\":{\"@type\":\"PropertyValueSpecification\",\"valueRequired\":true,\"valueName\":\"search_term_string\"}}],\"inLanguage\":\"sk-SK\"}]}<\/script>\n<!-- \/ Yoast SEO plugin. -->","yoast_head_json":{"title":"3D grafick\u00fd dizajn &#8211; I.C. Invest","robots":{"index":"index","follow":"follow","max-snippet":"max-snippet:-1","max-image-preview":"max-image-preview:large","max-video-preview":"max-video-preview:-1"},"canonical":"https:\/\/ic-invest.sk\/sk\/it-kryptomena\/3d-graficky-dizajn\/","og_locale":"sk_SK","og_type":"article","og_title":"3D grafick\u00fd dizajn &#8211; I.C. Invest","og_description":"3D vizualiz\u00e1cia 3D vykres\u013eovanie je typ 3D po\u010d\u00edta\u010dovej grafiky. 3D vizualiz\u00e1cia v\u00e1m umo\u017en\u00ed vidie\u0165 ak\u00fdko\u013evek objekt so v\u0161etk\u00fdmi jeho detailmi, pozrie\u0165 sa na\u0148 z ak\u00e9hoko\u013evek uhla. V\u00fdvoj 3D vizualiz\u00e1cie je jednou z hlavn\u00fdch a po\u010diato\u010dn\u00fdch et\u00e1p v stavebn\u00edctve, architekt\u00fare a in\u00fdch oblastiach \u013eudsk\u00e9ho \u017eivota. Umo\u017e\u0148uje v\u00e1m pozera\u0165 sa na svet \u0161ir\u0161ie a fant\u00e1zia v\u00e1m umo\u017e\u0148uje &hellip;","og_url":"https:\/\/ic-invest.sk\/sk\/it-kryptomena\/3d-graficky-dizajn\/","og_site_name":"I.C. Invest","article_modified_time":"2022-10-02T14:31:53+00:00","og_image":[{"url":"https:\/\/ic-invest.sk\/wp-content\/uploads\/2022\/09\/top-view.jpeg","type":"","width":"","height":""}],"twitter_card":"summary_large_image","twitter_misc":{"Predpokladan\u00fd \u010das \u010d\u00edtania":"2 min\u00faty"},"schema":{"@context":"https:\/\/schema.org","@graph":[{"@type":"WebPage","@id":"https:\/\/ic-invest.sk\/sk\/it-kryptomena\/3d-graficky-dizajn\/","url":"https:\/\/ic-invest.sk\/sk\/it-kryptomena\/3d-graficky-dizajn\/","name":"3D grafick\u00fd dizajn &#8211; I.C. Invest","isPartOf":{"@id":"https:\/\/ic-invest.sk\/sk\/#website"},"primaryImageOfPage":{"@id":"https:\/\/ic-invest.sk\/sk\/it-kryptomena\/3d-graficky-dizajn\/#primaryimage"},"image":{"@id":"https:\/\/ic-invest.sk\/sk\/it-kryptomena\/3d-graficky-dizajn\/#primaryimage"},"thumbnailUrl":"https:\/\/ic-invest.sk\/wp-content\/uploads\/2022\/09\/top-view.jpeg","datePublished":"2022-07-27T12:40:07+00:00","dateModified":"2022-10-02T14:31:53+00:00","breadcrumb":{"@id":"https:\/\/ic-invest.sk\/sk\/it-kryptomena\/3d-graficky-dizajn\/#breadcrumb"},"inLanguage":"sk-SK","potentialAction":[{"@type":"ReadAction","target":["https:\/\/ic-invest.sk\/sk\/it-kryptomena\/3d-graficky-dizajn\/"]}]},{"@type":"ImageObject","inLanguage":"sk-SK","@id":"https:\/\/ic-invest.sk\/sk\/it-kryptomena\/3d-graficky-dizajn\/#primaryimage","url":"https:\/\/ic-invest.sk\/wp-content\/uploads\/2022\/09\/top-view.jpeg","contentUrl":"https:\/\/ic-invest.sk\/wp-content\/uploads\/2022\/09\/top-view.jpeg"},{"@type":"BreadcrumbList","@id":"https:\/\/ic-invest.sk\/sk\/it-kryptomena\/3d-graficky-dizajn\/#breadcrumb","itemListElement":[{"@type":"ListItem","position":1,"name":"Domov","item":"https:\/\/ic-invest.sk\/sk\/"},{"@type":"ListItem","position":2,"name":"IT &amp; kryptomena","item":"https:\/\/ic-invest.sk\/sk\/it-kryptomena\/"},{"@type":"ListItem","position":3,"name":"3D grafick\u00fd dizajn"}]},{"@type":"WebSite","@id":"https:\/\/ic-invest.sk\/sk\/#website","url":"https:\/\/ic-invest.sk\/sk\/","name":"I.C. Invest","description":"Spolo\u010dne vytvorte vzorec \u00faspechu","potentialAction":[{"@type":"SearchAction","target":{"@type":"EntryPoint","urlTemplate":"https:\/\/ic-invest.sk\/sk\/?s={search_term_string}"},"query-input":{"@type":"PropertyValueSpecification","valueRequired":true,"valueName":"search_term_string"}}],"inLanguage":"sk-SK"}]}},"_links":{"self":[{"href":"https:\/\/ic-invest.sk\/sk\/wp-json\/wp\/v2\/pages\/340","targetHints":{"allow":["GET"]}}],"collection":[{"href":"https:\/\/ic-invest.sk\/sk\/wp-json\/wp\/v2\/pages"}],"about":[{"href":"https:\/\/ic-invest.sk\/sk\/wp-json\/wp\/v2\/types\/page"}],"author":[{"embeddable":true,"href":"https:\/\/ic-invest.sk\/sk\/wp-json\/wp\/v2\/users\/1"}],"replies":[{"embeddable":true,"href":"https:\/\/ic-invest.sk\/sk\/wp-json\/wp\/v2\/comments?post=340"}],"version-history":[{"count":5,"href":"https:\/\/ic-invest.sk\/sk\/wp-json\/wp\/v2\/pages\/340\/revisions"}],"predecessor-version":[{"id":1800,"href":"https:\/\/ic-invest.sk\/sk\/wp-json\/wp\/v2\/pages\/340\/revisions\/1800"}],"up":[{"embeddable":true,"href":"https:\/\/ic-invest.sk\/sk\/wp-json\/wp\/v2\/pages\/157"}],"wp:attachment":[{"href":"https:\/\/ic-invest.sk\/sk\/wp-json\/wp\/v2\/media?parent=340"}],"curies":[{"name":"wp","href":"https:\/\/api.w.org\/{rel}","templated":true}]}}