{"id":347,"date":"2022-07-27T12:40:33","date_gmt":"2022-07-27T12:40:33","guid":{"rendered":"https:\/\/ic-invest.sk\/it-kryptomena\/reklama-a-propagacia\/"},"modified":"2022-10-02T14:34:34","modified_gmt":"2022-10-02T14:34:34","slug":"reklama-a-propagacia","status":"publish","type":"page","link":"https:\/\/ic-invest.sk\/sk\/it-kryptomena\/reklama-a-propagacia\/","title":{"rendered":"Reklama a propag\u00e1cia"},"content":{"rendered":"\n<figure class=\"wp-block-image size-full\"><img decoding=\"async\" width=\"1920\" height=\"1280\" data-src=\"https:\/\/ic-invest.sk\/wp-content\/uploads\/2022\/09\/02-market-analitics.jpg\" alt=\"\" class=\"wp-image-926 lazyload\" data-srcset=\"https:\/\/ic-invest.sk\/wp-content\/uploads\/2022\/09\/02-market-analitics.jpg 1920w, https:\/\/ic-invest.sk\/wp-content\/uploads\/2022\/09\/02-market-analitics-401x267.jpg 401w, https:\/\/ic-invest.sk\/wp-content\/uploads\/2022\/09\/02-market-analitics-536x357.jpg 536w, https:\/\/ic-invest.sk\/wp-content\/uploads\/2022\/09\/02-market-analitics-768x512.jpg 768w, https:\/\/ic-invest.sk\/wp-content\/uploads\/2022\/09\/02-market-analitics-1536x1024.jpg 1536w\" data-sizes=\"(max-width: 1920px) 100vw, 1920px\" src=\"data:image\/gif;base64,R0lGODlhAQABAAAAACH5BAEKAAEALAAAAAABAAEAAAICTAEAOw==\" style=\"--smush-placeholder-width: 1920px; --smush-placeholder-aspect-ratio: 1920\/1280;\" \/><\/figure>\n\n<h3 class=\"wp-block-heading\">Reklama je motorom obchodu<\/h3>\n\n<p>Ani jeden modern\u00fd produkt sa nezaob\u00edde bez reklamy. Aby va\u0161e podnikanie \u00faspe\u0161ne fungovalo a prin\u00e1\u0161alo zisk, mus\u00ed by\u0165 na prv\u00fdch riadkoch vyh\u013ead\u00e1vac\u00edch str\u00e1nok.<\/p>\n\n<p>SEO optimaliz\u00e1cia je k\u013e\u00fa\u010dov\u00fdm n\u00e1strojom pri propag\u00e1cii v\u00e1\u0161ho produktu.<\/p>\n\n<p>Vytvorenie s\u00e9mantick\u00e9ho jadra, definovanie cie\u013eov\u00fdch skup\u00edn a vyu\u017eitie cielenej reklamy je to, \u010do je nevyhnutn\u00e9 pre kvalitn\u00fa a \u00faspe\u0161n\u00fa propag\u00e1ciu produktu.<\/p>\n","protected":false},"excerpt":{"rendered":"<p>Reklama je motorom obchodu Ani jeden modern\u00fd produkt sa nezaob\u00edde bez reklamy. Aby va\u0161e podnikanie \u00faspe\u0161ne fungovalo a prin\u00e1\u0161alo zisk, mus\u00ed by\u0165 na prv\u00fdch riadkoch vyh\u013ead\u00e1vac\u00edch str\u00e1nok. SEO optimaliz\u00e1cia je k\u013e\u00fa\u010dov\u00fdm n\u00e1strojom pri propag\u00e1cii v\u00e1\u0161ho produktu. Vytvorenie s\u00e9mantick\u00e9ho jadra, definovanie cie\u013eov\u00fdch skup\u00edn a vyu\u017eitie cielenej reklamy je to, \u010do je nevyhnutn\u00e9 pre kvalitn\u00fa a \u00faspe\u0161n\u00fa &hellip;<\/p>\n","protected":false},"author":1,"featured_media":0,"parent":157,"menu_order":0,"comment_status":"closed","ping_status":"closed","template":"page-activities.php","meta":{"_acf_changed":false,"footnotes":""},"class_list":["post-347","page","type-page","status-publish","hentry"],"acf":[],"yoast_head":"<!-- This site is optimized with the Yoast SEO plugin v25.0 - https:\/\/yoast.com\/wordpress\/plugins\/seo\/ -->\n<title>Reklama a propag\u00e1cia &#8211; I.C. Invest<\/title>\n<meta name=\"robots\" content=\"index, follow, max-snippet:-1, max-image-preview:large, max-video-preview:-1\" \/>\n<link rel=\"canonical\" href=\"https:\/\/ic-invest.sk\/sk\/it-kryptomena\/reklama-a-propagacia\/\" \/>\n<meta property=\"og:locale\" content=\"sk_SK\" \/>\n<meta property=\"og:type\" content=\"article\" \/>\n<meta property=\"og:title\" content=\"Reklama a propag\u00e1cia &#8211; I.C. Invest\" \/>\n<meta property=\"og:description\" content=\"Reklama je motorom obchodu Ani jeden modern\u00fd produkt sa nezaob\u00edde bez reklamy. Aby va\u0161e podnikanie \u00faspe\u0161ne fungovalo a prin\u00e1\u0161alo zisk, mus\u00ed by\u0165 na prv\u00fdch riadkoch vyh\u013ead\u00e1vac\u00edch str\u00e1nok. SEO optimaliz\u00e1cia je k\u013e\u00fa\u010dov\u00fdm n\u00e1strojom pri propag\u00e1cii v\u00e1\u0161ho produktu. Vytvorenie s\u00e9mantick\u00e9ho jadra, definovanie cie\u013eov\u00fdch skup\u00edn a vyu\u017eitie cielenej reklamy je to, \u010do je nevyhnutn\u00e9 pre kvalitn\u00fa a \u00faspe\u0161n\u00fa &hellip;\" \/>\n<meta property=\"og:url\" content=\"https:\/\/ic-invest.sk\/sk\/it-kryptomena\/reklama-a-propagacia\/\" \/>\n<meta property=\"og:site_name\" content=\"I.C. Invest\" \/>\n<meta property=\"article:modified_time\" content=\"2022-10-02T14:34:34+00:00\" \/>\n<meta property=\"og:image\" content=\"https:\/\/ic-invest.sk\/wp-content\/uploads\/2022\/09\/02-market-analitics.jpg\" \/>\n<meta name=\"twitter:card\" content=\"summary_large_image\" \/>\n<script type=\"application\/ld+json\" class=\"yoast-schema-graph\">{\"@context\":\"https:\/\/schema.org\",\"@graph\":[{\"@type\":\"WebPage\",\"@id\":\"https:\/\/ic-invest.sk\/sk\/it-kryptomena\/reklama-a-propagacia\/\",\"url\":\"https:\/\/ic-invest.sk\/sk\/it-kryptomena\/reklama-a-propagacia\/\",\"name\":\"Reklama a propag\u00e1cia &#8211; I.C. Invest\",\"isPartOf\":{\"@id\":\"https:\/\/ic-invest.sk\/sk\/#website\"},\"primaryImageOfPage\":{\"@id\":\"https:\/\/ic-invest.sk\/sk\/it-kryptomena\/reklama-a-propagacia\/#primaryimage\"},\"image\":{\"@id\":\"https:\/\/ic-invest.sk\/sk\/it-kryptomena\/reklama-a-propagacia\/#primaryimage\"},\"thumbnailUrl\":\"https:\/\/ic-invest.sk\/wp-content\/uploads\/2022\/09\/02-market-analitics.jpg\",\"datePublished\":\"2022-07-27T12:40:33+00:00\",\"dateModified\":\"2022-10-02T14:34:34+00:00\",\"breadcrumb\":{\"@id\":\"https:\/\/ic-invest.sk\/sk\/it-kryptomena\/reklama-a-propagacia\/#breadcrumb\"},\"inLanguage\":\"sk-SK\",\"potentialAction\":[{\"@type\":\"ReadAction\",\"target\":[\"https:\/\/ic-invest.sk\/sk\/it-kryptomena\/reklama-a-propagacia\/\"]}]},{\"@type\":\"ImageObject\",\"inLanguage\":\"sk-SK\",\"@id\":\"https:\/\/ic-invest.sk\/sk\/it-kryptomena\/reklama-a-propagacia\/#primaryimage\",\"url\":\"https:\/\/ic-invest.sk\/wp-content\/uploads\/2022\/09\/02-market-analitics.jpg\",\"contentUrl\":\"https:\/\/ic-invest.sk\/wp-content\/uploads\/2022\/09\/02-market-analitics.jpg\"},{\"@type\":\"BreadcrumbList\",\"@id\":\"https:\/\/ic-invest.sk\/sk\/it-kryptomena\/reklama-a-propagacia\/#breadcrumb\",\"itemListElement\":[{\"@type\":\"ListItem\",\"position\":1,\"name\":\"Domov\",\"item\":\"https:\/\/ic-invest.sk\/sk\/\"},{\"@type\":\"ListItem\",\"position\":2,\"name\":\"IT &amp; kryptomena\",\"item\":\"https:\/\/ic-invest.sk\/sk\/it-kryptomena\/\"},{\"@type\":\"ListItem\",\"position\":3,\"name\":\"Reklama a propag\u00e1cia\"}]},{\"@type\":\"WebSite\",\"@id\":\"https:\/\/ic-invest.sk\/sk\/#website\",\"url\":\"https:\/\/ic-invest.sk\/sk\/\",\"name\":\"I.C. Invest\",\"description\":\"Spolo\u010dne vytvorte vzorec \u00faspechu\",\"potentialAction\":[{\"@type\":\"SearchAction\",\"target\":{\"@type\":\"EntryPoint\",\"urlTemplate\":\"https:\/\/ic-invest.sk\/sk\/?s={search_term_string}\"},\"query-input\":{\"@type\":\"PropertyValueSpecification\",\"valueRequired\":true,\"valueName\":\"search_term_string\"}}],\"inLanguage\":\"sk-SK\"}]}<\/script>\n<!-- \/ Yoast SEO plugin. -->","yoast_head_json":{"title":"Reklama a propag\u00e1cia &#8211; I.C. Invest","robots":{"index":"index","follow":"follow","max-snippet":"max-snippet:-1","max-image-preview":"max-image-preview:large","max-video-preview":"max-video-preview:-1"},"canonical":"https:\/\/ic-invest.sk\/sk\/it-kryptomena\/reklama-a-propagacia\/","og_locale":"sk_SK","og_type":"article","og_title":"Reklama a propag\u00e1cia &#8211; I.C. Invest","og_description":"Reklama je motorom obchodu Ani jeden modern\u00fd produkt sa nezaob\u00edde bez reklamy. Aby va\u0161e podnikanie \u00faspe\u0161ne fungovalo a prin\u00e1\u0161alo zisk, mus\u00ed by\u0165 na prv\u00fdch riadkoch vyh\u013ead\u00e1vac\u00edch str\u00e1nok. SEO optimaliz\u00e1cia je k\u013e\u00fa\u010dov\u00fdm n\u00e1strojom pri propag\u00e1cii v\u00e1\u0161ho produktu. Vytvorenie s\u00e9mantick\u00e9ho jadra, definovanie cie\u013eov\u00fdch skup\u00edn a vyu\u017eitie cielenej reklamy je to, \u010do je nevyhnutn\u00e9 pre kvalitn\u00fa a \u00faspe\u0161n\u00fa &hellip;","og_url":"https:\/\/ic-invest.sk\/sk\/it-kryptomena\/reklama-a-propagacia\/","og_site_name":"I.C. Invest","article_modified_time":"2022-10-02T14:34:34+00:00","og_image":[{"url":"https:\/\/ic-invest.sk\/wp-content\/uploads\/2022\/09\/02-market-analitics.jpg","type":"","width":"","height":""}],"twitter_card":"summary_large_image","schema":{"@context":"https:\/\/schema.org","@graph":[{"@type":"WebPage","@id":"https:\/\/ic-invest.sk\/sk\/it-kryptomena\/reklama-a-propagacia\/","url":"https:\/\/ic-invest.sk\/sk\/it-kryptomena\/reklama-a-propagacia\/","name":"Reklama a propag\u00e1cia &#8211; I.C. Invest","isPartOf":{"@id":"https:\/\/ic-invest.sk\/sk\/#website"},"primaryImageOfPage":{"@id":"https:\/\/ic-invest.sk\/sk\/it-kryptomena\/reklama-a-propagacia\/#primaryimage"},"image":{"@id":"https:\/\/ic-invest.sk\/sk\/it-kryptomena\/reklama-a-propagacia\/#primaryimage"},"thumbnailUrl":"https:\/\/ic-invest.sk\/wp-content\/uploads\/2022\/09\/02-market-analitics.jpg","datePublished":"2022-07-27T12:40:33+00:00","dateModified":"2022-10-02T14:34:34+00:00","breadcrumb":{"@id":"https:\/\/ic-invest.sk\/sk\/it-kryptomena\/reklama-a-propagacia\/#breadcrumb"},"inLanguage":"sk-SK","potentialAction":[{"@type":"ReadAction","target":["https:\/\/ic-invest.sk\/sk\/it-kryptomena\/reklama-a-propagacia\/"]}]},{"@type":"ImageObject","inLanguage":"sk-SK","@id":"https:\/\/ic-invest.sk\/sk\/it-kryptomena\/reklama-a-propagacia\/#primaryimage","url":"https:\/\/ic-invest.sk\/wp-content\/uploads\/2022\/09\/02-market-analitics.jpg","contentUrl":"https:\/\/ic-invest.sk\/wp-content\/uploads\/2022\/09\/02-market-analitics.jpg"},{"@type":"BreadcrumbList","@id":"https:\/\/ic-invest.sk\/sk\/it-kryptomena\/reklama-a-propagacia\/#breadcrumb","itemListElement":[{"@type":"ListItem","position":1,"name":"Domov","item":"https:\/\/ic-invest.sk\/sk\/"},{"@type":"ListItem","position":2,"name":"IT &amp; kryptomena","item":"https:\/\/ic-invest.sk\/sk\/it-kryptomena\/"},{"@type":"ListItem","position":3,"name":"Reklama a propag\u00e1cia"}]},{"@type":"WebSite","@id":"https:\/\/ic-invest.sk\/sk\/#website","url":"https:\/\/ic-invest.sk\/sk\/","name":"I.C. Invest","description":"Spolo\u010dne vytvorte vzorec \u00faspechu","potentialAction":[{"@type":"SearchAction","target":{"@type":"EntryPoint","urlTemplate":"https:\/\/ic-invest.sk\/sk\/?s={search_term_string}"},"query-input":{"@type":"PropertyValueSpecification","valueRequired":true,"valueName":"search_term_string"}}],"inLanguage":"sk-SK"}]}},"_links":{"self":[{"href":"https:\/\/ic-invest.sk\/sk\/wp-json\/wp\/v2\/pages\/347","targetHints":{"allow":["GET"]}}],"collection":[{"href":"https:\/\/ic-invest.sk\/sk\/wp-json\/wp\/v2\/pages"}],"about":[{"href":"https:\/\/ic-invest.sk\/sk\/wp-json\/wp\/v2\/types\/page"}],"author":[{"embeddable":true,"href":"https:\/\/ic-invest.sk\/sk\/wp-json\/wp\/v2\/users\/1"}],"replies":[{"embeddable":true,"href":"https:\/\/ic-invest.sk\/sk\/wp-json\/wp\/v2\/comments?post=347"}],"version-history":[{"count":3,"href":"https:\/\/ic-invest.sk\/sk\/wp-json\/wp\/v2\/pages\/347\/revisions"}],"predecessor-version":[{"id":1802,"href":"https:\/\/ic-invest.sk\/sk\/wp-json\/wp\/v2\/pages\/347\/revisions\/1802"}],"up":[{"embeddable":true,"href":"https:\/\/ic-invest.sk\/sk\/wp-json\/wp\/v2\/pages\/157"}],"wp:attachment":[{"href":"https:\/\/ic-invest.sk\/sk\/wp-json\/wp\/v2\/media?parent=347"}],"curies":[{"name":"wp","href":"https:\/\/api.w.org\/{rel}","templated":true}]}}