{"id":357,"date":"2022-07-27T12:41:05","date_gmt":"2022-07-27T12:41:05","guid":{"rendered":"https:\/\/ic-invest.sk\/it-kryptomena\/aplikacie\/"},"modified":"2022-10-02T14:37:47","modified_gmt":"2022-10-02T14:37:47","slug":"aplikacie","status":"publish","type":"page","link":"https:\/\/ic-invest.sk\/sk\/it-kryptomena\/aplikacie\/","title":{"rendered":"Aplik\u00e1cie"},"content":{"rendered":"\n<figure class=\"wp-block-image size-full\"><img decoding=\"async\" width=\"1920\" height=\"1024\" data-src=\"https:\/\/ic-invest.sk\/wp-content\/uploads\/2022\/09\/03-04-landing.jpg\" alt=\"\" class=\"wp-image-1143 lazyload\" data-srcset=\"https:\/\/ic-invest.sk\/wp-content\/uploads\/2022\/09\/03-04-landing.jpg 1920w, https:\/\/ic-invest.sk\/wp-content\/uploads\/2022\/09\/03-04-landing-450x240.jpg 450w, https:\/\/ic-invest.sk\/wp-content\/uploads\/2022\/09\/03-04-landing-669x357.jpg 669w, https:\/\/ic-invest.sk\/wp-content\/uploads\/2022\/09\/03-04-landing-768x410.jpg 768w, https:\/\/ic-invest.sk\/wp-content\/uploads\/2022\/09\/03-04-landing-1536x819.jpg 1536w\" data-sizes=\"(max-width: 1920px) 100vw, 1920px\" src=\"data:image\/gif;base64,R0lGODlhAQABAAAAACH5BAEKAAEALAAAAAABAAEAAAICTAEAOw==\" style=\"--smush-placeholder-width: 1920px; --smush-placeholder-aspect-ratio: 1920\/1024;\" \/><\/figure>\n\n<h3 class=\"wp-block-heading\">V\u00fdvoj mobiln\u00fdch aplik\u00e1ci\u00ed<\/h3>\n\n<p>Kvalitn\u00e1 mobiln\u00e1 aplik\u00e1cia m\u00e1 jedine\u010dn\u00fd dizajn, jednoduch\u00fa a intuit\u00edvnu funk\u010dnos\u0165, u\u017e\u00edvate\u013esky pr\u00edvetiv\u00e9 rozhranie a vysok\u00fa r\u00fdchlos\u0165 pr\u00e1ce.<\/p>\n\n<p>Vytv\u00e1rame mobiln\u00e9 aplik\u00e1cie, ktor\u00e9 zar\u00e1baj\u00fa peniaze.<\/p>\n\n<p>Dnes m\u00e1 ka\u017ed\u00fd \u010dlovek smartf\u00f3n a ak v\u00e1\u0161 produkt nie je dostupn\u00fd z mobiln\u00fdch zariaden\u00ed, zv\u00e1\u017ete, \u017ee nie je na trhu, preto\u017ee viac ako polovica v\u0161etk\u00fdch po\u017eiadaviek poch\u00e1dza z mobiln\u00fdch zariaden\u00ed.<\/p>\n\n<p>Modern\u00fd produkt by mal by\u0165 dostupn\u00fd odkia\u013eko\u013evek na svete len nieko\u013ek\u00fdmi kliknutiami na obrazovke telef\u00f3nu.<\/p>\n\n<p>Na\u0161i odborn\u00edci pre v\u00e1s vyvin\u00fa aplik\u00e1ciu, ktor\u00e1 bude sp\u013a\u0148a\u0165 v\u0161etky po\u017eiadavky v\u00e1\u0161ho podnikania.<\/p>\n","protected":false},"excerpt":{"rendered":"<p>V\u00fdvoj mobiln\u00fdch aplik\u00e1ci\u00ed Kvalitn\u00e1 mobiln\u00e1 aplik\u00e1cia m\u00e1 jedine\u010dn\u00fd dizajn, jednoduch\u00fa a intuit\u00edvnu funk\u010dnos\u0165, u\u017e\u00edvate\u013esky pr\u00edvetiv\u00e9 rozhranie a vysok\u00fa r\u00fdchlos\u0165 pr\u00e1ce. Vytv\u00e1rame mobiln\u00e9 aplik\u00e1cie, ktor\u00e9 zar\u00e1baj\u00fa peniaze. Dnes m\u00e1 ka\u017ed\u00fd \u010dlovek smartf\u00f3n a ak v\u00e1\u0161 produkt nie je dostupn\u00fd z mobiln\u00fdch zariaden\u00ed, zv\u00e1\u017ete, \u017ee nie je na trhu, preto\u017ee viac ako polovica v\u0161etk\u00fdch po\u017eiadaviek poch\u00e1dza z &hellip;<\/p>\n","protected":false},"author":1,"featured_media":0,"parent":157,"menu_order":0,"comment_status":"closed","ping_status":"closed","template":"page-activities.php","meta":{"_acf_changed":false,"footnotes":""},"class_list":["post-357","page","type-page","status-publish","hentry"],"acf":[],"yoast_head":"<!-- This site is optimized with the Yoast SEO plugin v25.0 - https:\/\/yoast.com\/wordpress\/plugins\/seo\/ -->\n<title>Aplik\u00e1cie &#8211; I.C. Invest<\/title>\n<meta name=\"robots\" content=\"index, follow, max-snippet:-1, max-image-preview:large, max-video-preview:-1\" \/>\n<link rel=\"canonical\" href=\"https:\/\/ic-invest.sk\/sk\/it-kryptomena\/aplikacie\/\" \/>\n<meta property=\"og:locale\" content=\"sk_SK\" \/>\n<meta property=\"og:type\" content=\"article\" \/>\n<meta property=\"og:title\" content=\"Aplik\u00e1cie &#8211; I.C. Invest\" \/>\n<meta property=\"og:description\" content=\"V\u00fdvoj mobiln\u00fdch aplik\u00e1ci\u00ed Kvalitn\u00e1 mobiln\u00e1 aplik\u00e1cia m\u00e1 jedine\u010dn\u00fd dizajn, jednoduch\u00fa a intuit\u00edvnu funk\u010dnos\u0165, u\u017e\u00edvate\u013esky pr\u00edvetiv\u00e9 rozhranie a vysok\u00fa r\u00fdchlos\u0165 pr\u00e1ce. Vytv\u00e1rame mobiln\u00e9 aplik\u00e1cie, ktor\u00e9 zar\u00e1baj\u00fa peniaze. Dnes m\u00e1 ka\u017ed\u00fd \u010dlovek smartf\u00f3n a ak v\u00e1\u0161 produkt nie je dostupn\u00fd z mobiln\u00fdch zariaden\u00ed, zv\u00e1\u017ete, \u017ee nie je na trhu, preto\u017ee viac ako polovica v\u0161etk\u00fdch po\u017eiadaviek poch\u00e1dza z &hellip;\" \/>\n<meta property=\"og:url\" content=\"https:\/\/ic-invest.sk\/sk\/it-kryptomena\/aplikacie\/\" \/>\n<meta property=\"og:site_name\" content=\"I.C. Invest\" \/>\n<meta property=\"article:modified_time\" content=\"2022-10-02T14:37:47+00:00\" \/>\n<meta property=\"og:image\" content=\"https:\/\/ic-invest.sk\/wp-content\/uploads\/2022\/09\/03-04-landing.jpg\" \/>\n<meta name=\"twitter:card\" content=\"summary_large_image\" \/>\n<meta name=\"twitter:label1\" content=\"Predpokladan\u00fd \u010das \u010d\u00edtania\" \/>\n\t<meta name=\"twitter:data1\" content=\"1 min\u00fata\" \/>\n<script type=\"application\/ld+json\" class=\"yoast-schema-graph\">{\"@context\":\"https:\/\/schema.org\",\"@graph\":[{\"@type\":\"WebPage\",\"@id\":\"https:\/\/ic-invest.sk\/sk\/it-kryptomena\/aplikacie\/\",\"url\":\"https:\/\/ic-invest.sk\/sk\/it-kryptomena\/aplikacie\/\",\"name\":\"Aplik\u00e1cie &#8211; I.C. Invest\",\"isPartOf\":{\"@id\":\"https:\/\/ic-invest.sk\/sk\/#website\"},\"primaryImageOfPage\":{\"@id\":\"https:\/\/ic-invest.sk\/sk\/it-kryptomena\/aplikacie\/#primaryimage\"},\"image\":{\"@id\":\"https:\/\/ic-invest.sk\/sk\/it-kryptomena\/aplikacie\/#primaryimage\"},\"thumbnailUrl\":\"https:\/\/ic-invest.sk\/wp-content\/uploads\/2022\/09\/03-04-landing.jpg\",\"datePublished\":\"2022-07-27T12:41:05+00:00\",\"dateModified\":\"2022-10-02T14:37:47+00:00\",\"breadcrumb\":{\"@id\":\"https:\/\/ic-invest.sk\/sk\/it-kryptomena\/aplikacie\/#breadcrumb\"},\"inLanguage\":\"sk-SK\",\"potentialAction\":[{\"@type\":\"ReadAction\",\"target\":[\"https:\/\/ic-invest.sk\/sk\/it-kryptomena\/aplikacie\/\"]}]},{\"@type\":\"ImageObject\",\"inLanguage\":\"sk-SK\",\"@id\":\"https:\/\/ic-invest.sk\/sk\/it-kryptomena\/aplikacie\/#primaryimage\",\"url\":\"https:\/\/ic-invest.sk\/wp-content\/uploads\/2022\/09\/03-04-landing.jpg\",\"contentUrl\":\"https:\/\/ic-invest.sk\/wp-content\/uploads\/2022\/09\/03-04-landing.jpg\"},{\"@type\":\"BreadcrumbList\",\"@id\":\"https:\/\/ic-invest.sk\/sk\/it-kryptomena\/aplikacie\/#breadcrumb\",\"itemListElement\":[{\"@type\":\"ListItem\",\"position\":1,\"name\":\"Domov\",\"item\":\"https:\/\/ic-invest.sk\/sk\/\"},{\"@type\":\"ListItem\",\"position\":2,\"name\":\"IT &amp; kryptomena\",\"item\":\"https:\/\/ic-invest.sk\/sk\/it-kryptomena\/\"},{\"@type\":\"ListItem\",\"position\":3,\"name\":\"Aplik\u00e1cie\"}]},{\"@type\":\"WebSite\",\"@id\":\"https:\/\/ic-invest.sk\/sk\/#website\",\"url\":\"https:\/\/ic-invest.sk\/sk\/\",\"name\":\"I.C. Invest\",\"description\":\"Spolo\u010dne vytvorte vzorec \u00faspechu\",\"potentialAction\":[{\"@type\":\"SearchAction\",\"target\":{\"@type\":\"EntryPoint\",\"urlTemplate\":\"https:\/\/ic-invest.sk\/sk\/?s={search_term_string}\"},\"query-input\":{\"@type\":\"PropertyValueSpecification\",\"valueRequired\":true,\"valueName\":\"search_term_string\"}}],\"inLanguage\":\"sk-SK\"}]}<\/script>\n<!-- \/ Yoast SEO plugin. -->","yoast_head_json":{"title":"Aplik\u00e1cie &#8211; I.C. Invest","robots":{"index":"index","follow":"follow","max-snippet":"max-snippet:-1","max-image-preview":"max-image-preview:large","max-video-preview":"max-video-preview:-1"},"canonical":"https:\/\/ic-invest.sk\/sk\/it-kryptomena\/aplikacie\/","og_locale":"sk_SK","og_type":"article","og_title":"Aplik\u00e1cie &#8211; I.C. Invest","og_description":"V\u00fdvoj mobiln\u00fdch aplik\u00e1ci\u00ed Kvalitn\u00e1 mobiln\u00e1 aplik\u00e1cia m\u00e1 jedine\u010dn\u00fd dizajn, jednoduch\u00fa a intuit\u00edvnu funk\u010dnos\u0165, u\u017e\u00edvate\u013esky pr\u00edvetiv\u00e9 rozhranie a vysok\u00fa r\u00fdchlos\u0165 pr\u00e1ce. Vytv\u00e1rame mobiln\u00e9 aplik\u00e1cie, ktor\u00e9 zar\u00e1baj\u00fa peniaze. Dnes m\u00e1 ka\u017ed\u00fd \u010dlovek smartf\u00f3n a ak v\u00e1\u0161 produkt nie je dostupn\u00fd z mobiln\u00fdch zariaden\u00ed, zv\u00e1\u017ete, \u017ee nie je na trhu, preto\u017ee viac ako polovica v\u0161etk\u00fdch po\u017eiadaviek poch\u00e1dza z &hellip;","og_url":"https:\/\/ic-invest.sk\/sk\/it-kryptomena\/aplikacie\/","og_site_name":"I.C. Invest","article_modified_time":"2022-10-02T14:37:47+00:00","og_image":[{"url":"https:\/\/ic-invest.sk\/wp-content\/uploads\/2022\/09\/03-04-landing.jpg","type":"","width":"","height":""}],"twitter_card":"summary_large_image","twitter_misc":{"Predpokladan\u00fd \u010das \u010d\u00edtania":"1 min\u00fata"},"schema":{"@context":"https:\/\/schema.org","@graph":[{"@type":"WebPage","@id":"https:\/\/ic-invest.sk\/sk\/it-kryptomena\/aplikacie\/","url":"https:\/\/ic-invest.sk\/sk\/it-kryptomena\/aplikacie\/","name":"Aplik\u00e1cie &#8211; I.C. Invest","isPartOf":{"@id":"https:\/\/ic-invest.sk\/sk\/#website"},"primaryImageOfPage":{"@id":"https:\/\/ic-invest.sk\/sk\/it-kryptomena\/aplikacie\/#primaryimage"},"image":{"@id":"https:\/\/ic-invest.sk\/sk\/it-kryptomena\/aplikacie\/#primaryimage"},"thumbnailUrl":"https:\/\/ic-invest.sk\/wp-content\/uploads\/2022\/09\/03-04-landing.jpg","datePublished":"2022-07-27T12:41:05+00:00","dateModified":"2022-10-02T14:37:47+00:00","breadcrumb":{"@id":"https:\/\/ic-invest.sk\/sk\/it-kryptomena\/aplikacie\/#breadcrumb"},"inLanguage":"sk-SK","potentialAction":[{"@type":"ReadAction","target":["https:\/\/ic-invest.sk\/sk\/it-kryptomena\/aplikacie\/"]}]},{"@type":"ImageObject","inLanguage":"sk-SK","@id":"https:\/\/ic-invest.sk\/sk\/it-kryptomena\/aplikacie\/#primaryimage","url":"https:\/\/ic-invest.sk\/wp-content\/uploads\/2022\/09\/03-04-landing.jpg","contentUrl":"https:\/\/ic-invest.sk\/wp-content\/uploads\/2022\/09\/03-04-landing.jpg"},{"@type":"BreadcrumbList","@id":"https:\/\/ic-invest.sk\/sk\/it-kryptomena\/aplikacie\/#breadcrumb","itemListElement":[{"@type":"ListItem","position":1,"name":"Domov","item":"https:\/\/ic-invest.sk\/sk\/"},{"@type":"ListItem","position":2,"name":"IT &amp; kryptomena","item":"https:\/\/ic-invest.sk\/sk\/it-kryptomena\/"},{"@type":"ListItem","position":3,"name":"Aplik\u00e1cie"}]},{"@type":"WebSite","@id":"https:\/\/ic-invest.sk\/sk\/#website","url":"https:\/\/ic-invest.sk\/sk\/","name":"I.C. Invest","description":"Spolo\u010dne vytvorte vzorec \u00faspechu","potentialAction":[{"@type":"SearchAction","target":{"@type":"EntryPoint","urlTemplate":"https:\/\/ic-invest.sk\/sk\/?s={search_term_string}"},"query-input":{"@type":"PropertyValueSpecification","valueRequired":true,"valueName":"search_term_string"}}],"inLanguage":"sk-SK"}]}},"_links":{"self":[{"href":"https:\/\/ic-invest.sk\/sk\/wp-json\/wp\/v2\/pages\/357","targetHints":{"allow":["GET"]}}],"collection":[{"href":"https:\/\/ic-invest.sk\/sk\/wp-json\/wp\/v2\/pages"}],"about":[{"href":"https:\/\/ic-invest.sk\/sk\/wp-json\/wp\/v2\/types\/page"}],"author":[{"embeddable":true,"href":"https:\/\/ic-invest.sk\/sk\/wp-json\/wp\/v2\/users\/1"}],"replies":[{"embeddable":true,"href":"https:\/\/ic-invest.sk\/sk\/wp-json\/wp\/v2\/comments?post=357"}],"version-history":[{"count":3,"href":"https:\/\/ic-invest.sk\/sk\/wp-json\/wp\/v2\/pages\/357\/revisions"}],"predecessor-version":[{"id":1804,"href":"https:\/\/ic-invest.sk\/sk\/wp-json\/wp\/v2\/pages\/357\/revisions\/1804"}],"up":[{"embeddable":true,"href":"https:\/\/ic-invest.sk\/sk\/wp-json\/wp\/v2\/pages\/157"}],"wp:attachment":[{"href":"https:\/\/ic-invest.sk\/sk\/wp-json\/wp\/v2\/media?parent=357"}],"curies":[{"name":"wp","href":"https:\/\/api.w.org\/{rel}","templated":true}]}}