{"id":362,"date":"2022-07-27T12:41:52","date_gmt":"2022-07-27T12:41:52","guid":{"rendered":"https:\/\/ic-invest.sk\/it-kryptomena\/kriptomena\/"},"modified":"2022-10-02T14:41:55","modified_gmt":"2022-10-02T14:41:55","slug":"kriptomena","status":"publish","type":"page","link":"https:\/\/ic-invest.sk\/sk\/it-kryptomena\/kriptomena\/","title":{"rendered":"Kryptomena"},"content":{"rendered":"\n<figure class=\"wp-block-image size-full\"><img decoding=\"async\" width=\"1436\" height=\"847\" data-src=\"https:\/\/ic-invest.sk\/wp-content\/uploads\/2022\/07\/investment.jpg\" alt=\"\" class=\"wp-image-696 lazyload\" data-srcset=\"https:\/\/ic-invest.sk\/wp-content\/uploads\/2022\/07\/investment.jpg 1436w, https:\/\/ic-invest.sk\/wp-content\/uploads\/2022\/07\/investment-450x265.jpg 450w, https:\/\/ic-invest.sk\/wp-content\/uploads\/2022\/07\/investment-605x357.jpg 605w, https:\/\/ic-invest.sk\/wp-content\/uploads\/2022\/07\/investment-768x453.jpg 768w\" data-sizes=\"(max-width: 1436px) 100vw, 1436px\" src=\"data:image\/gif;base64,R0lGODlhAQABAAAAACH5BAEKAAEALAAAAAABAAEAAAICTAEAOw==\" style=\"--smush-placeholder-width: 1436px; --smush-placeholder-aspect-ratio: 1436\/847;\" \/><\/figure>\n\n<h3 class=\"wp-block-heading\">\u010co potrebujete vedie\u0165 ako prv\u00e9<\/h3>\n\n<p><\/p>\n","protected":false},"excerpt":{"rendered":"<p>\u010co potrebujete vedie\u0165 ako prv\u00e9<\/p>\n","protected":false},"author":1,"featured_media":0,"parent":157,"menu_order":0,"comment_status":"closed","ping_status":"closed","template":"page-activities.php","meta":{"_acf_changed":false,"footnotes":""},"class_list":["post-362","page","type-page","status-publish","hentry"],"acf":[],"yoast_head":"<!-- This site is optimized with the Yoast SEO plugin v25.0 - https:\/\/yoast.com\/wordpress\/plugins\/seo\/ -->\n<title>Kryptomena &#8211; I.C. Invest<\/title>\n<meta name=\"robots\" content=\"index, follow, max-snippet:-1, max-image-preview:large, max-video-preview:-1\" \/>\n<link rel=\"canonical\" href=\"https:\/\/ic-invest.sk\/sk\/it-kryptomena\/kriptomena\/\" \/>\n<meta property=\"og:locale\" content=\"sk_SK\" \/>\n<meta property=\"og:type\" content=\"article\" \/>\n<meta property=\"og:title\" content=\"Kryptomena &#8211; I.C. Invest\" \/>\n<meta property=\"og:description\" content=\"\u010co potrebujete vedie\u0165 ako prv\u00e9\" \/>\n<meta property=\"og:url\" content=\"https:\/\/ic-invest.sk\/sk\/it-kryptomena\/kriptomena\/\" \/>\n<meta property=\"og:site_name\" content=\"I.C. Invest\" \/>\n<meta property=\"article:modified_time\" content=\"2022-10-02T14:41:55+00:00\" \/>\n<meta property=\"og:image\" content=\"https:\/\/ic-invest.sk\/wp-content\/uploads\/2022\/07\/investment.jpg\" \/>\n<meta name=\"twitter:card\" content=\"summary_large_image\" \/>\n<script type=\"application\/ld+json\" class=\"yoast-schema-graph\">{\"@context\":\"https:\/\/schema.org\",\"@graph\":[{\"@type\":\"WebPage\",\"@id\":\"https:\/\/ic-invest.sk\/sk\/it-kryptomena\/kriptomena\/\",\"url\":\"https:\/\/ic-invest.sk\/sk\/it-kryptomena\/kriptomena\/\",\"name\":\"Kryptomena &#8211; I.C. Invest\",\"isPartOf\":{\"@id\":\"https:\/\/ic-invest.sk\/sk\/#website\"},\"primaryImageOfPage\":{\"@id\":\"https:\/\/ic-invest.sk\/sk\/it-kryptomena\/kriptomena\/#primaryimage\"},\"image\":{\"@id\":\"https:\/\/ic-invest.sk\/sk\/it-kryptomena\/kriptomena\/#primaryimage\"},\"thumbnailUrl\":\"https:\/\/ic-invest.sk\/wp-content\/uploads\/2022\/07\/investment.jpg\",\"datePublished\":\"2022-07-27T12:41:52+00:00\",\"dateModified\":\"2022-10-02T14:41:55+00:00\",\"breadcrumb\":{\"@id\":\"https:\/\/ic-invest.sk\/sk\/it-kryptomena\/kriptomena\/#breadcrumb\"},\"inLanguage\":\"sk-SK\",\"potentialAction\":[{\"@type\":\"ReadAction\",\"target\":[\"https:\/\/ic-invest.sk\/sk\/it-kryptomena\/kriptomena\/\"]}]},{\"@type\":\"ImageObject\",\"inLanguage\":\"sk-SK\",\"@id\":\"https:\/\/ic-invest.sk\/sk\/it-kryptomena\/kriptomena\/#primaryimage\",\"url\":\"https:\/\/ic-invest.sk\/wp-content\/uploads\/2022\/07\/investment.jpg\",\"contentUrl\":\"https:\/\/ic-invest.sk\/wp-content\/uploads\/2022\/07\/investment.jpg\"},{\"@type\":\"BreadcrumbList\",\"@id\":\"https:\/\/ic-invest.sk\/sk\/it-kryptomena\/kriptomena\/#breadcrumb\",\"itemListElement\":[{\"@type\":\"ListItem\",\"position\":1,\"name\":\"Domov\",\"item\":\"https:\/\/ic-invest.sk\/sk\/\"},{\"@type\":\"ListItem\",\"position\":2,\"name\":\"IT &amp; kryptomena\",\"item\":\"https:\/\/ic-invest.sk\/sk\/it-kryptomena\/\"},{\"@type\":\"ListItem\",\"position\":3,\"name\":\"Kryptomena\"}]},{\"@type\":\"WebSite\",\"@id\":\"https:\/\/ic-invest.sk\/sk\/#website\",\"url\":\"https:\/\/ic-invest.sk\/sk\/\",\"name\":\"I.C. Invest\",\"description\":\"Spolo\u010dne vytvorte vzorec \u00faspechu\",\"potentialAction\":[{\"@type\":\"SearchAction\",\"target\":{\"@type\":\"EntryPoint\",\"urlTemplate\":\"https:\/\/ic-invest.sk\/sk\/?s={search_term_string}\"},\"query-input\":{\"@type\":\"PropertyValueSpecification\",\"valueRequired\":true,\"valueName\":\"search_term_string\"}}],\"inLanguage\":\"sk-SK\"}]}<\/script>\n<!-- \/ Yoast SEO plugin. -->","yoast_head_json":{"title":"Kryptomena &#8211; I.C. Invest","robots":{"index":"index","follow":"follow","max-snippet":"max-snippet:-1","max-image-preview":"max-image-preview:large","max-video-preview":"max-video-preview:-1"},"canonical":"https:\/\/ic-invest.sk\/sk\/it-kryptomena\/kriptomena\/","og_locale":"sk_SK","og_type":"article","og_title":"Kryptomena &#8211; I.C. Invest","og_description":"\u010co potrebujete vedie\u0165 ako prv\u00e9","og_url":"https:\/\/ic-invest.sk\/sk\/it-kryptomena\/kriptomena\/","og_site_name":"I.C. Invest","article_modified_time":"2022-10-02T14:41:55+00:00","og_image":[{"url":"https:\/\/ic-invest.sk\/wp-content\/uploads\/2022\/07\/investment.jpg","type":"","width":"","height":""}],"twitter_card":"summary_large_image","schema":{"@context":"https:\/\/schema.org","@graph":[{"@type":"WebPage","@id":"https:\/\/ic-invest.sk\/sk\/it-kryptomena\/kriptomena\/","url":"https:\/\/ic-invest.sk\/sk\/it-kryptomena\/kriptomena\/","name":"Kryptomena &#8211; I.C. Invest","isPartOf":{"@id":"https:\/\/ic-invest.sk\/sk\/#website"},"primaryImageOfPage":{"@id":"https:\/\/ic-invest.sk\/sk\/it-kryptomena\/kriptomena\/#primaryimage"},"image":{"@id":"https:\/\/ic-invest.sk\/sk\/it-kryptomena\/kriptomena\/#primaryimage"},"thumbnailUrl":"https:\/\/ic-invest.sk\/wp-content\/uploads\/2022\/07\/investment.jpg","datePublished":"2022-07-27T12:41:52+00:00","dateModified":"2022-10-02T14:41:55+00:00","breadcrumb":{"@id":"https:\/\/ic-invest.sk\/sk\/it-kryptomena\/kriptomena\/#breadcrumb"},"inLanguage":"sk-SK","potentialAction":[{"@type":"ReadAction","target":["https:\/\/ic-invest.sk\/sk\/it-kryptomena\/kriptomena\/"]}]},{"@type":"ImageObject","inLanguage":"sk-SK","@id":"https:\/\/ic-invest.sk\/sk\/it-kryptomena\/kriptomena\/#primaryimage","url":"https:\/\/ic-invest.sk\/wp-content\/uploads\/2022\/07\/investment.jpg","contentUrl":"https:\/\/ic-invest.sk\/wp-content\/uploads\/2022\/07\/investment.jpg"},{"@type":"BreadcrumbList","@id":"https:\/\/ic-invest.sk\/sk\/it-kryptomena\/kriptomena\/#breadcrumb","itemListElement":[{"@type":"ListItem","position":1,"name":"Domov","item":"https:\/\/ic-invest.sk\/sk\/"},{"@type":"ListItem","position":2,"name":"IT &amp; kryptomena","item":"https:\/\/ic-invest.sk\/sk\/it-kryptomena\/"},{"@type":"ListItem","position":3,"name":"Kryptomena"}]},{"@type":"WebSite","@id":"https:\/\/ic-invest.sk\/sk\/#website","url":"https:\/\/ic-invest.sk\/sk\/","name":"I.C. Invest","description":"Spolo\u010dne vytvorte vzorec \u00faspechu","potentialAction":[{"@type":"SearchAction","target":{"@type":"EntryPoint","urlTemplate":"https:\/\/ic-invest.sk\/sk\/?s={search_term_string}"},"query-input":{"@type":"PropertyValueSpecification","valueRequired":true,"valueName":"search_term_string"}}],"inLanguage":"sk-SK"}]}},"_links":{"self":[{"href":"https:\/\/ic-invest.sk\/sk\/wp-json\/wp\/v2\/pages\/362","targetHints":{"allow":["GET"]}}],"collection":[{"href":"https:\/\/ic-invest.sk\/sk\/wp-json\/wp\/v2\/pages"}],"about":[{"href":"https:\/\/ic-invest.sk\/sk\/wp-json\/wp\/v2\/types\/page"}],"author":[{"embeddable":true,"href":"https:\/\/ic-invest.sk\/sk\/wp-json\/wp\/v2\/users\/1"}],"replies":[{"embeddable":true,"href":"https:\/\/ic-invest.sk\/sk\/wp-json\/wp\/v2\/comments?post=362"}],"version-history":[{"count":3,"href":"https:\/\/ic-invest.sk\/sk\/wp-json\/wp\/v2\/pages\/362\/revisions"}],"predecessor-version":[{"id":1806,"href":"https:\/\/ic-invest.sk\/sk\/wp-json\/wp\/v2\/pages\/362\/revisions\/1806"}],"up":[{"embeddable":true,"href":"https:\/\/ic-invest.sk\/sk\/wp-json\/wp\/v2\/pages\/157"}],"wp:attachment":[{"href":"https:\/\/ic-invest.sk\/sk\/wp-json\/wp\/v2\/media?parent=362"}],"curies":[{"name":"wp","href":"https:\/\/api.w.org\/{rel}","templated":true}]}}